{"id":990,"date":"2017-04-16T14:45:32","date_gmt":"2017-04-16T13:45:32","guid":{"rendered":"http:\/\/www.ajecta.fr\/?page_id=990"},"modified":"2021-08-31T12:09:53","modified_gmt":"2021-08-31T11:09:53","slug":"nos-prestations","status":"publish","type":"page","link":"https:\/\/www.ajecta.fr\/?page_id=990","title":{"rendered":"Nos activit\u00e9s"},"content":{"rendered":"<p>Dans le cadre de ces activit\u00e9s, l\u2019AJECTA met \u00e0 disposition son mat\u00e9riel historique pr\u00e9serv\u00e9e ainsi que la Rotonde (monument historique) et ses installations pour des :<\/p>\n<ul>\n<li><a href=\"https:\/\/www.ajecta.fr\/?page_id=1071\" target=\"_blank\" rel=\"noopener noreferrer\">S\u00e9minaires<\/a><\/li>\n<li><a href=\"https:\/\/www.ajecta.fr\/?page_id=1261\" target=\"_blank\" rel=\"noopener noreferrer\">Mariages.<\/a><\/li>\n<li><a href=\"https:\/\/www.ajecta.fr\/?page_id=1123\" target=\"_blank\" rel=\"noopener noreferrer\">Cin\u00e9mas et Shootings photos.<\/a><\/li>\n<li><a href=\"https:\/\/www.ajecta.fr\/?page_id=1080\" target=\"_blank\" rel=\"noopener noreferrer\">Prestations Repas<\/a>.<\/li>\n<li>Voyage privatif en train vapeur.<\/li>\n<li><a href=\"https:\/\/www.ajecta.fr\/?page_id=1074\" target=\"_blank\" rel=\"noopener noreferrer\">Concert Spectacles \u00c9v\u00e9nementiels<\/a>.<\/li>\n<\/ul>\n<p>Ces mises \u00e0 disposition sont accord\u00e9es moyennant participation financi\u00e8re aux frais de pr\u00e9servation, de restauration et d&rsquo;entretien; d&rsquo;agr\u00e9ment de circulation; de fonctionnement de l&rsquo;association ainsi que des \u00e9ventuels frais de circulation (frais SNCF, charbon, huile, eau, assurances&#8230;)<\/p>\n<p>L&rsquo;AJECTA est une association loi 1901 g\u00e9r\u00e9e de mani\u00e8re d\u00e9sint\u00e9ress\u00e9e enti\u00e8rement b\u00e9n\u00e9vole.<\/p>\n<p style=\"text-align: right;\">Demande d&rsquo;infos : <a href=\"mailto:contact@ajecta.org\">contact@ajecta.org<\/a><\/p>\n","protected":false},"excerpt":{"rendered":"<p>Dans le cadre de ces activit\u00e9s, l\u2019AJECTA met \u00e0 disposition son mat\u00e9riel historique pr\u00e9serv\u00e9e ainsi que la Rotonde (monument historique) et ses installations pour des : S\u00e9minaires Mariages. Cin\u00e9mas et Shootings photos. Prestations Repas. Voyage privatif en train vapeur. Concert Spectacles \u00c9v\u00e9nementiels. Ces mises \u00e0 disposition sont accord\u00e9es moyennant participation\u2026<\/p>\n<p class=\"continue-reading-button\"> <a class=\"continue-reading-link\" href=\"https:\/\/www.ajecta.fr\/?page_id=990\">Continue reading<i class=\"crycon-right-dir\"><\/i><\/a><\/p>\n","protected":false},"author":1,"featured_media":0,"parent":0,"menu_order":0,"comment_status":"closed","ping_status":"closed","template":"","meta":{"footnotes":""},"class_list":["post-990","page","type-page","status-publish","hentry"],"_links":{"self":[{"href":"https:\/\/www.ajecta.fr\/index.php?rest_route=\/wp\/v2\/pages\/990","targetHints":{"allow":["GET"]}}],"collection":[{"href":"https:\/\/www.ajecta.fr\/index.php?rest_route=\/wp\/v2\/pages"}],"about":[{"href":"https:\/\/www.ajecta.fr\/index.php?rest_route=\/wp\/v2\/types\/page"}],"author":[{"embeddable":true,"href":"https:\/\/www.ajecta.fr\/index.php?rest_route=\/wp\/v2\/users\/1"}],"replies":[{"embeddable":true,"href":"https:\/\/www.ajecta.fr\/index.php?rest_route=%2Fwp%2Fv2%2Fcomments&post=990"}],"version-history":[{"count":13,"href":"https:\/\/www.ajecta.fr\/index.php?rest_route=\/wp\/v2\/pages\/990\/revisions"}],"predecessor-version":[{"id":4558,"href":"https:\/\/www.ajecta.fr\/index.php?rest_route=\/wp\/v2\/pages\/990\/revisions\/4558"}],"wp:attachment":[{"href":"https:\/\/www.ajecta.fr\/index.php?rest_route=%2Fwp%2Fv2%2Fmedia&parent=990"}],"curies":[{"name":"wp","href":"https:\/\/api.w.org\/{rel}","templated":true}]}}