{"id":953,"date":"2017-04-04T21:25:02","date_gmt":"2017-04-04T20:25:02","guid":{"rendered":"http:\/\/www.ajecta.fr\/?page_id=953"},"modified":"2017-04-16T14:42:19","modified_gmt":"2017-04-16T13:42:19","slug":"01-avril-2017-marche-dessais-de-lon-e-vsg","status":"publish","type":"page","link":"https:\/\/www.ajecta.fr\/?page_id=953","title":{"rendered":"01 Avril 2017 Marche d\u2019essais de LON \u00e0 VLG"},"content":{"rendered":"<p>Le Samedi 01 Avril 2017, marche d\u2019essais entre Longueville et Villiers St Georges pour valider la voie et la machine en pr\u00e9paration du train des \u0153ufs de P\u00e2ques du 15 Avril 2017.<\/p>\n<p>Le train quitte la gare de Provins et entre sur la VUTR (Voie Unique \u00e0 Trafic Restreint)<\/p>\n<p><img loading=\"lazy\" decoding=\"async\" class=\"alignnone size-large wp-image-962\" src=\"https:\/\/www.ajecta.fr\/wp-content\/uploads\/2017\/04\/IMG_1669-683x1024.jpg\" alt=\"\" width=\"683\" height=\"1024\" srcset=\"https:\/\/www.ajecta.fr\/wp-content\/uploads\/2017\/04\/IMG_1669-683x1024.jpg 683w, https:\/\/www.ajecta.fr\/wp-content\/uploads\/2017\/04\/IMG_1669-200x300.jpg 200w, https:\/\/www.ajecta.fr\/wp-content\/uploads\/2017\/04\/IMG_1669.jpg 768w\" sizes=\"auto, (max-width: 683px) 100vw, 683px\" \/> <img loading=\"lazy\" decoding=\"async\" class=\"alignnone size-large wp-image-963\" src=\"https:\/\/www.ajecta.fr\/wp-content\/uploads\/2017\/04\/IMG_1679-1024x683.jpg\" alt=\"\" width=\"1024\" height=\"683\" srcset=\"https:\/\/www.ajecta.fr\/wp-content\/uploads\/2017\/04\/IMG_1679-1024x683.jpg 1024w, https:\/\/www.ajecta.fr\/wp-content\/uploads\/2017\/04\/IMG_1679-300x200.jpg 300w, https:\/\/www.ajecta.fr\/wp-content\/uploads\/2017\/04\/IMG_1679.jpg 1152w\" sizes=\"auto, (max-width: 1024px) 100vw, 1024px\" \/><\/p>\n<p>En route vers L&rsquo;Echelle&#8230;<\/p>\n<p><img loading=\"lazy\" decoding=\"async\" class=\"alignnone size-large wp-image-964\" src=\"https:\/\/www.ajecta.fr\/wp-content\/uploads\/2017\/04\/IMG_1682-1024x683.jpg\" alt=\"\" width=\"1024\" height=\"683\" srcset=\"https:\/\/www.ajecta.fr\/wp-content\/uploads\/2017\/04\/IMG_1682-1024x683.jpg 1024w, https:\/\/www.ajecta.fr\/wp-content\/uploads\/2017\/04\/IMG_1682-300x200.jpg 300w, https:\/\/www.ajecta.fr\/wp-content\/uploads\/2017\/04\/IMG_1682.jpg 1152w\" sizes=\"auto, (max-width: 1024px) 100vw, 1024px\" \/><\/p>\n<p><img loading=\"lazy\" decoding=\"async\" class=\"alignnone size-large wp-image-965\" src=\"https:\/\/www.ajecta.fr\/wp-content\/uploads\/2017\/04\/IMG_1722-1024x683.jpg\" alt=\"\" width=\"1024\" height=\"683\" srcset=\"https:\/\/www.ajecta.fr\/wp-content\/uploads\/2017\/04\/IMG_1722-1024x683.jpg 1024w, https:\/\/www.ajecta.fr\/wp-content\/uploads\/2017\/04\/IMG_1722-300x200.jpg 300w, https:\/\/www.ajecta.fr\/wp-content\/uploads\/2017\/04\/IMG_1722.jpg 1152w\" sizes=\"auto, (max-width: 1024px) 100vw, 1024px\" \/><\/p>\n<p><img loading=\"lazy\" decoding=\"async\" class=\"alignnone size-large wp-image-966\" src=\"https:\/\/www.ajecta.fr\/wp-content\/uploads\/2017\/04\/IMG_1745-1024x683.jpg\" alt=\"\" width=\"1024\" height=\"683\" srcset=\"https:\/\/www.ajecta.fr\/wp-content\/uploads\/2017\/04\/IMG_1745-1024x683.jpg 1024w, https:\/\/www.ajecta.fr\/wp-content\/uploads\/2017\/04\/IMG_1745-300x200.jpg 300w, https:\/\/www.ajecta.fr\/wp-content\/uploads\/2017\/04\/IMG_1745.jpg 1152w\" sizes=\"auto, (max-width: 1024px) 100vw, 1024px\" \/><\/p>\n<p>L&rsquo;arriv\u00e9e \u00e0 Villiers St Georges<\/p>\n<p><img loading=\"lazy\" decoding=\"async\" class=\"alignnone size-large wp-image-967\" src=\"https:\/\/www.ajecta.fr\/wp-content\/uploads\/2017\/04\/IMG_1756-1024x683.jpg\" alt=\"\" width=\"1024\" height=\"683\" srcset=\"https:\/\/www.ajecta.fr\/wp-content\/uploads\/2017\/04\/IMG_1756-1024x683.jpg 1024w, https:\/\/www.ajecta.fr\/wp-content\/uploads\/2017\/04\/IMG_1756-300x200.jpg 300w, https:\/\/www.ajecta.fr\/wp-content\/uploads\/2017\/04\/IMG_1756.jpg 1152w\" sizes=\"auto, (max-width: 1024px) 100vw, 1024px\" \/><\/p>\n<p><img loading=\"lazy\" decoding=\"async\" class=\"alignnone size-large wp-image-954\" src=\"https:\/\/www.ajecta.fr\/wp-content\/uploads\/2017\/04\/IMG_1764-1024x683.jpg\" alt=\"\" width=\"1024\" height=\"683\" srcset=\"https:\/\/www.ajecta.fr\/wp-content\/uploads\/2017\/04\/IMG_1764-1024x683.jpg 1024w, https:\/\/www.ajecta.fr\/wp-content\/uploads\/2017\/04\/IMG_1764-300x200.jpg 300w, https:\/\/www.ajecta.fr\/wp-content\/uploads\/2017\/04\/IMG_1764-225x150.jpg 225w, https:\/\/www.ajecta.fr\/wp-content\/uploads\/2017\/04\/IMG_1764.jpg 1152w\" sizes=\"auto, (max-width: 1024px) 100vw, 1024px\" \/> <img loading=\"lazy\" decoding=\"async\" class=\"alignnone size-large wp-image-955\" src=\"https:\/\/www.ajecta.fr\/wp-content\/uploads\/2017\/04\/IMG_1785-1024x683.jpg\" alt=\"\" width=\"1024\" height=\"683\" srcset=\"https:\/\/www.ajecta.fr\/wp-content\/uploads\/2017\/04\/IMG_1785-1024x683.jpg 1024w, https:\/\/www.ajecta.fr\/wp-content\/uploads\/2017\/04\/IMG_1785-300x200.jpg 300w, https:\/\/www.ajecta.fr\/wp-content\/uploads\/2017\/04\/IMG_1785.jpg 1152w\" sizes=\"auto, (max-width: 1024px) 100vw, 1024px\" \/> <img loading=\"lazy\" decoding=\"async\" class=\"alignnone size-large wp-image-956\" src=\"https:\/\/www.ajecta.fr\/wp-content\/uploads\/2017\/04\/IMG_1799-1024x683.jpg\" alt=\"\" width=\"1024\" height=\"683\" srcset=\"https:\/\/www.ajecta.fr\/wp-content\/uploads\/2017\/04\/IMG_1799-1024x683.jpg 1024w, https:\/\/www.ajecta.fr\/wp-content\/uploads\/2017\/04\/IMG_1799-300x200.jpg 300w, https:\/\/www.ajecta.fr\/wp-content\/uploads\/2017\/04\/IMG_1799.jpg 1152w\" sizes=\"auto, (max-width: 1024px) 100vw, 1024px\" \/> <img loading=\"lazy\" decoding=\"async\" class=\"alignnone size-large wp-image-957\" src=\"https:\/\/www.ajecta.fr\/wp-content\/uploads\/2017\/04\/IMG_1804_stitch-1024x651.jpg\" alt=\"\" width=\"1024\" height=\"651\" srcset=\"https:\/\/www.ajecta.fr\/wp-content\/uploads\/2017\/04\/IMG_1804_stitch-1024x651.jpg 1024w, https:\/\/www.ajecta.fr\/wp-content\/uploads\/2017\/04\/IMG_1804_stitch-300x191.jpg 300w, https:\/\/www.ajecta.fr\/wp-content\/uploads\/2017\/04\/IMG_1804_stitch.jpg 1812w\" sizes=\"auto, (max-width: 1024px) 100vw, 1024px\" \/> <img loading=\"lazy\" decoding=\"async\" class=\"alignnone size-large wp-image-958\" src=\"https:\/\/www.ajecta.fr\/wp-content\/uploads\/2017\/04\/IMG_1810-1024x683.jpg\" alt=\"\" width=\"1024\" height=\"683\" srcset=\"https:\/\/www.ajecta.fr\/wp-content\/uploads\/2017\/04\/IMG_1810-1024x683.jpg 1024w, https:\/\/www.ajecta.fr\/wp-content\/uploads\/2017\/04\/IMG_1810-300x200.jpg 300w, https:\/\/www.ajecta.fr\/wp-content\/uploads\/2017\/04\/IMG_1810.jpg 1152w\" sizes=\"auto, (max-width: 1024px) 100vw, 1024px\" \/><\/p>\n<p>L&rsquo;ensemble des b\u00e9n\u00e9voles satisfait de cette premi\u00e8re.<\/p>\n<p><img loading=\"lazy\" decoding=\"async\" class=\"alignnone size-large wp-image-959\" src=\"https:\/\/www.ajecta.fr\/wp-content\/uploads\/2017\/04\/IMG_1819-1024x612.jpg\" alt=\"\" width=\"1024\" height=\"612\" srcset=\"https:\/\/www.ajecta.fr\/wp-content\/uploads\/2017\/04\/IMG_1819-1024x612.jpg 1024w, https:\/\/www.ajecta.fr\/wp-content\/uploads\/2017\/04\/IMG_1819-300x179.jpg 300w, https:\/\/www.ajecta.fr\/wp-content\/uploads\/2017\/04\/IMG_1819.jpg 1284w\" sizes=\"auto, (max-width: 1024px) 100vw, 1024px\" \/> \u00a0Retour vers Provins puis Longueville&#8230;<img loading=\"lazy\" decoding=\"async\" class=\"alignnone size-large wp-image-961\" src=\"https:\/\/www.ajecta.fr\/wp-content\/uploads\/2017\/04\/IMG_1827-2-1024x683.jpg\" alt=\"\" width=\"1024\" height=\"683\" srcset=\"https:\/\/www.ajecta.fr\/wp-content\/uploads\/2017\/04\/IMG_1827-2-1024x683.jpg 1024w, https:\/\/www.ajecta.fr\/wp-content\/uploads\/2017\/04\/IMG_1827-2-300x200.jpg 300w, https:\/\/www.ajecta.fr\/wp-content\/uploads\/2017\/04\/IMG_1827-2.jpg 1152w\" sizes=\"auto, (max-width: 1024px) 100vw, 1024px\" \/><\/p>\n<p>Nous reviendrons&#8230;<\/p>\n<p><img loading=\"lazy\" decoding=\"async\" class=\"alignnone size-large wp-image-968\" src=\"https:\/\/www.ajecta.fr\/wp-content\/uploads\/2017\/04\/IMG_1840-1024x683.jpg\" alt=\"\" width=\"1024\" height=\"683\" srcset=\"https:\/\/www.ajecta.fr\/wp-content\/uploads\/2017\/04\/IMG_1840-1024x683.jpg 1024w, https:\/\/www.ajecta.fr\/wp-content\/uploads\/2017\/04\/IMG_1840-300x200.jpg 300w, https:\/\/www.ajecta.fr\/wp-content\/uploads\/2017\/04\/IMG_1840.jpg 1152w\" sizes=\"auto, (max-width: 1024px) 100vw, 1024px\" \/><\/p>\n<p>Retour au d\u00e9p\u00f4t et extraction avant de rentrer au garage&#8230;<\/p>\n<p><img loading=\"lazy\" decoding=\"async\" class=\"alignnone size-large wp-image-969\" src=\"https:\/\/www.ajecta.fr\/wp-content\/uploads\/2017\/04\/IMG_1851-1024x683.jpg\" alt=\"\" width=\"1024\" height=\"683\" srcset=\"https:\/\/www.ajecta.fr\/wp-content\/uploads\/2017\/04\/IMG_1851-1024x683.jpg 1024w, https:\/\/www.ajecta.fr\/wp-content\/uploads\/2017\/04\/IMG_1851-300x200.jpg 300w, https:\/\/www.ajecta.fr\/wp-content\/uploads\/2017\/04\/IMG_1851.jpg 1152w\" sizes=\"auto, (max-width: 1024px) 100vw, 1024px\" \/><\/p>\n<p style=\"text-align: right;\">Photos AJECTA<\/p>\n","protected":false},"excerpt":{"rendered":"<p>Le Samedi 01 Avril 2017, marche d\u2019essais entre Longueville et Villiers St Georges pour valider la voie et la machine en pr\u00e9paration du train des \u0153ufs de P\u00e2ques du 15 Avril 2017. Le train quitte la gare de Provins et entre sur la VUTR (Voie Unique \u00e0 Trafic Restreint) En\u2026<\/p>\n<p class=\"continue-reading-button\"> <a class=\"continue-reading-link\" href=\"https:\/\/www.ajecta.fr\/?page_id=953\">Continue reading<i class=\"crycon-right-dir\"><\/i><\/a><\/p>\n","protected":false},"author":1,"featured_media":0,"parent":0,"menu_order":0,"comment_status":"closed","ping_status":"closed","template":"","meta":{"footnotes":""},"class_list":["post-953","page","type-page","status-publish","hentry"],"_links":{"self":[{"href":"https:\/\/www.ajecta.fr\/index.php?rest_route=\/wp\/v2\/pages\/953","targetHints":{"allow":["GET"]}}],"collection":[{"href":"https:\/\/www.ajecta.fr\/index.php?rest_route=\/wp\/v2\/pages"}],"about":[{"href":"https:\/\/www.ajecta.fr\/index.php?rest_route=\/wp\/v2\/types\/page"}],"author":[{"embeddable":true,"href":"https:\/\/www.ajecta.fr\/index.php?rest_route=\/wp\/v2\/users\/1"}],"replies":[{"embeddable":true,"href":"https:\/\/www.ajecta.fr\/index.php?rest_route=%2Fwp%2Fv2%2Fcomments&post=953"}],"version-history":[{"count":0,"href":"https:\/\/www.ajecta.fr\/index.php?rest_route=\/wp\/v2\/pages\/953\/revisions"}],"wp:attachment":[{"href":"https:\/\/www.ajecta.fr\/index.php?rest_route=%2Fwp%2Fv2%2Fmedia&parent=953"}],"curies":[{"name":"wp","href":"https:\/\/api.w.org\/{rel}","templated":true}]}}