{"id":891,"date":"2017-02-13T14:53:29","date_gmt":"2017-02-13T13:53:29","guid":{"rendered":"http:\/\/www.ajecta.fr\/?page_id=891"},"modified":"2020-04-21T20:30:33","modified_gmt":"2020-04-21T19:30:33","slug":"soiree-du-11-fevrier-2017","status":"publish","type":"page","link":"https:\/\/www.ajecta.fr\/?page_id=891","title":{"rendered":"Soir\u00e9e du 11 F\u00e9vrier 2017"},"content":{"rendered":"<p>Le Samedi 11 F\u00e9vrier, l&rsquo;AJECTA proposait une soir\u00e9e d\u00eener sous le signe de la St Valentin au d\u00e9p\u00f4t des locomotives de Longueville.<\/p>\n<p><img loading=\"lazy\" decoding=\"async\" class=\"wp-image-886 aligncenter\" src=\"https:\/\/www.ajecta.fr\/wp-content\/uploads\/2017\/02\/IMG_1415.jpg\" alt=\"\" width=\"313\" height=\"470\" srcset=\"https:\/\/www.ajecta.fr\/wp-content\/uploads\/2017\/02\/IMG_1415.jpg 768w, https:\/\/www.ajecta.fr\/wp-content\/uploads\/2017\/02\/IMG_1415-200x300.jpg 200w, https:\/\/www.ajecta.fr\/wp-content\/uploads\/2017\/02\/IMG_1415-683x1024.jpg 683w\" sizes=\"auto, (max-width: 313px) 100vw, 313px\" \/><\/p>\n<p>Avant le d\u00eener, une visite guid\u00e9e du Mus\u00e9e Vivant de l&rsquo;AJECTA \u00e9tait propos\u00e9, malgr\u00e9 le froid piquant une trentaine de convives, venus express\u00e9ment en avance accompagnent le guide b\u00e9n\u00e9vole de l&rsquo;association pour une visite explicative de plus de 2 heures.<\/p>\n<p><img loading=\"lazy\" decoding=\"async\" class=\"aligncenter wp-image-887 size-medium\" src=\"https:\/\/www.ajecta.fr\/wp-content\/uploads\/2017\/02\/IMG_1418-300x200.jpg\" width=\"300\" height=\"200\" srcset=\"https:\/\/www.ajecta.fr\/wp-content\/uploads\/2017\/02\/IMG_1418-300x200.jpg 300w, https:\/\/www.ajecta.fr\/wp-content\/uploads\/2017\/02\/IMG_1418-1024x683.jpg 1024w, https:\/\/www.ajecta.fr\/wp-content\/uploads\/2017\/02\/IMG_1418.jpg 1152w\" sizes=\"auto, (max-width: 300px) 100vw, 300px\" \/><\/p>\n<p>D\u00e9s 19h les invit\u00e9s int\u00e9grent soit la voiture restaurant (VR 4207),<\/p>\n<p><img loading=\"lazy\" decoding=\"async\" class=\"wp-image-885 size-medium aligncenter\" src=\"https:\/\/www.ajecta.fr\/wp-content\/uploads\/2017\/02\/IMG_1392-200x300.jpg\" width=\"200\" height=\"300\" srcset=\"https:\/\/www.ajecta.fr\/wp-content\/uploads\/2017\/02\/IMG_1392-200x300.jpg 200w, https:\/\/www.ajecta.fr\/wp-content\/uploads\/2017\/02\/IMG_1392-683x1024.jpg 683w, https:\/\/www.ajecta.fr\/wp-content\/uploads\/2017\/02\/IMG_1392.jpg 768w\" sizes=\"auto, (max-width: 200px) 100vw, 200px\" \/> <img loading=\"lazy\" decoding=\"async\" class=\"wp-image-879 size-medium aligncenter\" src=\"https:\/\/www.ajecta.fr\/wp-content\/uploads\/2017\/02\/DSC_0036-300x183.jpg\" width=\"300\" height=\"183\" srcset=\"https:\/\/www.ajecta.fr\/wp-content\/uploads\/2017\/02\/DSC_0036-300x183.jpg 300w, https:\/\/www.ajecta.fr\/wp-content\/uploads\/2017\/02\/DSC_0036-1024x623.jpg 1024w, https:\/\/www.ajecta.fr\/wp-content\/uploads\/2017\/02\/DSC_0036.jpg 1122w\" sizes=\"auto, (max-width: 300px) 100vw, 300px\" \/><\/p>\n<p>soit la voiture pullman (VP 4155)<\/p>\n<p><img loading=\"lazy\" decoding=\"async\" class=\"wp-image-878 size-medium aligncenter\" src=\"https:\/\/www.ajecta.fr\/wp-content\/uploads\/2017\/02\/DSC_0007-300x183.jpg\" width=\"300\" height=\"183\" srcset=\"https:\/\/www.ajecta.fr\/wp-content\/uploads\/2017\/02\/DSC_0007-300x183.jpg 300w, https:\/\/www.ajecta.fr\/wp-content\/uploads\/2017\/02\/DSC_0007-1024x625.jpg 1024w, https:\/\/www.ajecta.fr\/wp-content\/uploads\/2017\/02\/DSC_0007.jpg 1126w\" sizes=\"auto, (max-width: 300px) 100vw, 300px\" \/> <img loading=\"lazy\" decoding=\"async\" class=\"wp-image-877 size-medium aligncenter\" src=\"https:\/\/www.ajecta.fr\/wp-content\/uploads\/2017\/02\/DSC_0006-300x190.jpg\" width=\"300\" height=\"190\" srcset=\"https:\/\/www.ajecta.fr\/wp-content\/uploads\/2017\/02\/DSC_0006-300x190.jpg 300w, https:\/\/www.ajecta.fr\/wp-content\/uploads\/2017\/02\/DSC_0006-1024x648.jpg 1024w, https:\/\/www.ajecta.fr\/wp-content\/uploads\/2017\/02\/DSC_0006-237x150.jpg 237w, https:\/\/www.ajecta.fr\/wp-content\/uploads\/2017\/02\/DSC_0006.jpg 1077w\" sizes=\"auto, (max-width: 300px) 100vw, 300px\" \/> <img loading=\"lazy\" decoding=\"async\" class=\"wp-image-884 size-medium aligncenter\" src=\"https:\/\/www.ajecta.fr\/wp-content\/uploads\/2017\/02\/DSC_0079-300x183.jpg\" width=\"300\" height=\"183\" srcset=\"https:\/\/www.ajecta.fr\/wp-content\/uploads\/2017\/02\/DSC_0079-300x183.jpg 300w, https:\/\/www.ajecta.fr\/wp-content\/uploads\/2017\/02\/DSC_0079-1024x625.jpg 1024w, https:\/\/www.ajecta.fr\/wp-content\/uploads\/2017\/02\/DSC_0079.jpg 1129w\" sizes=\"auto, (max-width: 300px) 100vw, 300px\" \/><\/p>\n<p>Accueillis par l&rsquo;\u00e9quipe de <a href=\"\/\/www.google.fr\/maps\/place\/L'Escale\/@48.4980866,3.2284001,17z\/data=!3m1!4b1!4m5!3m4!1s0x47ef39f43b997ac3:0x40049856db19c937!8m2!3d48.4980866!4d3.2305941?hl=fr\">l&rsquo;Escale (11, rte Nationale 77650 Jutigny)<\/a><\/p>\n<p><a href=\"\/\/www.google.fr\/maps\/place\/L'Escale\/@48.4980866,3.2284001,17z\/data=!3m1!4b1!4m5!3m4!1s0x47ef39f43b997ac3:0x40049856db19c937!8m2!3d48.4980866!4d3.2305941?hl=fr\"><img loading=\"lazy\" decoding=\"async\" class=\"aligncenter wp-image-883 size-medium\" src=\"https:\/\/www.ajecta.fr\/wp-content\/uploads\/2017\/02\/DSC_0069-300x181.jpg\" width=\"300\" height=\"181\" srcset=\"https:\/\/www.ajecta.fr\/wp-content\/uploads\/2017\/02\/DSC_0069-300x181.jpg 300w, https:\/\/www.ajecta.fr\/wp-content\/uploads\/2017\/02\/DSC_0069-1024x617.jpg 1024w, https:\/\/www.ajecta.fr\/wp-content\/uploads\/2017\/02\/DSC_0069.jpg 1122w\" sizes=\"auto, (max-width: 300px) 100vw, 300px\" \/><\/a> <img loading=\"lazy\" decoding=\"async\" class=\"wp-image-880 size-medium aligncenter\" src=\"https:\/\/www.ajecta.fr\/wp-content\/uploads\/2017\/02\/DSC_0044-300x184.jpg\" width=\"300\" height=\"184\" srcset=\"https:\/\/www.ajecta.fr\/wp-content\/uploads\/2017\/02\/DSC_0044-300x184.jpg 300w, https:\/\/www.ajecta.fr\/wp-content\/uploads\/2017\/02\/DSC_0044-1024x627.jpg 1024w, https:\/\/www.ajecta.fr\/wp-content\/uploads\/2017\/02\/DSC_0044.jpg 1123w\" sizes=\"auto, (max-width: 300px) 100vw, 300px\" \/> <img loading=\"lazy\" decoding=\"async\" class=\"aligncenter wp-image-882 size-medium\" src=\"https:\/\/www.ajecta.fr\/wp-content\/uploads\/2017\/02\/DSC_0064-300x180.jpg\" width=\"300\" height=\"180\" srcset=\"https:\/\/www.ajecta.fr\/wp-content\/uploads\/2017\/02\/DSC_0064-300x180.jpg 300w, https:\/\/www.ajecta.fr\/wp-content\/uploads\/2017\/02\/DSC_0064-1024x615.jpg 1024w, https:\/\/www.ajecta.fr\/wp-content\/uploads\/2017\/02\/DSC_0064.jpg 1110w\" sizes=\"auto, (max-width: 300px) 100vw, 300px\" \/><\/p>\n<p>Avec le soutient technique des b\u00e9n\u00e9voles de l&rsquo;AJECTA<\/p>\n<p><img loading=\"lazy\" decoding=\"async\" class=\"aligncenter wp-image-881 size-medium\" src=\"https:\/\/www.ajecta.fr\/wp-content\/uploads\/2017\/02\/DSC_0059-300x183.jpg\" width=\"300\" height=\"183\" srcset=\"https:\/\/www.ajecta.fr\/wp-content\/uploads\/2017\/02\/DSC_0059-300x183.jpg 300w, https:\/\/www.ajecta.fr\/wp-content\/uploads\/2017\/02\/DSC_0059-1024x626.jpg 1024w, https:\/\/www.ajecta.fr\/wp-content\/uploads\/2017\/02\/DSC_0059.jpg 1121w\" sizes=\"auto, (max-width: 300px) 100vw, 300px\" \/><\/p>\n<p><img loading=\"lazy\" decoding=\"async\" class=\"aligncenter wp-image-902 size-medium\" src=\"https:\/\/www.ajecta.fr\/wp-content\/uploads\/2017\/02\/DSC_0035-300x183.jpg\" width=\"300\" height=\"183\" srcset=\"https:\/\/www.ajecta.fr\/wp-content\/uploads\/2017\/02\/DSC_0035-300x183.jpg 300w, https:\/\/www.ajecta.fr\/wp-content\/uploads\/2017\/02\/DSC_0035-1024x623.jpg 1024w, https:\/\/www.ajecta.fr\/wp-content\/uploads\/2017\/02\/DSC_0035.jpg 1112w\" sizes=\"auto, (max-width: 300px) 100vw, 300px\" \/><\/p>\n<p><img loading=\"lazy\" decoding=\"async\" class=\"aligncenter wp-image-889 size-large\" src=\"https:\/\/www.ajecta.fr\/wp-content\/uploads\/2017\/02\/IMG_1421_stitch-1024x414.jpg\" width=\"1024\" height=\"414\" srcset=\"https:\/\/www.ajecta.fr\/wp-content\/uploads\/2017\/02\/IMG_1421_stitch-1024x414.jpg 1024w, https:\/\/www.ajecta.fr\/wp-content\/uploads\/2017\/02\/IMG_1421_stitch-300x121.jpg 300w, https:\/\/www.ajecta.fr\/wp-content\/uploads\/2017\/02\/IMG_1421_stitch.jpg 1899w\" sizes=\"auto, (max-width: 1024px) 100vw, 1024px\" \/><\/p>\n<p><img loading=\"lazy\" decoding=\"async\" class=\"aligncenter wp-image-890 size-large\" src=\"https:\/\/www.ajecta.fr\/wp-content\/uploads\/2017\/02\/IMG_1438-1024x676.jpg\" alt=\"\" width=\"1024\" height=\"676\" srcset=\"https:\/\/www.ajecta.fr\/wp-content\/uploads\/2017\/02\/IMG_1438-1024x676.jpg 1024w, https:\/\/www.ajecta.fr\/wp-content\/uploads\/2017\/02\/IMG_1438-300x198.jpg 300w, https:\/\/www.ajecta.fr\/wp-content\/uploads\/2017\/02\/IMG_1438.jpg 1164w\" sizes=\"auto, (max-width: 1024px) 100vw, 1024px\" \/>\u00a0<img loading=\"lazy\" decoding=\"async\" class=\"aligncenter wp-image-888 size-large\" src=\"https:\/\/www.ajecta.fr\/wp-content\/uploads\/2017\/02\/IMG_1420-1024x683.jpg\" alt=\"\" width=\"1024\" height=\"683\" srcset=\"https:\/\/www.ajecta.fr\/wp-content\/uploads\/2017\/02\/IMG_1420-1024x683.jpg 1024w, https:\/\/www.ajecta.fr\/wp-content\/uploads\/2017\/02\/IMG_1420-300x200.jpg 300w, https:\/\/www.ajecta.fr\/wp-content\/uploads\/2017\/02\/IMG_1420.jpg 1152w\" sizes=\"auto, (max-width: 1024px) 100vw, 1024px\" \/><\/p>\n<p style=\"text-align: right;\">Photos A Metayer \/ AJECTA<\/p>\n","protected":false},"excerpt":{"rendered":"<p>Le Samedi 11 F\u00e9vrier, l&rsquo;AJECTA proposait une soir\u00e9e d\u00eener sous le signe de la St Valentin au d\u00e9p\u00f4t des locomotives de Longueville. Avant le d\u00eener, une visite guid\u00e9e du Mus\u00e9e Vivant de l&rsquo;AJECTA \u00e9tait propos\u00e9, malgr\u00e9 le froid piquant une trentaine de convives, venus express\u00e9ment en avance accompagnent le guide\u2026<\/p>\n<p class=\"continue-reading-button\"> <a class=\"continue-reading-link\" href=\"https:\/\/www.ajecta.fr\/?page_id=891\">Continue reading<i class=\"crycon-right-dir\"><\/i><\/a><\/p>\n","protected":false},"author":1,"featured_media":0,"parent":0,"menu_order":0,"comment_status":"closed","ping_status":"closed","template":"","meta":{"footnotes":""},"class_list":["post-891","page","type-page","status-publish","hentry"],"_links":{"self":[{"href":"https:\/\/www.ajecta.fr\/index.php?rest_route=\/wp\/v2\/pages\/891","targetHints":{"allow":["GET"]}}],"collection":[{"href":"https:\/\/www.ajecta.fr\/index.php?rest_route=\/wp\/v2\/pages"}],"about":[{"href":"https:\/\/www.ajecta.fr\/index.php?rest_route=\/wp\/v2\/types\/page"}],"author":[{"embeddable":true,"href":"https:\/\/www.ajecta.fr\/index.php?rest_route=\/wp\/v2\/users\/1"}],"replies":[{"embeddable":true,"href":"https:\/\/www.ajecta.fr\/index.php?rest_route=%2Fwp%2Fv2%2Fcomments&post=891"}],"version-history":[{"count":1,"href":"https:\/\/www.ajecta.fr\/index.php?rest_route=\/wp\/v2\/pages\/891\/revisions"}],"predecessor-version":[{"id":3727,"href":"https:\/\/www.ajecta.fr\/index.php?rest_route=\/wp\/v2\/pages\/891\/revisions\/3727"}],"wp:attachment":[{"href":"https:\/\/www.ajecta.fr\/index.php?rest_route=%2Fwp%2Fv2%2Fmedia&parent=891"}],"curies":[{"name":"wp","href":"https:\/\/api.w.org\/{rel}","templated":true}]}}