{"id":88,"date":"2016-01-24T15:54:38","date_gmt":"2016-01-24T14:54:38","guid":{"rendered":"http:\/\/www.ajecta.fr\/?page_id=88"},"modified":"2018-11-05T08:12:23","modified_gmt":"2018-11-05T07:12:23","slug":"la-140-c-231","status":"publish","type":"page","link":"https:\/\/www.ajecta.fr\/?page_id=88","title":{"rendered":"La 140 C 231"},"content":{"rendered":"<p>N\u00e9e en 1916,la 140 C 231 fait partie d&rsquo;un groupe de 340 locomotives \u00e9tudi\u00e9es en 1912 par le r\u00e9seau des chemins de fer de l&rsquo;Etat pour moderniser son parc. Depuis le rachat de la compagnie de l&rsquo;Ouest, en 1909, qui avait port\u00e9 son r\u00e9seau \u00e0 plus de 9000 km, l&rsquo;Etat ne disposait que de tr\u00e8s peu de locomotives puissantes pour le service des trains de marchandises. La location de locomotives aux r\u00e9seaux voisins n&rsquo;\u00e9tait pas rare.<\/p>\n<p><img loading=\"lazy\" decoding=\"async\" class=\"alignnone size-large wp-image-2339\" src=\"https:\/\/www.ajecta.fr\/wp-content\/uploads\/2018\/11\/140C231b-1024x266.jpg\" alt=\"\" width=\"1024\" height=\"266\" srcset=\"https:\/\/www.ajecta.fr\/wp-content\/uploads\/2018\/11\/140C231b-1024x266.jpg 1024w, https:\/\/www.ajecta.fr\/wp-content\/uploads\/2018\/11\/140C231b-300x78.jpg 300w, https:\/\/www.ajecta.fr\/wp-content\/uploads\/2018\/11\/140C231b.jpg 1152w\" sizes=\"auto, (max-width: 1024px) 100vw, 1024px\" \/><\/p>\n<p>&nbsp;<\/p>\n<p>La livraison des 70 premi\u00e8res d\u00e9bute en 1913, mais les commandes suivantes ne peuvent \u00eatre honor\u00e9es par l&rsquo;industrie fran\u00e7aise du fait de la guerre. 200 unit\u00e9s sont donc construites entre 1916 et 1918 en Grande-Bretagne. La 140 C 231 sort alors des ateliers de la North-British Locomotive Corporation \u00e0 Glasgow. Pendant la m\u00eame p\u00e9riode, l&rsquo;arm\u00e9e fran\u00e7aise en commande \u00e9galement 70 unit\u00e9s pour la traction des pi\u00e8ces d&rsquo;artillerie lourde sur voies ferr\u00e9es (ALVF), construites elles aussi en Grande-Bretagne entre 1915 et 1920, et qui seront c\u00e9d\u00e9es au PLM et \u00e0 la Compagnie de l&rsquo;Est \u00e0 la fin du conflit.<\/p>\n<p>&nbsp;<\/p>\n<p>On ne conna\u00eet pas grand chose des premi\u00e8res ann\u00e9es de la 140 C 231. Mise en service en 1917 sous l&rsquo;immatriculation 140-231, elle devient pour la SNCF en 1938 la 3-140 C 231 au d\u00e9p\u00f4t de St-Mariens (Gironde). R\u00e9quisitionn\u00e9e en septembre 1940 par les allemands, elle rentre en France en ao\u00fbt 1945 au d\u00e9p\u00f4t de Sotteville (Seine-Maritime). L&rsquo;essentiel de sa carri\u00e8re se poursuit dans l&rsquo;ouest: Thouars en 1947, Bressuire en 1949, Saintes en 1952, Niort en 1953, La Rochelle, Saintes et Paris-Batignolles en 1963, Trappes en 1966, Mantes en 1967, et enfin gar\u00e9e \u00e0 Trappes en 1968.<\/p>\n<p>Au vu de son bon \u00e9tat g\u00e9n\u00e9ral, elle est alors choisie avec trois de ses s\u0153urs (140 C 230, 313 et 314) pour constituer une r\u00e9serve froide pour les besoins des CFTA \u00e0 Gray. R\u00e9vis\u00e9e au Mans en 1970, elle est achemin\u00e9e en f\u00e9vrier 1971 au d\u00e9p\u00f4t de Chaumont et rattach\u00e9e administrativement au d\u00e9p\u00f4t de Chalindrey. En r\u00e9alit\u00e9, aucune de ces machines ne sera r\u00e9utilis\u00e9e. La 140 C 231 est vendue \u00e0 l&rsquo;AJECTA et viendra par ses propres moyens de Chaumont \u00e0 Longueville le 22 octobre 1972.<\/p>\n<p><img loading=\"lazy\" decoding=\"async\" class=\"alignnone size-large wp-image-2334\" src=\"https:\/\/www.ajecta.fr\/wp-content\/uploads\/2018\/11\/ero_b_0011-1024x679.jpg\" alt=\"\" width=\"1024\" height=\"679\" srcset=\"https:\/\/www.ajecta.fr\/wp-content\/uploads\/2018\/11\/ero_b_0011-1024x679.jpg 1024w, https:\/\/www.ajecta.fr\/wp-content\/uploads\/2018\/11\/ero_b_0011-300x199.jpg 300w, https:\/\/www.ajecta.fr\/wp-content\/uploads\/2018\/11\/ero_b_0011.jpg 1158w\" sizes=\"auto, (max-width: 1024px) 100vw, 1024px\" \/><\/p>\n<p>Sur les 3 autres machines, seule la 140 C 230 finira sous le chalumeau des ferrailleurs. La 140 C 313 est expos\u00e9e en gare de Reims et la 140 C 314 a \u00e9t\u00e9 remise en \u00e9tat de marche par le chemin de fer touristique du Vermandois (CFTV).<\/p>\n<p>La 140 C 231 sort de 12 ans de travaux de restauration compl\u00e8te avec remplacement de sa chaudi\u00e8re. Apr\u00e8s ses marches d&rsquo;essais r\u00e9alis\u00e9es les 20 et 21 Octobre 2018, la machine assure son premier train \u00ab\u00a0commerciale\u00a0\u00bb, avec sa nouvelle chaudi\u00e8re, le 27 Octobre 2018 entre Longueville et Villiers St Georges. Premi\u00e8re locomotive \u00e0 circuler sur le r\u00e9seau ferr\u00e9 fran\u00e7ais avec une chaudi\u00e8re neuve.<\/p>\n<div id=\"attachment_2333\" style=\"width: 1034px\" class=\"wp-caption alignleft\"><img loading=\"lazy\" decoding=\"async\" aria-describedby=\"caption-attachment-2333\" class=\"wp-image-2333 size-large\" src=\"https:\/\/www.ajecta.fr\/wp-content\/uploads\/2018\/11\/IMG_3349-1024x663.jpg\" alt=\"\" width=\"1024\" height=\"663\" srcset=\"https:\/\/www.ajecta.fr\/wp-content\/uploads\/2018\/11\/IMG_3349-1024x663.jpg 1024w, https:\/\/www.ajecta.fr\/wp-content\/uploads\/2018\/11\/IMG_3349-300x194.jpg 300w, https:\/\/www.ajecta.fr\/wp-content\/uploads\/2018\/11\/IMG_3349.jpg 1186w\" sizes=\"auto, (max-width: 1024px) 100vw, 1024px\" \/><p id=\"caption-attachment-2333\" class=\"wp-caption-text\">La 140C231, en t\u00eate de la rame historique de l&rsquo;AJECTA, approche la gare de Villiers St George, le Samedi 27 Octobre 2018. (Coll AJECTA)<\/p><\/div>\n","protected":false},"excerpt":{"rendered":"<p>N\u00e9e en 1916,la 140 C 231 fait partie d&rsquo;un groupe de 340 locomotives \u00e9tudi\u00e9es en 1912 par le r\u00e9seau des chemins de fer de l&rsquo;Etat pour moderniser son parc. Depuis le rachat de la compagnie de l&rsquo;Ouest, en 1909, qui avait port\u00e9 son r\u00e9seau \u00e0 plus de 9000 km, l&rsquo;Etat\u2026<\/p>\n<p class=\"continue-reading-button\"> <a class=\"continue-reading-link\" href=\"https:\/\/www.ajecta.fr\/?page_id=88\">Continue reading<i class=\"crycon-right-dir\"><\/i><\/a><\/p>\n","protected":false},"author":1,"featured_media":0,"parent":0,"menu_order":0,"comment_status":"closed","ping_status":"closed","template":"","meta":{"footnotes":""},"class_list":["post-88","page","type-page","status-publish","hentry"],"_links":{"self":[{"href":"https:\/\/www.ajecta.fr\/index.php?rest_route=\/wp\/v2\/pages\/88","targetHints":{"allow":["GET"]}}],"collection":[{"href":"https:\/\/www.ajecta.fr\/index.php?rest_route=\/wp\/v2\/pages"}],"about":[{"href":"https:\/\/www.ajecta.fr\/index.php?rest_route=\/wp\/v2\/types\/page"}],"author":[{"embeddable":true,"href":"https:\/\/www.ajecta.fr\/index.php?rest_route=\/wp\/v2\/users\/1"}],"replies":[{"embeddable":true,"href":"https:\/\/www.ajecta.fr\/index.php?rest_route=%2Fwp%2Fv2%2Fcomments&post=88"}],"version-history":[{"count":7,"href":"https:\/\/www.ajecta.fr\/index.php?rest_route=\/wp\/v2\/pages\/88\/revisions"}],"predecessor-version":[{"id":2348,"href":"https:\/\/www.ajecta.fr\/index.php?rest_route=\/wp\/v2\/pages\/88\/revisions\/2348"}],"wp:attachment":[{"href":"https:\/\/www.ajecta.fr\/index.php?rest_route=%2Fwp%2Fv2%2Fmedia&parent=88"}],"curies":[{"name":"wp","href":"https:\/\/api.w.org\/{rel}","templated":true}]}}