{"id":84,"date":"2016-01-24T15:53:47","date_gmt":"2016-01-24T14:53:47","guid":{"rendered":"http:\/\/www.ajecta.fr\/?page_id=84"},"modified":"2018-11-05T08:36:04","modified_gmt":"2018-11-05T07:36:04","slug":"la-230-d-116","status":"publish","type":"page","link":"https:\/\/www.ajecta.fr\/?page_id=84","title":{"rendered":"La 230 D 116"},"content":{"rendered":"<p>Depuis son arriv\u00e9e en mai 2009, elle n\u2019avait \u00e9t\u00e9 pr\u00e9sent\u00e9e au public que lors des journ\u00e9es du Patrimoine ainsi qu\u2019occasionnellement dans l\u2019ann\u00e9e lorsque l\u2019absence de man\u0153uvres au d\u00e9p\u00f4t permettait de la stationner pour quelques heures sur le pont tournant.<\/p>\n<p>Pour les besoins de sa mise en peinture, elle est rest\u00e9e la plupart du temps dans l\u2019atelier, loin du regard des visiteurs, qui ne pouvaient qu\u2019en voir la traverse avant lorsque le rideau m\u00e9tallique \u00e9tait ouvert.<\/p>\n<p><img loading=\"lazy\" decoding=\"async\" class=\"alignnone size-large wp-image-2352\" src=\"https:\/\/www.ajecta.fr\/wp-content\/uploads\/2018\/11\/230D116b-1024x680.jpg\" alt=\"\" width=\"1024\" height=\"680\" srcset=\"https:\/\/www.ajecta.fr\/wp-content\/uploads\/2018\/11\/230D116b-1024x680.jpg 1024w, https:\/\/www.ajecta.fr\/wp-content\/uploads\/2018\/11\/230D116b-300x199.jpg 300w, https:\/\/www.ajecta.fr\/wp-content\/uploads\/2018\/11\/230D116b.jpg 1152w\" sizes=\"auto, (max-width: 1024px) 100vw, 1024px\" \/><\/p>\n<p>Elle est maintenant non seulement visible, mais un escalier permet \u00e9galement de monter \u00e0 bord.<\/p>\n","protected":false},"excerpt":{"rendered":"<p>Depuis son arriv\u00e9e en mai 2009, elle n\u2019avait \u00e9t\u00e9 pr\u00e9sent\u00e9e au public que lors des journ\u00e9es du Patrimoine ainsi qu\u2019occasionnellement dans l\u2019ann\u00e9e lorsque l\u2019absence de man\u0153uvres au d\u00e9p\u00f4t permettait de la stationner pour quelques heures sur le pont tournant. Pour les besoins de sa mise en peinture, elle est rest\u00e9e\u2026<\/p>\n<p class=\"continue-reading-button\"> <a class=\"continue-reading-link\" href=\"https:\/\/www.ajecta.fr\/?page_id=84\">Continue reading<i class=\"crycon-right-dir\"><\/i><\/a><\/p>\n","protected":false},"author":1,"featured_media":0,"parent":0,"menu_order":0,"comment_status":"closed","ping_status":"closed","template":"","meta":{"footnotes":""},"class_list":["post-84","page","type-page","status-publish","hentry"],"_links":{"self":[{"href":"https:\/\/www.ajecta.fr\/index.php?rest_route=\/wp\/v2\/pages\/84","targetHints":{"allow":["GET"]}}],"collection":[{"href":"https:\/\/www.ajecta.fr\/index.php?rest_route=\/wp\/v2\/pages"}],"about":[{"href":"https:\/\/www.ajecta.fr\/index.php?rest_route=\/wp\/v2\/types\/page"}],"author":[{"embeddable":true,"href":"https:\/\/www.ajecta.fr\/index.php?rest_route=\/wp\/v2\/users\/1"}],"replies":[{"embeddable":true,"href":"https:\/\/www.ajecta.fr\/index.php?rest_route=%2Fwp%2Fv2%2Fcomments&post=84"}],"version-history":[{"count":3,"href":"https:\/\/www.ajecta.fr\/index.php?rest_route=\/wp\/v2\/pages\/84\/revisions"}],"predecessor-version":[{"id":2354,"href":"https:\/\/www.ajecta.fr\/index.php?rest_route=\/wp\/v2\/pages\/84\/revisions\/2354"}],"wp:attachment":[{"href":"https:\/\/www.ajecta.fr\/index.php?rest_route=%2Fwp%2Fv2%2Fmedia&parent=84"}],"curies":[{"name":"wp","href":"https:\/\/api.w.org\/{rel}","templated":true}]}}