{"id":80,"date":"2016-01-24T15:51:13","date_gmt":"2016-01-24T14:51:13","guid":{"rendered":"http:\/\/www.ajecta.fr\/?page_id=80"},"modified":"2020-01-21T12:34:47","modified_gmt":"2020-01-21T11:34:47","slug":"le-musee","status":"publish","type":"page","link":"https:\/\/www.ajecta.fr\/?page_id=80","title":{"rendered":"Le mus\u00e9e"},"content":{"rendered":"<p style=\"text-align: right;\"><a href=\"https:\/\/www.ajecta.fr\/?page_id=3559\" target=\"_blank\" rel=\"noopener noreferrer\"><em>English Version<\/em><\/a><\/p>\n<p style=\"text-align: justify;\">AJECTA Le Mus\u00e9e Vivant du Chemin de fer.<\/p>\n<p><span style=\"font-weight: 400;\">Notre collection, comprenant 14 locomotives \u00e0 vapeur et pr\u00e8s de 100 autres mat\u00e9riels roulants, raconte l&rsquo;histoire des chemins de fer fran\u00e7ais du d\u00e9but du XIXe si\u00e8cle aux ann\u00e9es 1950.<\/span><\/p>\n<p><img loading=\"lazy\" decoding=\"async\" class=\"size-full wp-image-3556 aligncenter\" src=\"https:\/\/www.ajecta.fr\/wp-content\/uploads\/2020\/01\/Museum_image10.jpg\" alt=\"\" width=\"190\" height=\"186\" \/><\/p>\n<p><span style=\"font-weight: 400;\">Notre mus\u00e9e est install\u00e9 dans une rotonde en bois magnifiquement restaur\u00e9, qui a re\u00e7u ses premi\u00e8res locomotives \u00e0 vapeur en 1911. Ce b\u00e2timent a \u00e9t\u00e9 construit par l\u2019ancienne Compagnie de l\u2019Est. La derni\u00e8re locomotive \u00e0 vapeur a quitt\u00e9 la rotonde de Longueville en 1966.<\/span><\/p>\n<div id=\"attachment_3547\" style=\"width: 379px\" class=\"wp-caption aligncenter\"><img loading=\"lazy\" decoding=\"async\" aria-describedby=\"caption-attachment-3547\" class=\"wp-image-3547 size-full\" src=\"https:\/\/www.ajecta.fr\/wp-content\/uploads\/2020\/01\/Museum_image1.jpg\" alt=\"\" width=\"369\" height=\"250\" srcset=\"https:\/\/www.ajecta.fr\/wp-content\/uploads\/2020\/01\/Museum_image1.jpg 369w, https:\/\/www.ajecta.fr\/wp-content\/uploads\/2020\/01\/Museum_image1-300x203.jpg 300w\" sizes=\"auto, (max-width: 369px) 100vw, 369px\" \/><p id=\"caption-attachment-3547\" class=\"wp-caption-text\">Vue a\u00e9rienne de la rotonde en 1972.<\/p><\/div>\n<div id=\"attachment_3554\" style=\"width: 510px\" class=\"wp-caption aligncenter\"><img loading=\"lazy\" decoding=\"async\" aria-describedby=\"caption-attachment-3554\" class=\"wp-image-3554 size-full\" src=\"https:\/\/www.ajecta.fr\/wp-content\/uploads\/2020\/01\/Museum_image8.jpg\" alt=\"\" width=\"500\" height=\"271\" srcset=\"https:\/\/www.ajecta.fr\/wp-content\/uploads\/2020\/01\/Museum_image8.jpg 500w, https:\/\/www.ajecta.fr\/wp-content\/uploads\/2020\/01\/Museum_image8-300x163.jpg 300w\" sizes=\"auto, (max-width: 500px) 100vw, 500px\" \/><p id=\"caption-attachment-3554\" class=\"wp-caption-text\">Arri\u00e8re de la rotonde r\u00e9cemment restaur\u00e9.<\/p><\/div>\n<div id=\"attachment_3561\" style=\"width: 744px\" class=\"wp-caption aligncenter\"><img loading=\"lazy\" decoding=\"async\" aria-describedby=\"caption-attachment-3561\" class=\"wp-image-3561 size-full\" src=\"https:\/\/www.ajecta.fr\/wp-content\/uploads\/2020\/01\/RorondeAerienne_FredericoBILESIMO_2019Jan23_Red-e1579508016529.jpg\" alt=\"\" width=\"734\" height=\"465\" srcset=\"https:\/\/www.ajecta.fr\/wp-content\/uploads\/2020\/01\/RorondeAerienne_FredericoBILESIMO_2019Jan23_Red-e1579508016529.jpg 734w, https:\/\/www.ajecta.fr\/wp-content\/uploads\/2020\/01\/RorondeAerienne_FredericoBILESIMO_2019Jan23_Red-e1579508016529-300x190.jpg 300w, https:\/\/www.ajecta.fr\/wp-content\/uploads\/2020\/01\/RorondeAerienne_FredericoBILESIMO_2019Jan23_Red-e1579508016529-150x95.jpg 150w, https:\/\/www.ajecta.fr\/wp-content\/uploads\/2020\/01\/RorondeAerienne_FredericoBILESIMO_2019Jan23_Red-e1579508016529-318x201.jpg 318w\" sizes=\"auto, (max-width: 734px) 100vw, 734px\" \/><p id=\"caption-attachment-3561\" class=\"wp-caption-text\">Vue a\u00e9rienne de la Rotonde en 2019<\/p><\/div>\n<div id=\"attachment_3555\" style=\"width: 510px\" class=\"wp-caption aligncenter\"><img loading=\"lazy\" decoding=\"async\" aria-describedby=\"caption-attachment-3555\" class=\"wp-image-3555 size-full\" src=\"https:\/\/www.ajecta.fr\/wp-content\/uploads\/2020\/01\/Museum_image9.jpg\" alt=\"\" width=\"500\" height=\"303\" srcset=\"https:\/\/www.ajecta.fr\/wp-content\/uploads\/2020\/01\/Museum_image9.jpg 500w, https:\/\/www.ajecta.fr\/wp-content\/uploads\/2020\/01\/Museum_image9-300x182.jpg 300w\" sizes=\"auto, (max-width: 500px) 100vw, 500px\" \/><p id=\"caption-attachment-3555\" class=\"wp-caption-text\">Pont tournant avec une locomotive vapeur type \u00ab 130 B \u00bb (Cie de l\u2019Est).<\/p><\/div>\n<div id=\"attachment_3552\" style=\"width: 510px\" class=\"wp-caption aligncenter\"><img loading=\"lazy\" decoding=\"async\" aria-describedby=\"caption-attachment-3552\" class=\"wp-image-3552 size-full\" src=\"https:\/\/www.ajecta.fr\/wp-content\/uploads\/2020\/01\/Museum_image6.jpg\" alt=\"\" width=\"500\" height=\"292\" srcset=\"https:\/\/www.ajecta.fr\/wp-content\/uploads\/2020\/01\/Museum_image6.jpg 500w, https:\/\/www.ajecta.fr\/wp-content\/uploads\/2020\/01\/Museum_image6-300x175.jpg 300w\" sizes=\"auto, (max-width: 500px) 100vw, 500px\" \/><p id=\"caption-attachment-3552\" class=\"wp-caption-text\">La plus ancienne locomotive \u00e0 vapeur du mus\u00e9e est une \u201c040\u201d de la Compagnie du Nord, construite en 1866, puis vendue \u00e0 une raffinerie de sucre en 1930, o\u00f9 elle fut utilis\u00e9e comme locomotive industrielle jusqu\u2019en 1960.<\/p><\/div>\n<p style=\"text-align: justify;\">La visite du mus\u00e9e, en quelques mots:<\/p>\n<p style=\"text-align: justify;\">Que vous arriviez par\u00a0le train, en voiture, en car ou\u00a0\u00e0 pied (un sentier de Grande Randonn\u00e9e passe sous le viaduc de Longueville, \u00e0 quelques centaine de m\u00e8tres de\u00a0la rotonde), vous entrerez sur le site face au b\u00e2timent,\u00a0et vous d\u00e9couvrirez d\u2019un coup d\u2019oeil les locomotives r\u00e9unies en un grand cercle autour du pont tournant\u2026<\/p>\n<p style=\"text-align: justify;\">A\u00a0l\u2019int\u00e9rieur de la rotonde, vous pourrez vous impr\u00e9gner de l\u2019ambiance unique d\u2019un lieu o\u00f9 rien n\u2019a chang\u00e9 depuis un si\u00e8cle\u2026<\/p>\n<p><img loading=\"lazy\" decoding=\"async\" class=\"size-full wp-image-3549 aligncenter\" src=\"https:\/\/www.ajecta.fr\/wp-content\/uploads\/2020\/01\/Museum_image3.jpg\" alt=\"\" width=\"508\" height=\"381\" srcset=\"https:\/\/www.ajecta.fr\/wp-content\/uploads\/2020\/01\/Museum_image3.jpg 508w, https:\/\/www.ajecta.fr\/wp-content\/uploads\/2020\/01\/Museum_image3-300x225.jpg 300w\" sizes=\"auto, (max-width: 508px) 100vw, 508px\" \/><\/p>\n<p style=\"text-align: justify;\"><img loading=\"lazy\" decoding=\"async\" class=\"size-full wp-image-3553 aligncenter\" src=\"https:\/\/www.ajecta.fr\/wp-content\/uploads\/2020\/01\/Museum_image7.jpg\" alt=\"\" width=\"508\" height=\"420\" srcset=\"https:\/\/www.ajecta.fr\/wp-content\/uploads\/2020\/01\/Museum_image7.jpg 508w, https:\/\/www.ajecta.fr\/wp-content\/uploads\/2020\/01\/Museum_image7-300x248.jpg 300w\" sizes=\"auto, (max-width: 508px) 100vw, 508px\" \/><\/p>\n<p style=\"text-align: justify;\">Apr\u00e8s l&rsquo;accueil o\u00f9 vous vous acquitterez d&rsquo;un droit d&rsquo;entr\u00e9e, il vous sera remis un petit guide de visite qui vous permettra de d\u00e9couvrir l\u2019histoire de la rotonde, des locomotives qui y sont h\u00e9berg\u00e9es et la vie des hommes qui les conduisaient. Les b\u00e9n\u00e9voles pr\u00e9sents se feront un plaisir de r\u00e9pondre \u00e0 toutes vos questions tant sur l&rsquo;histoire du chemin de fer que sur la traction vapeur, Une boutique vous permettra d\u2019acqu\u00e9rir livres, cartes postales, souvenirs ou objets ferroviaires et soutenir ainsi l\u2019action de l\u2019association.<\/p>\n<p style=\"text-align: justify;\"><a href=\"https:\/\/www.ajecta.fr\/?page_id=32\">Toutes les infos pratiques.<\/a><\/p>\n<p style=\"text-align: justify;\">\u00a0<img loading=\"lazy\" decoding=\"async\" class=\"alignnone wp-image-694 size-large\" src=\"https:\/\/www.ajecta.fr\/wp-content\/uploads\/2016\/01\/2016Affiche_Musee_vB_Final-e1475006631919-808x1024.jpg\" alt=\"2016affiche_musee_vb_final\" width=\"808\" height=\"1024\" srcset=\"https:\/\/www.ajecta.fr\/wp-content\/uploads\/2016\/01\/2016Affiche_Musee_vB_Final-e1475006631919-808x1024.jpg 808w, https:\/\/www.ajecta.fr\/wp-content\/uploads\/2016\/01\/2016Affiche_Musee_vB_Final-e1475006631919-237x300.jpg 237w, https:\/\/www.ajecta.fr\/wp-content\/uploads\/2016\/01\/2016Affiche_Musee_vB_Final-e1475006631919-768x973.jpg 768w, https:\/\/www.ajecta.fr\/wp-content\/uploads\/2016\/01\/2016Affiche_Musee_vB_Final-e1475006631919-118x150.jpg 118w, https:\/\/www.ajecta.fr\/wp-content\/uploads\/2016\/01\/2016Affiche_Musee_vB_Final-e1475006631919.jpg 1144w\" sizes=\"auto, (max-width: 808px) 100vw, 808px\" \/><\/p>\n<p style=\"text-align: justify;\"><a href=\"https:\/\/www.ajecta.fr\/wp-content\/uploads\/2016\/01\/AJECTA-Liste-mat\u00e9riel-2017.pdf\" target=\"_blank\" rel=\"noopener noreferrer\">La collection de l&rsquo;AJECTA<\/a><\/p>\n","protected":false},"excerpt":{"rendered":"<p>English Version AJECTA Le Mus\u00e9e Vivant du Chemin de fer. Notre collection, comprenant 14 locomotives \u00e0 vapeur et pr\u00e8s de 100 autres mat\u00e9riels roulants, raconte l&rsquo;histoire des chemins de fer fran\u00e7ais du d\u00e9but du XIXe si\u00e8cle aux ann\u00e9es 1950. Notre mus\u00e9e est install\u00e9 dans une rotonde en bois magnifiquement restaur\u00e9,\u2026<\/p>\n<p class=\"continue-reading-button\"> <a class=\"continue-reading-link\" href=\"https:\/\/www.ajecta.fr\/?page_id=80\">Continue reading<i class=\"crycon-right-dir\"><\/i><\/a><\/p>\n","protected":false},"author":1,"featured_media":0,"parent":0,"menu_order":0,"comment_status":"closed","ping_status":"closed","template":"","meta":{"footnotes":""},"class_list":["post-80","page","type-page","status-publish","hentry"],"_links":{"self":[{"href":"https:\/\/www.ajecta.fr\/index.php?rest_route=\/wp\/v2\/pages\/80","targetHints":{"allow":["GET"]}}],"collection":[{"href":"https:\/\/www.ajecta.fr\/index.php?rest_route=\/wp\/v2\/pages"}],"about":[{"href":"https:\/\/www.ajecta.fr\/index.php?rest_route=\/wp\/v2\/types\/page"}],"author":[{"embeddable":true,"href":"https:\/\/www.ajecta.fr\/index.php?rest_route=\/wp\/v2\/users\/1"}],"replies":[{"embeddable":true,"href":"https:\/\/www.ajecta.fr\/index.php?rest_route=%2Fwp%2Fv2%2Fcomments&post=80"}],"version-history":[{"count":20,"href":"https:\/\/www.ajecta.fr\/index.php?rest_route=\/wp\/v2\/pages\/80\/revisions"}],"predecessor-version":[{"id":3576,"href":"https:\/\/www.ajecta.fr\/index.php?rest_route=\/wp\/v2\/pages\/80\/revisions\/3576"}],"wp:attachment":[{"href":"https:\/\/www.ajecta.fr\/index.php?rest_route=%2Fwp%2Fv2%2Fmedia&parent=80"}],"curies":[{"name":"wp","href":"https:\/\/api.w.org\/{rel}","templated":true}]}}