{"id":6817,"date":"2024-09-25T10:38:14","date_gmt":"2024-09-25T09:38:14","guid":{"rendered":"https:\/\/www.ajecta.fr\/?page_id=6817"},"modified":"2026-02-19T18:53:45","modified_gmt":"2026-02-19T17:53:45","slug":"citrouille-2024","status":"publish","type":"page","link":"https:\/\/www.ajecta.fr\/?page_id=6817","title":{"rendered":"P\u00e8re no\u00ebl 2026"},"content":{"rendered":"\n<h2 class=\"wp-block-heading\"><mark style=\"background-color:#000000\" class=\"has-inline-color has-white-color\">Complet.<\/mark><\/h2>\n\n\n\n<p><\/p>\n\n\n<div class=\"wp-block-image\">\n<figure class=\"aligncenter size-large\"><img decoding=\"async\" src=\"https:\/\/www.ajecta.fr\/wp-content\/uploads\/2025\/10\/PereNoel2025_web1-768x839.jpeg\" alt=\"\" class=\"wp-image-7376\"\/><\/figure><\/div>\n\n\n<h2 class=\"wp-block-heading\">TRAIN SP\u00c9CIAL VAPEUR<\/h2>\n\n\n\n<p>Train tract\u00e9 par la locomotive vapeur de 1916, la 140C 231, compos\u00e9 de voitures voyageurs \u00e0 compartiments (1ere et 2nde classe) des ann\u00e9es 1920 et d&rsquo;une voiture restaurant des ann\u00e9es 1950.<\/p>\n\n\n<div class=\"wp-block-image\">\n<figure class=\"aligncenter size-large\"><img loading=\"lazy\" decoding=\"async\" width=\"482\" height=\"1024\" src=\"https:\/\/www.ajecta.fr\/wp-content\/uploads\/2025\/10\/PereNoel2025_3classes-482x1024.jpg\" alt=\"\" class=\"wp-image-7383\" srcset=\"https:\/\/www.ajecta.fr\/wp-content\/uploads\/2025\/10\/PereNoel2025_3classes-482x1024.jpg 482w, https:\/\/www.ajecta.fr\/wp-content\/uploads\/2025\/10\/PereNoel2025_3classes-141x300.jpg 141w, https:\/\/www.ajecta.fr\/wp-content\/uploads\/2025\/10\/PereNoel2025_3classes.jpg 1024w\" sizes=\"auto, (max-width: 482px) 100vw, 482px\" \/><\/figure><\/div>\n\n\n<p>2 dates au choix : aller-retour, le samedi 6 D\u00e9cembre et le dimanche 7 D\u00e9cembre, entre la gare de Longueville (Seine&amp;Marne) et la gare de Romilly\/Seine.<\/p>\n\n\n\n<p>40\u20ac l\u2019aller retour (20\u20ac pour les jeunes de 6 \u00e0 11ans, gratuit pour les moins de 6ans)<\/p>\n\n\n\n<figure class=\"wp-block-table\"><table><tbody><tr><td><em>Horaires Provisoires du train<\/em><\/td><td><strong>Aller<\/strong><\/td><td><strong>Retour<\/strong><\/td><\/tr><tr><td><strong>Longueville Gare SNCF<\/strong><\/td><td><strong>13h15<\/strong><\/td><td><\/td><\/tr><tr><td><em>(Nogent\/Seine)<\/em><\/td><td><\/td><td><\/td><\/tr><tr><td><em>(Pont\/Seine)<\/em><\/td><td><\/td><td><\/td><\/tr><tr><td><strong>Romilly\/Seine Gare SNCF<\/strong><\/td><td><strong>14h30<\/strong><\/td><td><strong>16h05<\/strong><\/td><\/tr><tr><td><em>(Pont\/Seine)<\/em><\/td><td><\/td><td><\/td><\/tr><tr><td><em>(Nogent\/Seine)<\/em><\/td><td><\/td><td><\/td><\/tr><tr><td><strong>Longueville Gare SNCF<\/strong><\/td><td><\/td><td><strong>17h05<\/strong><\/td><\/tr><tr><td><\/td><td><strong>Aller<\/strong><\/td><td><strong>Retour<\/strong><\/td><\/tr><tr><td><\/td><td><\/td><td><\/td><\/tr><\/tbody><\/table><\/figure>\n\n\n\n<p class=\"has-text-align-center has-large-font-size\"><\/p>\n\n\n\n<p class=\"has-text-align-center has-vivid-red-color has-white-background-color has-text-color has-background has-large-font-size\"><\/p>\n\n\n\n<p>Bulletin d&rsquo;inscription : Nous contacter : trains@ajecta.net<\/p>\n\n\n\n<p><\/p>\n","protected":false},"excerpt":{"rendered":"<p>Complet. TRAIN SP\u00c9CIAL VAPEUR Train tract\u00e9 par la locomotive vapeur de 1916, la 140C 231, compos\u00e9 de voitures voyageurs \u00e0 compartiments (1ere et 2nde classe) des ann\u00e9es 1920 et d&rsquo;une voiture restaurant des ann\u00e9es 1950. 2 dates au choix : aller-retour, le samedi 6 D\u00e9cembre et le dimanche 7 D\u00e9cembre,\u2026<\/p>\n<p class=\"continue-reading-button\"> <a class=\"continue-reading-link\" href=\"https:\/\/www.ajecta.fr\/?page_id=6817\">Continue reading<i class=\"crycon-right-dir\"><\/i><\/a><\/p>\n","protected":false},"author":1,"featured_media":0,"parent":0,"menu_order":0,"comment_status":"closed","ping_status":"closed","template":"","meta":{"footnotes":""},"class_list":["post-6817","page","type-page","status-publish","hentry"],"_links":{"self":[{"href":"https:\/\/www.ajecta.fr\/index.php?rest_route=\/wp\/v2\/pages\/6817","targetHints":{"allow":["GET"]}}],"collection":[{"href":"https:\/\/www.ajecta.fr\/index.php?rest_route=\/wp\/v2\/pages"}],"about":[{"href":"https:\/\/www.ajecta.fr\/index.php?rest_route=\/wp\/v2\/types\/page"}],"author":[{"embeddable":true,"href":"https:\/\/www.ajecta.fr\/index.php?rest_route=\/wp\/v2\/users\/1"}],"replies":[{"embeddable":true,"href":"https:\/\/www.ajecta.fr\/index.php?rest_route=%2Fwp%2Fv2%2Fcomments&post=6817"}],"version-history":[{"count":68,"href":"https:\/\/www.ajecta.fr\/index.php?rest_route=\/wp\/v2\/pages\/6817\/revisions"}],"predecessor-version":[{"id":7566,"href":"https:\/\/www.ajecta.fr\/index.php?rest_route=\/wp\/v2\/pages\/6817\/revisions\/7566"}],"wp:attachment":[{"href":"https:\/\/www.ajecta.fr\/index.php?rest_route=%2Fwp%2Fv2%2Fmedia&parent=6817"}],"curies":[{"name":"wp","href":"https:\/\/api.w.org\/{rel}","templated":true}]}}