{"id":6728,"date":"2024-07-18T11:47:31","date_gmt":"2024-07-18T10:47:31","guid":{"rendered":"https:\/\/www.ajecta.fr\/?page_id=6728"},"modified":"2026-03-21T20:42:22","modified_gmt":"2026-03-21T19:42:22","slug":"bulletins-dinscription","status":"publish","type":"page","link":"https:\/\/www.ajecta.fr\/?page_id=6728","title":{"rendered":"Bulletins d&rsquo;inscription 2026"},"content":{"rendered":"\n<p><\/p>\n\n\n\n<p><a href=\"https:\/\/www.ajecta.fr\/wp-content\/uploads\/2026\/01\/Bulletin_Inscription_TrainsOeufsPaques2026c.pdf\">Trains des \u0153ufs de P\u00e2ques Dimanche 5 et Lundi 6 Avril 2026 <\/a><\/p>\n\n\n\n<p><a href=\"https:\/\/www.ajecta.fr\/wp-content\/uploads\/2026\/03\/Bulletin_Inscription_SoireeDiner_NuitMusees_2026.pdf\">Soir\u00e9e Diner Nuit des Mus\u00e9es, Samedi 23 Mai 2026.<\/a><\/p>\n\n\n\n<p><\/p>\n","protected":false},"excerpt":{"rendered":"<p>Trains des \u0153ufs de P\u00e2ques Dimanche 5 et Lundi 6 Avril 2026 Soir\u00e9e Diner Nuit des Mus\u00e9es, Samedi 23 Mai 2026.<\/p>\n<p class=\"continue-reading-button\"> <a class=\"continue-reading-link\" href=\"https:\/\/www.ajecta.fr\/?page_id=6728\">Continue reading<i class=\"crycon-right-dir\"><\/i><\/a><\/p>\n","protected":false},"author":1,"featured_media":0,"parent":0,"menu_order":0,"comment_status":"closed","ping_status":"closed","template":"","meta":{"footnotes":""},"class_list":["post-6728","page","type-page","status-publish","hentry"],"_links":{"self":[{"href":"https:\/\/www.ajecta.fr\/index.php?rest_route=\/wp\/v2\/pages\/6728","targetHints":{"allow":["GET"]}}],"collection":[{"href":"https:\/\/www.ajecta.fr\/index.php?rest_route=\/wp\/v2\/pages"}],"about":[{"href":"https:\/\/www.ajecta.fr\/index.php?rest_route=\/wp\/v2\/types\/page"}],"author":[{"embeddable":true,"href":"https:\/\/www.ajecta.fr\/index.php?rest_route=\/wp\/v2\/users\/1"}],"replies":[{"embeddable":true,"href":"https:\/\/www.ajecta.fr\/index.php?rest_route=%2Fwp%2Fv2%2Fcomments&post=6728"}],"version-history":[{"count":39,"href":"https:\/\/www.ajecta.fr\/index.php?rest_route=\/wp\/v2\/pages\/6728\/revisions"}],"predecessor-version":[{"id":7572,"href":"https:\/\/www.ajecta.fr\/index.php?rest_route=\/wp\/v2\/pages\/6728\/revisions\/7572"}],"wp:attachment":[{"href":"https:\/\/www.ajecta.fr\/index.php?rest_route=%2Fwp%2Fv2%2Fmedia&parent=6728"}],"curies":[{"name":"wp","href":"https:\/\/api.w.org\/{rel}","templated":true}]}}