{"id":6588,"date":"2024-05-17T22:00:43","date_gmt":"2024-05-17T21:00:43","guid":{"rendered":"https:\/\/www.ajecta.fr\/?page_id=6588"},"modified":"2024-05-17T22:00:43","modified_gmt":"2024-05-17T21:00:43","slug":"archives-2023","status":"publish","type":"page","link":"https:\/\/www.ajecta.fr\/?page_id=6588","title":{"rendered":"Archives 2023"},"content":{"rendered":"\n<p><a href=\"https:\/\/www.ajecta.fr\/wp-content\/uploads\/2023\/08\/RapportAG2022-2023-v19Jul2023.pdf\" target=\"_blank\" rel=\"noreferrer noopener\">Compte rendu de l\u2019Assembl\u00e9e G\u00e9n\u00e9rale 2023 Exercice 2022.<\/a><\/p>\n\n\n\n<p><a href=\"https:\/\/www.ajecta.fr\/wp-content\/uploads\/2023\/06\/Ajecta-RCA-au-31-12-22.pdf\" target=\"_blank\" rel=\"noreferrer noopener\">Rapport du Commissaire aux Comptes.<\/a><\/p>\n\n\n\n<p><a href=\"https:\/\/www.ajecta.fr\/wp-content\/uploads\/2023\/05\/candidature-CA.pdf\" target=\"_blank\" rel=\"noreferrer noopener\">Professions de foi des 4 candidatures au CA.<\/a><\/p>\n\n\n\n<p><a href=\"https:\/\/www.ajecta.fr\/wp-content\/uploads\/2023\/06\/AJECTA_FaitsMarquants2022.pdf\" target=\"_blank\" rel=\"noreferrer noopener\">Faits Marquants 2022.<\/a><\/p>\n\n\n\n<p><\/p>\n\n\n\n<p><\/p>\n","protected":false},"excerpt":{"rendered":"<p>Compte rendu de l\u2019Assembl\u00e9e G\u00e9n\u00e9rale 2023 Exercice 2022. Rapport du Commissaire aux Comptes. Professions de foi des 4 candidatures au CA. Faits Marquants 2022.<\/p>\n<p class=\"continue-reading-button\"> <a class=\"continue-reading-link\" href=\"https:\/\/www.ajecta.fr\/?page_id=6588\">Continue reading<i class=\"crycon-right-dir\"><\/i><\/a><\/p>\n","protected":false},"author":1,"featured_media":0,"parent":0,"menu_order":0,"comment_status":"closed","ping_status":"closed","template":"","meta":{"footnotes":""},"class_list":["post-6588","page","type-page","status-publish","hentry"],"_links":{"self":[{"href":"https:\/\/www.ajecta.fr\/index.php?rest_route=\/wp\/v2\/pages\/6588","targetHints":{"allow":["GET"]}}],"collection":[{"href":"https:\/\/www.ajecta.fr\/index.php?rest_route=\/wp\/v2\/pages"}],"about":[{"href":"https:\/\/www.ajecta.fr\/index.php?rest_route=\/wp\/v2\/types\/page"}],"author":[{"embeddable":true,"href":"https:\/\/www.ajecta.fr\/index.php?rest_route=\/wp\/v2\/users\/1"}],"replies":[{"embeddable":true,"href":"https:\/\/www.ajecta.fr\/index.php?rest_route=%2Fwp%2Fv2%2Fcomments&post=6588"}],"version-history":[{"count":1,"href":"https:\/\/www.ajecta.fr\/index.php?rest_route=\/wp\/v2\/pages\/6588\/revisions"}],"predecessor-version":[{"id":6589,"href":"https:\/\/www.ajecta.fr\/index.php?rest_route=\/wp\/v2\/pages\/6588\/revisions\/6589"}],"wp:attachment":[{"href":"https:\/\/www.ajecta.fr\/index.php?rest_route=%2Fwp%2Fv2%2Fmedia&parent=6588"}],"curies":[{"name":"wp","href":"https:\/\/api.w.org\/{rel}","templated":true}]}}