{"id":6465,"date":"2024-02-07T10:09:56","date_gmt":"2024-02-07T09:09:56","guid":{"rendered":"https:\/\/www.ajecta.fr\/?page_id=6465"},"modified":"2026-02-03T21:41:09","modified_gmt":"2026-02-03T20:41:09","slug":"soiree-diner-du-18-mai-2024","status":"publish","type":"page","link":"https:\/\/www.ajecta.fr\/?page_id=6465","title":{"rendered":"Soir\u00e9e diner du 14 F\u00e9vrier 2026"},"content":{"rendered":"\n<p>Repas en voiture restaurant, sans circulation, en poste fixe au sein du mus\u00e9e vivant du chemin de fer de l&rsquo;AJECTA situ\u00e9 au d\u00e9p\u00f4t des locomotives de Longueville (77, Seine&amp;Marne)<\/p>\n\n\n\n<h2 class=\"wp-block-heading has-text-align-center has-white-color has-luminous-vivid-orange-background-color has-text-color has-background has-link-color has-large-font-size wp-elements-887ed292d4ca05e114d3553701cf10d0\"><mark style=\"background-color:rgba(0, 0, 0, 0)\" class=\"has-inline-color has-white-color\">Nous sommes complet. Nous ne prenons plus de r\u00e9servation.<\/mark><\/h2>\n\n\n\n<p><\/p>\n\n\n\n<hr class=\"wp-block-separator has-alpha-channel-opacity\"\/>\n\n\n<div class=\"wp-block-image\">\n<figure class=\"aligncenter size-large\"><img loading=\"lazy\" decoding=\"async\" width=\"733\" height=\"1024\" src=\"https:\/\/www.ajecta.fr\/wp-content\/uploads\/2026\/01\/AJECTA_14Fev2026_Menu-733x1024.jpg\" alt=\"\" class=\"wp-image-7536\" srcset=\"https:\/\/www.ajecta.fr\/wp-content\/uploads\/2026\/01\/AJECTA_14Fev2026_Menu-733x1024.jpg 733w, https:\/\/www.ajecta.fr\/wp-content\/uploads\/2026\/01\/AJECTA_14Fev2026_Menu-215x300.jpg 215w, https:\/\/www.ajecta.fr\/wp-content\/uploads\/2026\/01\/AJECTA_14Fev2026_Menu.jpg 1067w\" sizes=\"auto, (max-width: 733px) 100vw, 733px\" \/><\/figure><\/div>\n\n\n<hr class=\"wp-block-separator has-alpha-channel-opacity\"\/>\n\n\n<div class=\"wp-block-image\">\n<figure class=\"aligncenter size-large\"><img loading=\"lazy\" decoding=\"async\" width=\"1024\" height=\"414\" src=\"https:\/\/www.ajecta.fr\/wp-content\/uploads\/2024\/01\/IMG_1421_stitch_red-1024x414.jpg\" alt=\"\" class=\"wp-image-6407\" srcset=\"https:\/\/www.ajecta.fr\/wp-content\/uploads\/2024\/01\/IMG_1421_stitch_red-1024x414.jpg 1024w, https:\/\/www.ajecta.fr\/wp-content\/uploads\/2024\/01\/IMG_1421_stitch_red-300x121.jpg 300w, https:\/\/www.ajecta.fr\/wp-content\/uploads\/2024\/01\/IMG_1421_stitch_red.jpg 1899w\" sizes=\"auto, (max-width: 1024px) 100vw, 1024px\" \/><\/figure><\/div>\n\n\n<figure class=\"wp-block-image size-large is-resized\"><img loading=\"lazy\" decoding=\"async\" width=\"818\" height=\"489\" src=\"https:\/\/www.ajecta.fr\/wp-content\/uploads\/2024\/01\/VR_VP_vue_Inter_fondNoir-818x489.jpg\" alt=\"\" class=\"wp-image-6421\" style=\"width:1069px;height:639px\" srcset=\"https:\/\/www.ajecta.fr\/wp-content\/uploads\/2024\/01\/VR_VP_vue_Inter_fondNoir.jpg 818w, https:\/\/www.ajecta.fr\/wp-content\/uploads\/2024\/01\/VR_VP_vue_Inter_fondNoir-300x179.jpg 300w\" sizes=\"auto, (max-width: 818px) 100vw, 818px\" \/><\/figure>\n\n\n<div class=\"wp-block-image is-style-default\">\n<figure class=\"aligncenter size-large is-resized\"><a href=\"https:\/\/www.ajecta.fr\/wp-content\/uploads\/2025\/12\/1703_001.pdf\"><img loading=\"lazy\" decoding=\"async\" width=\"709\" height=\"1024\" src=\"https:\/\/www.ajecta.fr\/wp-content\/uploads\/2025\/12\/StValentinV0-709x1024.jpg\" alt=\"\" class=\"wp-image-7455\" style=\"width:683px;height:auto\" srcset=\"https:\/\/www.ajecta.fr\/wp-content\/uploads\/2025\/12\/StValentinV0-709x1024.jpg 709w, https:\/\/www.ajecta.fr\/wp-content\/uploads\/2025\/12\/StValentinV0-208x300.jpg 208w, https:\/\/www.ajecta.fr\/wp-content\/uploads\/2025\/12\/StValentinV0.jpg 1024w\" sizes=\"auto, (max-width: 709px) 100vw, 709px\" \/><\/a><\/figure><\/div>\n\n\n<p><\/p>\n\n\n\n<p><\/p>\n\n\n\n<p><\/p>\n\n\n\n<h1 class=\"wp-block-heading has-text-align-center has-vivid-red-color has-white-background-color has-text-color has-background\" style=\"font-style:italic;font-weight:700;text-transform:uppercase\"><strong><em>Reservations closes<\/em><\/strong><\/h1>\n\n\n\n<hr class=\"wp-block-separator has-alpha-channel-opacity is-style-wide\"\/>\n\n\n\n<p>Demande d\u2019infos : trains@ajecta.org<\/p>\n\n\n\n<p><a href=\"https:\/\/www.ajecta.fr\/wp-content\/uploads\/2023\/02\/AJECTA_CGVFev2023.pdf\" target=\"_blank\" rel=\"noreferrer noopener\">Conditions G\u00e9n\u00e9rales des Voyages et Animations AJECTA<\/a><\/p>\n\n\n\n<p><\/p>\n","protected":false},"excerpt":{"rendered":"<p>Repas en voiture restaurant, sans circulation, en poste fixe au sein du mus\u00e9e vivant du chemin de fer de l&rsquo;AJECTA situ\u00e9 au d\u00e9p\u00f4t des locomotives de Longueville (77, Seine&amp;Marne) Nous sommes complet. Nous ne prenons plus de r\u00e9servation. Reservations closes Demande d\u2019infos : trains@ajecta.org Conditions G\u00e9n\u00e9rales des Voyages et Animations\u2026<\/p>\n<p class=\"continue-reading-button\"> <a class=\"continue-reading-link\" href=\"https:\/\/www.ajecta.fr\/?page_id=6465\">Continue reading<i class=\"crycon-right-dir\"><\/i><\/a><\/p>\n","protected":false},"author":1,"featured_media":0,"parent":0,"menu_order":0,"comment_status":"closed","ping_status":"closed","template":"","meta":{"footnotes":""},"class_list":["post-6465","page","type-page","status-publish","hentry"],"_links":{"self":[{"href":"https:\/\/www.ajecta.fr\/index.php?rest_route=\/wp\/v2\/pages\/6465","targetHints":{"allow":["GET"]}}],"collection":[{"href":"https:\/\/www.ajecta.fr\/index.php?rest_route=\/wp\/v2\/pages"}],"about":[{"href":"https:\/\/www.ajecta.fr\/index.php?rest_route=\/wp\/v2\/types\/page"}],"author":[{"embeddable":true,"href":"https:\/\/www.ajecta.fr\/index.php?rest_route=\/wp\/v2\/users\/1"}],"replies":[{"embeddable":true,"href":"https:\/\/www.ajecta.fr\/index.php?rest_route=%2Fwp%2Fv2%2Fcomments&post=6465"}],"version-history":[{"count":43,"href":"https:\/\/www.ajecta.fr\/index.php?rest_route=\/wp\/v2\/pages\/6465\/revisions"}],"predecessor-version":[{"id":7551,"href":"https:\/\/www.ajecta.fr\/index.php?rest_route=\/wp\/v2\/pages\/6465\/revisions\/7551"}],"wp:attachment":[{"href":"https:\/\/www.ajecta.fr\/index.php?rest_route=%2Fwp%2Fv2%2Fmedia&parent=6465"}],"curies":[{"name":"wp","href":"https:\/\/api.w.org\/{rel}","templated":true}]}}