{"id":55,"date":"2016-01-24T15:36:10","date_gmt":"2016-01-24T14:36:10","guid":{"rendered":"http:\/\/www.ajecta.fr\/?page_id=55"},"modified":"2020-04-21T20:36:48","modified_gmt":"2020-04-21T19:36:48","slug":"reportages","status":"publish","type":"page","link":"https:\/\/www.ajecta.fr\/?page_id=55","title":{"rendered":"Reportages"},"content":{"rendered":"<p>Vous trouverez ici la vie de notre association, tant les circulations que les \u00ab\u00a0off\u00a0\u00bb qui permettent de faire rouler nos trains<\/p>\n<p style=\"text-align: center;\"><a href=\"https:\/\/www.ajecta.fr\/?page_id=2485\" target=\"_blank\" rel=\"noopener noreferrer\">Train de la Citrouille 2018<\/a><\/p>\n<p><a href=\"https:\/\/www.ajecta.fr\/?page_id=2485\" target=\"_blank\" rel=\"noopener noreferrer\"><img loading=\"lazy\" decoding=\"async\" class=\"aligncenter wp-image-2489 size-thumbnail\" src=\"https:\/\/www.ajecta.fr\/wp-content\/uploads\/2018\/11\/c\u00f4t\u00e9-2-Red-150x150.jpg\" alt=\"\" width=\"150\" height=\"150\" \/><\/a><\/p>\n<p style=\"text-align: center;\"><a href=\"https:\/\/www.ajecta.fr\/?page_id=2316\">Marche d&rsquo;essais de la locomotives 140C231<\/a><\/p>\n<p><a href=\"https:\/\/www.ajecta.fr\/?page_id=2316\"><img loading=\"lazy\" decoding=\"async\" class=\"aligncenter wp-image-2323 size-medium\" src=\"https:\/\/www.ajecta.fr\/wp-content\/uploads\/2018\/10\/C114HSva_pe_extr1-300x147.jpg\" alt=\"140C231 Grandpuit le 21 Oct 2018\" width=\"300\" height=\"147\" srcset=\"https:\/\/www.ajecta.fr\/wp-content\/uploads\/2018\/10\/C114HSva_pe_extr1-300x147.jpg 300w, https:\/\/www.ajecta.fr\/wp-content\/uploads\/2018\/10\/C114HSva_pe_extr1-1024x502.jpg 1024w, https:\/\/www.ajecta.fr\/wp-content\/uploads\/2018\/10\/C114HSva_pe_extr1.jpg 1737w\" sizes=\"auto, (max-width: 300px) 100vw, 300px\" \/><\/a><\/p>\n<p style=\"text-align: center;\"><a href=\"https:\/\/www.ajecta.fr\/?page_id=1535\">Travaux de remise en service de la locomotives 140C231<\/a><\/p>\n<p><a href=\"https:\/\/www.ajecta.fr\/?page_id=1535\"><img loading=\"lazy\" decoding=\"async\" class=\"aligncenter wp-image-1806 size-medium\" src=\"https:\/\/www.ajecta.fr\/wp-content\/uploads\/2018\/03\/140C231-300x231.jpg\" alt=\"\" width=\"300\" height=\"231\" srcset=\"https:\/\/www.ajecta.fr\/wp-content\/uploads\/2018\/03\/140C231-300x231.jpg 300w, https:\/\/www.ajecta.fr\/wp-content\/uploads\/2018\/03\/140C231.jpg 800w\" sizes=\"auto, (max-width: 300px) 100vw, 300px\" \/><\/a><\/p>\n<p style=\"text-align: center;\"><span style=\"color: #000080;\"><a href=\"https:\/\/www.ajecta.fr\/?page_id=953\">Samedi 01 Avril 2017, marche d&rsquo;essais de Longueville \u00e0 Villiers St Georges<\/a><\/span><\/p>\n<p style=\"text-align: center;\"><a href=\"https:\/\/www.ajecta.fr\/?page_id=953\"><img loading=\"lazy\" decoding=\"async\" class=\"aligncenter wp-image-958 size-medium\" src=\"https:\/\/www.ajecta.fr\/wp-content\/uploads\/2017\/04\/IMG_1810-300x200.jpg\" alt=\"\" width=\"300\" height=\"200\" srcset=\"https:\/\/www.ajecta.fr\/wp-content\/uploads\/2017\/04\/IMG_1810-300x200.jpg 300w, https:\/\/www.ajecta.fr\/wp-content\/uploads\/2017\/04\/IMG_1810-1024x683.jpg 1024w, https:\/\/www.ajecta.fr\/wp-content\/uploads\/2017\/04\/IMG_1810.jpg 1152w\" sizes=\"auto, (max-width: 300px) 100vw, 300px\" \/><\/a><\/p>\n<p style=\"text-align: center;\"><a href=\"https:\/\/www.ajecta.fr\/?page_id=891\">Soir\u00e9e D\u00eener du 11 F\u00e9vrier 2017\u00a0<\/a><\/p>\n<p><a href=\"https:\/\/www.ajecta.fr\/?page_id=891\"><img loading=\"lazy\" decoding=\"async\" class=\"aligncenter wp-image-885\" src=\"https:\/\/www.ajecta.fr\/wp-content\/uploads\/2017\/02\/IMG_1392.jpg\" alt=\"\" width=\"137\" height=\"206\" srcset=\"https:\/\/www.ajecta.fr\/wp-content\/uploads\/2017\/02\/IMG_1392.jpg 768w, https:\/\/www.ajecta.fr\/wp-content\/uploads\/2017\/02\/IMG_1392-200x300.jpg 200w, https:\/\/www.ajecta.fr\/wp-content\/uploads\/2017\/02\/IMG_1392-683x1024.jpg 683w\" sizes=\"auto, (max-width: 137px) 100vw, 137px\" \/><\/a><\/p>\n<p style=\"text-align: center;\"><a href=\"https:\/\/www.ajecta.fr\/?page_id=636\"><span style=\"text-decoration: underline;\"><span style=\"color: #800080; text-decoration: underline;\">\u00a0<\/span><\/span>Intervention pr\u00e9paratoire sur la P30 Ao\u00fbt 2016<\/a><\/p>\n<p style=\"text-align: center;\"><a href=\"https:\/\/www.ajecta.fr\/?page_id=636\"><img loading=\"lazy\" decoding=\"async\" class=\" wp-image-634 aligncenter\" src=\"https:\/\/www.ajecta.fr\/wp-content\/uploads\/2016\/01\/IMG_9867-683x1024.jpg\" alt=\"IMG_9867\" width=\"299\" height=\"448\" srcset=\"https:\/\/www.ajecta.fr\/wp-content\/uploads\/2016\/01\/IMG_9867-683x1024.jpg 683w, https:\/\/www.ajecta.fr\/wp-content\/uploads\/2016\/01\/IMG_9867-200x300.jpg 200w, https:\/\/www.ajecta.fr\/wp-content\/uploads\/2016\/01\/IMG_9867-768x1152.jpg 768w, https:\/\/www.ajecta.fr\/wp-content\/uploads\/2016\/01\/IMG_9867-100x150.jpg 100w, https:\/\/www.ajecta.fr\/wp-content\/uploads\/2016\/01\/IMG_9867.jpg 803w\" sizes=\"auto, (max-width: 299px) 100vw, 299px\" \/><\/a><\/p>\n<p style=\"text-align: center;\"><a href=\"https:\/\/www.ajecta.fr\/?page_id=535\">Le train de Montereau Juillet 2016<\/a><\/p>\n<p style=\"text-align: center;\"><a href=\"https:\/\/www.ajecta.fr\/?page_id=535\"><img loading=\"lazy\" decoding=\"async\" class=\"wp-image-578 size-medium alignnone\" src=\"https:\/\/www.ajecta.fr\/wp-content\/uploads\/2016\/08\/montereau-small-tasma-300x197.jpg\" alt=\"montereau-small-tasma\" width=\"300\" height=\"197\" srcset=\"https:\/\/www.ajecta.fr\/wp-content\/uploads\/2016\/08\/montereau-small-tasma-300x197.jpg 300w, https:\/\/www.ajecta.fr\/wp-content\/uploads\/2016\/08\/montereau-small-tasma-229x150.jpg 229w, https:\/\/www.ajecta.fr\/wp-content\/uploads\/2016\/08\/montereau-small-tasma-150x98.jpg 150w, https:\/\/www.ajecta.fr\/wp-content\/uploads\/2016\/08\/montereau-small-tasma.jpg 500w\" sizes=\"auto, (max-width: 300px) 100vw, 300px\" \/><\/a><\/p>\n<p style=\"text-align: center;\"><a href=\"https:\/\/www.ajecta.fr\/?page_id=288\">Le train des Oeufs de Paques Mars 2016<\/a><\/p>\n<p><a href=\"https:\/\/www.ajecta.fr\/?page_id=288\"><img loading=\"lazy\" decoding=\"async\" class=\"wp-image-309 size-medium aligncenter\" src=\"https:\/\/www.ajecta.fr\/wp-content\/uploads\/2016\/04\/paques2016_vapeur_longueville_sant4-1-300x200.jpg\" width=\"300\" height=\"200\" srcset=\"https:\/\/www.ajecta.fr\/wp-content\/uploads\/2016\/04\/paques2016_vapeur_longueville_sant4-1-300x200.jpg 300w, https:\/\/www.ajecta.fr\/wp-content\/uploads\/2016\/04\/paques2016_vapeur_longueville_sant4-1-768x513.jpg 768w, https:\/\/www.ajecta.fr\/wp-content\/uploads\/2016\/04\/paques2016_vapeur_longueville_sant4-1-225x150.jpg 225w, https:\/\/www.ajecta.fr\/wp-content\/uploads\/2016\/04\/paques2016_vapeur_longueville_sant4-1-150x100.jpg 150w, https:\/\/www.ajecta.fr\/wp-content\/uploads\/2016\/04\/paques2016_vapeur_longueville_sant4-1.jpg 800w\" sizes=\"auto, (max-width: 300px) 100vw, 300px\" \/><\/a><\/p>\n<p style=\"text-align: center;\">\n<p style=\"text-align: center;\">\n","protected":false},"excerpt":{"rendered":"<p>Vous trouverez ici la vie de notre association, tant les circulations que les \u00ab\u00a0off\u00a0\u00bb qui permettent de faire rouler nos trains Train de la Citrouille 2018 Marche d&rsquo;essais de la locomotives 140C231 Travaux de remise en service de la locomotives 140C231 Samedi 01 Avril 2017, marche d&rsquo;essais de Longueville \u00e0\u2026<\/p>\n<p class=\"continue-reading-button\"> <a class=\"continue-reading-link\" href=\"https:\/\/www.ajecta.fr\/?page_id=55\">Continue reading<i class=\"crycon-right-dir\"><\/i><\/a><\/p>\n","protected":false},"author":1,"featured_media":0,"parent":0,"menu_order":0,"comment_status":"closed","ping_status":"closed","template":"","meta":{"footnotes":""},"class_list":["post-55","page","type-page","status-publish","hentry"],"_links":{"self":[{"href":"https:\/\/www.ajecta.fr\/index.php?rest_route=\/wp\/v2\/pages\/55","targetHints":{"allow":["GET"]}}],"collection":[{"href":"https:\/\/www.ajecta.fr\/index.php?rest_route=\/wp\/v2\/pages"}],"about":[{"href":"https:\/\/www.ajecta.fr\/index.php?rest_route=\/wp\/v2\/types\/page"}],"author":[{"embeddable":true,"href":"https:\/\/www.ajecta.fr\/index.php?rest_route=\/wp\/v2\/users\/1"}],"replies":[{"embeddable":true,"href":"https:\/\/www.ajecta.fr\/index.php?rest_route=%2Fwp%2Fv2%2Fcomments&post=55"}],"version-history":[{"count":10,"href":"https:\/\/www.ajecta.fr\/index.php?rest_route=\/wp\/v2\/pages\/55\/revisions"}],"predecessor-version":[{"id":3730,"href":"https:\/\/www.ajecta.fr\/index.php?rest_route=\/wp\/v2\/pages\/55\/revisions\/3730"}],"wp:attachment":[{"href":"https:\/\/www.ajecta.fr\/index.php?rest_route=%2Fwp%2Fv2%2Fmedia&parent=55"}],"curies":[{"name":"wp","href":"https:\/\/api.w.org\/{rel}","templated":true}]}}