{"id":4915,"date":"2022-05-04T08:49:11","date_gmt":"2022-05-04T07:49:11","guid":{"rendered":"https:\/\/www.ajecta.fr\/?page_id=4915"},"modified":"2023-08-01T09:22:27","modified_gmt":"2023-08-01T08:22:27","slug":"archives-2021","status":"publish","type":"page","link":"https:\/\/www.ajecta.fr\/?page_id=4915","title":{"rendered":"Archives 2021"},"content":{"rendered":"\n<p><\/p>\n\n\n\n<p><a rel=\"noreferrer noopener\" href=\"https:\/\/www.ajecta.fr\/wp-content\/uploads\/2021\/09\/AG2020-20210529.pdf\" target=\"_blank\">Compte rendu de l\u2019Assembl\u00e9e G\u00e9n\u00e9rale 2021 Exercice 2020.<\/a><\/p>\n\n\n\n<p><a rel=\"noreferrer noopener\" href=\"https:\/\/www.ajecta.fr\/wp-content\/uploads\/2021\/05\/BILAN-AJECTA-2020-AGO.pdf\" target=\"_blank\">RAPPORT DE PR\u00c9SENTATION DES COMPTES ANNUELS 2020<\/a>.<\/p>\n\n\n\n<p><a href=\"https:\/\/www.ajecta.fr\/wp-content\/uploads\/2021\/05\/FaitsMarquents2020.pdf\" target=\"_blank\" rel=\"noreferrer noopener\">Faits Marquants 2020.<\/a><\/p>\n\n\n\n<p><a rel=\"noreferrer noopener\" href=\"https:\/\/www.ajecta.fr\/wp-content\/uploads\/2021\/05\/Professions-de-foi-Candidatures-CA.pdf\" target=\"_blank\">Professions de foi des 3 candidatures au CA.<\/a><\/p>\n","protected":false},"excerpt":{"rendered":"<p>Compte rendu de l\u2019Assembl\u00e9e G\u00e9n\u00e9rale 2021 Exercice 2020. RAPPORT DE PR\u00c9SENTATION DES COMPTES ANNUELS 2020. Faits Marquants 2020. Professions de foi des 3 candidatures au CA.<\/p>\n<p class=\"continue-reading-button\"> <a class=\"continue-reading-link\" href=\"https:\/\/www.ajecta.fr\/?page_id=4915\">Continue reading<i class=\"crycon-right-dir\"><\/i><\/a><\/p>\n","protected":false},"author":1,"featured_media":0,"parent":0,"menu_order":0,"comment_status":"closed","ping_status":"closed","template":"","meta":{"footnotes":""},"class_list":["post-4915","page","type-page","status-publish","hentry"],"_links":{"self":[{"href":"https:\/\/www.ajecta.fr\/index.php?rest_route=\/wp\/v2\/pages\/4915","targetHints":{"allow":["GET"]}}],"collection":[{"href":"https:\/\/www.ajecta.fr\/index.php?rest_route=\/wp\/v2\/pages"}],"about":[{"href":"https:\/\/www.ajecta.fr\/index.php?rest_route=\/wp\/v2\/types\/page"}],"author":[{"embeddable":true,"href":"https:\/\/www.ajecta.fr\/index.php?rest_route=\/wp\/v2\/users\/1"}],"replies":[{"embeddable":true,"href":"https:\/\/www.ajecta.fr\/index.php?rest_route=%2Fwp%2Fv2%2Fcomments&post=4915"}],"version-history":[{"count":4,"href":"https:\/\/www.ajecta.fr\/index.php?rest_route=\/wp\/v2\/pages\/4915\/revisions"}],"predecessor-version":[{"id":6157,"href":"https:\/\/www.ajecta.fr\/index.php?rest_route=\/wp\/v2\/pages\/4915\/revisions\/6157"}],"wp:attachment":[{"href":"https:\/\/www.ajecta.fr\/index.php?rest_route=%2Fwp%2Fv2%2Fmedia&parent=4915"}],"curies":[{"name":"wp","href":"https:\/\/api.w.org\/{rel}","templated":true}]}}