{"id":470,"date":"2016-08-06T19:32:34","date_gmt":"2016-08-06T18:32:34","guid":{"rendered":"http:\/\/www.ajecta.fr\/?page_id=470"},"modified":"2019-06-25T11:11:20","modified_gmt":"2019-06-25T10:11:20","slug":"nos-souscriptions","status":"publish","type":"page","link":"https:\/\/www.ajecta.fr\/?page_id=470","title":{"rendered":"Nos souscriptions"},"content":{"rendered":"<p>Afin de pouvoir avancer dans ses projets, l\u2019Ajecta \u00e0 besoin de vous\u00a0!<\/p>\n<p>Que vous soyez particuliers, fondations ou entreprises, vous pouvez nous aider\u00a0en participant financi\u00e8rement \u00e0 nos projets par des dons\u00a0:<\/p>\n<ul>\n<li>Pour les particuliers, votre don est d\u00e9ductible de l\u2019imp\u00f4t sur le revenu \u00e0 hauteur de 66% du don et dans la limite de 20% du revenu imposable. Ex : un don de 100\u20ac = 66 \u20ac d\u2019\u00e9conomie d\u2019imp\u00f4t.<\/li>\n<li>Pour les entreprises, d\u00e9duction de l\u2019imp\u00f4t sur les soci\u00e9t\u00e9s, \u00e0 hauteur de 60 % du don dans la limite de 5 pour mille du chiffre d\u2019affaires. Ex : un don de 500 \u20ac = 300 \u20ac d\u2019\u00e9conomie d\u2019imp\u00f4t.<\/li>\n<\/ul>\n<p>Actuellement deux grands projets sont en cours :<\/p>\n<ul>\n<li><a href=\"https:\/\/www.ajecta.fr\/?page_id=38\">La sauvegarde et la restauration de la 241P30\u00a0<\/a><\/li>\n<\/ul>\n<p><img loading=\"lazy\" decoding=\"async\" class=\"alignnone size-large wp-image-3076\" src=\"https:\/\/www.ajecta.fr\/wp-content\/uploads\/2019\/06\/IMG_5557-1024x683.jpg\" alt=\"\" width=\"1024\" height=\"683\" srcset=\"https:\/\/www.ajecta.fr\/wp-content\/uploads\/2019\/06\/IMG_5557.jpg 1024w, https:\/\/www.ajecta.fr\/wp-content\/uploads\/2019\/06\/IMG_5557-300x200.jpg 300w\" sizes=\"auto, (max-width: 1024px) 100vw, 1024px\" \/><\/p>\n<ul>\n<li><a href=\"https:\/\/www.ajecta.fr\/?page_id=472\">La restauration de la Rotonde de Longueville<\/a><\/li>\n<\/ul>\n<div id=\"attachment_327\" style=\"width: 910px\" class=\"wp-caption alignnone\"><img loading=\"lazy\" decoding=\"async\" aria-describedby=\"caption-attachment-327\" class=\"wp-image-327 size-large\" src=\"https:\/\/www.ajecta.fr\/wp-content\/uploads\/2016\/05\/RCDSC03204-1024x681.jpg\" width=\"900\" height=\"599\" srcset=\"https:\/\/www.ajecta.fr\/wp-content\/uploads\/2016\/05\/RCDSC03204.jpg 1024w, https:\/\/www.ajecta.fr\/wp-content\/uploads\/2016\/05\/RCDSC03204-300x200.jpg 300w, https:\/\/www.ajecta.fr\/wp-content\/uploads\/2016\/05\/RCDSC03204-768x511.jpg 768w, https:\/\/www.ajecta.fr\/wp-content\/uploads\/2016\/05\/RCDSC03204-226x150.jpg 226w, https:\/\/www.ajecta.fr\/wp-content\/uploads\/2016\/05\/RCDSC03204-150x100.jpg 150w\" sizes=\"auto, (max-width: 900px) 100vw, 900px\" \/><p id=\"caption-attachment-327\" class=\"wp-caption-text\">Restauration de la rotonde<\/p><\/div>\n","protected":false},"excerpt":{"rendered":"<p>Afin de pouvoir avancer dans ses projets, l\u2019Ajecta \u00e0 besoin de vous\u00a0! Que vous soyez particuliers, fondations ou entreprises, vous pouvez nous aider\u00a0en participant financi\u00e8rement \u00e0 nos projets par des dons\u00a0: Pour les particuliers, votre don est d\u00e9ductible de l\u2019imp\u00f4t sur le revenu \u00e0 hauteur de 66% du don et\u2026<\/p>\n<p class=\"continue-reading-button\"> <a class=\"continue-reading-link\" href=\"https:\/\/www.ajecta.fr\/?page_id=470\">Continue reading<i class=\"crycon-right-dir\"><\/i><\/a><\/p>\n","protected":false},"author":1,"featured_media":0,"parent":0,"menu_order":0,"comment_status":"closed","ping_status":"closed","template":"","meta":{"footnotes":""},"class_list":["post-470","page","type-page","status-publish","hentry"],"_links":{"self":[{"href":"https:\/\/www.ajecta.fr\/index.php?rest_route=\/wp\/v2\/pages\/470","targetHints":{"allow":["GET"]}}],"collection":[{"href":"https:\/\/www.ajecta.fr\/index.php?rest_route=\/wp\/v2\/pages"}],"about":[{"href":"https:\/\/www.ajecta.fr\/index.php?rest_route=\/wp\/v2\/types\/page"}],"author":[{"embeddable":true,"href":"https:\/\/www.ajecta.fr\/index.php?rest_route=\/wp\/v2\/users\/1"}],"replies":[{"embeddable":true,"href":"https:\/\/www.ajecta.fr\/index.php?rest_route=%2Fwp%2Fv2%2Fcomments&post=470"}],"version-history":[{"count":1,"href":"https:\/\/www.ajecta.fr\/index.php?rest_route=\/wp\/v2\/pages\/470\/revisions"}],"predecessor-version":[{"id":3077,"href":"https:\/\/www.ajecta.fr\/index.php?rest_route=\/wp\/v2\/pages\/470\/revisions\/3077"}],"wp:attachment":[{"href":"https:\/\/www.ajecta.fr\/index.php?rest_route=%2Fwp%2Fv2%2Fmedia&parent=470"}],"curies":[{"name":"wp","href":"https:\/\/api.w.org\/{rel}","templated":true}]}}