{"id":4269,"date":"2021-04-16T12:17:09","date_gmt":"2021-04-16T11:17:09","guid":{"rendered":"https:\/\/www.ajecta.fr\/?page_id=4269"},"modified":"2023-07-10T08:34:12","modified_gmt":"2023-07-10T07:34:12","slug":"lajecta-a-besoin-de-vous","status":"publish","type":"page","link":"https:\/\/www.ajecta.fr\/?page_id=4269","title":{"rendered":"L&rsquo;AJECTA a besoin de vous."},"content":{"rendered":"\n<p>Cher(e)s membres,<\/p>\n\n\n\n<p>Cher(e)s ami(e)s,<\/p>\n\n\n\n<p><\/p>\n\n\n\n<p>L&rsquo;AJECTA n&rsquo;existe que gr\u00e2ce \u00e0 votre g\u00e9n\u00e9rosit\u00e9. Afin de pouvoir continuer \u00e0 exister l&rsquo;AJECTA a besoin de vous. N\u2019h\u00e9sitez pas, si ce n\u2019est d\u00e9j\u00e0 fait, \u00e0 renouveler votre adh\u00e9sion \u00e0 l\u2019AJECTA ou bien \u00e0 faire un don (d\u00e9ductible des imp\u00f4ts).&nbsp;<\/p>\n\n\n\n<p>Nous remercions les \u00e9lus locaux et nos entreprises habituelles partenaires pour les m\u00e9c\u00e9nats, subventions ou tarifications adapt\u00e9es envers notre structure.<\/p>\n\n\n\n<p>Merci d\u2019avance pour vos t\u00e9moignages de sympathie et votre solidarit\u00e9.<\/p>\n\n\n\n<p><\/p>\n\n\n\n<p>La cotisation est fix\u00e9e \u00e0 40 \u20ac. <\/p>\n\n\n\n<p>Si vous le souhaitez, vous pouvez augmenter votre cotisation d&rsquo;un don qui sera&nbsp; affect\u00e9 au budget g\u00e9n\u00e9ral de l&rsquo;association et qui ouvre droit \u00e0 r\u00e9duction d&rsquo;imp\u00f4t au titre de l&rsquo;article 200 du CGI. Si votre don est sup\u00e9rieur \u00e0 30\u20ac vous obtenez&nbsp; la distinction de membre bienfaiteur,&nbsp;<\/p>\n\n\n\n<p>Vous pouvez r\u00e9gler votre cotisation ou votre don par ch\u00e8que d&rsquo;une banque \u00e9tablie en France, libell\u00e9 \u00e0 l&rsquo;ordre de l&rsquo;AJECTA et envoy\u00e9 au si\u00e8ge de l&rsquo;association situ\u00e9 au d\u00e9p\u00f4t des Locomotives, 3 rue Louis PLATRIEZ, 77650 LONGUEVILLE<\/p>\n\n\n\n<p>Vous pouvez, \u00e9galement, effectuer un virement sur le compte suivant:&nbsp;<\/p>\n\n\n\n<p>&nbsp; &nbsp; &nbsp; IBAN: Nous contacter<\/p>\n\n\n\n<p>&nbsp; &nbsp; &nbsp;&nbsp;BIC: Nous contacter<\/p>\n\n\n\n<p>Vous pouvez, aussi, r\u00e9gler avec votre carte bleue : <\/p>\n\n\n\n<p>&nbsp; &nbsp; &nbsp; &nbsp; &nbsp; &nbsp; &nbsp; &#8211; <a href=\"https:\/\/www.ajecta.fr\/?page_id=3642\" target=\"_blank\" rel=\"noreferrer noopener\">Cliquer ici pour r\u00e9gler votre cotisation.<\/a>&nbsp;<\/p>\n\n\n\n<p>&nbsp; &nbsp; &nbsp; &nbsp; &nbsp; &nbsp; &nbsp; &#8211; <a href=\"https:\/\/www.ajecta.fr\/?page_id=2210\" target=\"_blank\" rel=\"noreferrer noopener\">Cliquez ici pour un don<\/a>\n <\/p>\n\n\n\n<p>Ne postez pas d&rsquo;esp\u00e8ces s&rsquo;il vous pla\u00eet.<\/p>\n\n\n\n<p>Nous vous remercions de bien vouloir accompagner votre r\u00e8glement des informations suivantes: Nom, Pr\u00e9nom, Cotisation et\/ou Don.<\/p>\n\n\n\n<p>Recevez nos salutations amicales,<\/p>\n\n\n\n<p><\/p>\n","protected":false},"excerpt":{"rendered":"<p>Cher(e)s membres, Cher(e)s ami(e)s, L&rsquo;AJECTA n&rsquo;existe que gr\u00e2ce \u00e0 votre g\u00e9n\u00e9rosit\u00e9. Afin de pouvoir continuer \u00e0 exister l&rsquo;AJECTA a besoin de vous. N\u2019h\u00e9sitez pas, si ce n\u2019est d\u00e9j\u00e0 fait, \u00e0 renouveler votre adh\u00e9sion \u00e0 l\u2019AJECTA ou bien \u00e0 faire un don (d\u00e9ductible des imp\u00f4ts).&nbsp; Nous remercions les \u00e9lus locaux et\u2026<\/p>\n<p class=\"continue-reading-button\"> <a class=\"continue-reading-link\" href=\"https:\/\/www.ajecta.fr\/?page_id=4269\">Continue reading<i class=\"crycon-right-dir\"><\/i><\/a><\/p>\n","protected":false},"author":1,"featured_media":0,"parent":0,"menu_order":0,"comment_status":"closed","ping_status":"closed","template":"","meta":{"footnotes":""},"class_list":["post-4269","page","type-page","status-publish","hentry"],"_links":{"self":[{"href":"https:\/\/www.ajecta.fr\/index.php?rest_route=\/wp\/v2\/pages\/4269","targetHints":{"allow":["GET"]}}],"collection":[{"href":"https:\/\/www.ajecta.fr\/index.php?rest_route=\/wp\/v2\/pages"}],"about":[{"href":"https:\/\/www.ajecta.fr\/index.php?rest_route=\/wp\/v2\/types\/page"}],"author":[{"embeddable":true,"href":"https:\/\/www.ajecta.fr\/index.php?rest_route=\/wp\/v2\/users\/1"}],"replies":[{"embeddable":true,"href":"https:\/\/www.ajecta.fr\/index.php?rest_route=%2Fwp%2Fv2%2Fcomments&post=4269"}],"version-history":[{"count":6,"href":"https:\/\/www.ajecta.fr\/index.php?rest_route=\/wp\/v2\/pages\/4269\/revisions"}],"predecessor-version":[{"id":6126,"href":"https:\/\/www.ajecta.fr\/index.php?rest_route=\/wp\/v2\/pages\/4269\/revisions\/6126"}],"wp:attachment":[{"href":"https:\/\/www.ajecta.fr\/index.php?rest_route=%2Fwp%2Fv2%2Fmedia&parent=4269"}],"curies":[{"name":"wp","href":"https:\/\/api.w.org\/{rel}","templated":true}]}}