{"id":421,"date":"2016-07-29T21:19:39","date_gmt":"2016-07-29T20:19:39","guid":{"rendered":"http:\/\/www.ajecta.fr\/?page_id=421"},"modified":"2016-08-23T20:08:39","modified_gmt":"2016-08-23T19:08:39","slug":"troyes-en-train-a-vapeur","status":"publish","type":"page","link":"https:\/\/www.ajecta.fr\/?page_id=421","title":{"rendered":"Troyes en Train \u00e0 vapeur !"},"content":{"rendered":"<div id=\"attachment_449\" style=\"width: 610px\" class=\"wp-caption alignright\"><img loading=\"lazy\" decoding=\"async\" aria-describedby=\"caption-attachment-449\" class=\"size-full wp-image-449\" src=\"https:\/\/www.ajecta.fr\/wp-content\/uploads\/2016\/07\/troyes-colombages-OTSI-600.jpg\" alt=\"Les maisons \u00e0 colombages du centre historiques de Troyes (photo OTSI Troyes)\" width=\"600\" height=\"403\" srcset=\"https:\/\/www.ajecta.fr\/wp-content\/uploads\/2016\/07\/troyes-colombages-OTSI-600.jpg 600w, https:\/\/www.ajecta.fr\/wp-content\/uploads\/2016\/07\/troyes-colombages-OTSI-600-300x202.jpg 300w, https:\/\/www.ajecta.fr\/wp-content\/uploads\/2016\/07\/troyes-colombages-OTSI-600-223x150.jpg 223w, https:\/\/www.ajecta.fr\/wp-content\/uploads\/2016\/07\/troyes-colombages-OTSI-600-150x101.jpg 150w\" sizes=\"auto, (max-width: 600px) 100vw, 600px\" \/><p id=\"caption-attachment-449\" class=\"wp-caption-text\">Les maisons \u00e0 colombages du centre historiques de Troyes (photo OTSI Troyes)<\/p><\/div>\n<p style=\"text-align: justify;\">Notre derni\u00e8re sortie estivale nous conduira \u00e0 Troyes,\u00a0cit\u00e9 historique d&rsquo;importance nationale, non seulement par son pass\u00e9 tr\u00e8s riche, mais surtout parce qu&rsquo;elle poss\u00e8de encore un patrimoine exceptionnel de maisons \u00e0 pans de bois du XVI\u00e8me si\u00e8cle. L&rsquo;homog\u00e9n\u00e9it\u00e9 de cet ensemble a pour origine un grand incendie qui avait ravag\u00e9 un quart de la ville en 1524, d\u00e9truit non moins de 1500 maisons et n\u00e9cessit\u00e9 la reconstruction int\u00e9grale de plusieurs quartiers. Menac\u00e9es de dispara\u00eetre lors des reconstructions qui ont suivi la seconde guerre mondiale, ces maisons doivent leur pr\u00e9servation \u00e0 l&rsquo;action, \u00e0 la fin des ann\u00e9es 50, d&rsquo;une association de sauvegarde du Vieux Troyes, \u00e0 l&rsquo;origine de la prise de conscience de la valeur exceptionnelle de ce patrimoine.<\/p>\n<p>La restauration de la premi\u00e8re maison, celle du boulanger, a \u00e9t\u00e9 achev\u00e9e d\u00e8s 1965 et le programme s&rsquo;est poursuivi jusqu&rsquo;\u00e0 nos jours. C&rsquo;est maintenant la totalit\u00e9 du centre ville historique, en grande partie pi\u00e9tonnier, qui fait l&rsquo;objet de mesures de protection. Localis\u00e9 \u00e0 seulement quelques centaines de m\u00e8tres de la gare SNCF, vous pourrez facilement profiter de notre arr\u00eat de l&rsquo;apr\u00e8s-midi pour le d\u00e9couvrir.(<a href=\"http:\/\/www.tourisme-troyes.com\/sites\/tourisme-troyes\/files\/brochures\/files\/plan_2016_pour_site.pdf\" target=\"_blank\">T\u00e9l\u00e9charger le plan <\/a>sur le site de l&rsquo;Office du Tourisme).<\/p>\n<p>&nbsp;<\/p>\n<div id=\"attachment_448\" style=\"width: 610px\" class=\"wp-caption alignleft\"><img loading=\"lazy\" decoding=\"async\" aria-describedby=\"caption-attachment-448\" class=\"size-full wp-image-448\" src=\"https:\/\/www.ajecta.fr\/wp-content\/uploads\/2016\/07\/Troyes-140C208-Poggi-600.jpg\" alt=\"Derniers panaches en gare de Troyes au d\u00e9but des ann\u00e9es 70 (photo J.-L. Poggi)\" width=\"600\" height=\"455\" srcset=\"https:\/\/www.ajecta.fr\/wp-content\/uploads\/2016\/07\/Troyes-140C208-Poggi-600.jpg 600w, https:\/\/www.ajecta.fr\/wp-content\/uploads\/2016\/07\/Troyes-140C208-Poggi-600-300x228.jpg 300w, https:\/\/www.ajecta.fr\/wp-content\/uploads\/2016\/07\/Troyes-140C208-Poggi-600-198x150.jpg 198w, https:\/\/www.ajecta.fr\/wp-content\/uploads\/2016\/07\/Troyes-140C208-Poggi-600-150x114.jpg 150w\" sizes=\"auto, (max-width: 600px) 100vw, 600px\" \/><p id=\"caption-attachment-448\" class=\"wp-caption-text\">Derniers panaches en gare de Troyes au d\u00e9but des ann\u00e9es 70 (photo J.-L. Poggi)<\/p><\/div>\n<p>C&rsquo;est\u00a0aussi avec nostalgie que nous\u00a0aimons revenir\u00a0sous la magnifique marquise de\u00a0la gare de Troyes. C&rsquo;est en effet de l\u00e0 qu&rsquo;est parti, il y a plus de quarante ans, le dernier train \u00e0 vapeur de France, le 24 septembre 1975. Au d\u00e9but des ann\u00e9es 70, les derniers bastions de la vapeur cessaient progressivement leur activit\u00e9: Verdun, Vierzon, Nevers, Narbonne, Sarreguemines, pour ne citer qu&rsquo;eux, \u00e9taient les lieux visit\u00e9s par les amateurs de locomotives \u00e0 vapeur qui venaient admirer leurs ultimes panaches.<\/p>\n<p>La gare de Troyes est celle qui aura r\u00e9sist\u00e9 le plus longtemps avec l&rsquo;utilisation des derni\u00e8res locomotives du type\u00a0140 C pour l&rsquo;exploitation de la ligne Troyes-Chatillon sur Seine. En 1972 d\u00e9j\u00e0, c&rsquo;est sur cette ligne que circule le dernier omnibus en traction vapeur, mais c&rsquo;est surtout entre le printemps 1974 et l&rsquo;automne 1975 que les lignes de l&rsquo;\u00e9toile de Ch\u00e2tillon-sur-Seine deviennent les derni\u00e8res de France \u00e0 voir encore passer des locomotives \u00e0 vapeur, jusqu&rsquo;\u00e0 ce 24 septembre o\u00f9 les passionn\u00e9s qui avaient fait le d\u00e9placement ne r\u00e9aliseront qu&rsquo;apr\u00e8s coup que le train de marchandises Troyes-Chatillon qu&rsquo;ils viennent de photographier \u00e9tait le tout dernier ! Revenir \u00e0 Troyes en train \u00e0 vapeur sera donc tr\u00e8s \u00e9mouvant pour tous les amoureux des locomotives.<\/p>\n<div id=\"attachment_447\" style=\"width: 610px\" class=\"wp-caption alignright\"><img loading=\"lazy\" decoding=\"async\" aria-describedby=\"caption-attachment-447\" class=\"size-full wp-image-447\" src=\"https:\/\/www.ajecta.fr\/wp-content\/uploads\/2016\/07\/train-vapeur-Flamboin_Santiciolli-600.jpg\" alt=\"Le train \u00e0 vapeur traverse la gare de Flamboin (31 ao\u00fbt 2013 - Photo C. Santiciolli)\" width=\"600\" height=\"363\" srcset=\"https:\/\/www.ajecta.fr\/wp-content\/uploads\/2016\/07\/train-vapeur-Flamboin_Santiciolli-600.jpg 600w, https:\/\/www.ajecta.fr\/wp-content\/uploads\/2016\/07\/train-vapeur-Flamboin_Santiciolli-600-300x182.jpg 300w, https:\/\/www.ajecta.fr\/wp-content\/uploads\/2016\/07\/train-vapeur-Flamboin_Santiciolli-600-248x150.jpg 248w, https:\/\/www.ajecta.fr\/wp-content\/uploads\/2016\/07\/train-vapeur-Flamboin_Santiciolli-600-150x91.jpg 150w\" sizes=\"auto, (max-width: 600px) 100vw, 600px\" \/><p id=\"caption-attachment-447\" class=\"wp-caption-text\">Le train \u00e0 vapeur traverse la gare de Flamboin (31 ao\u00fbt 2013 &#8211; Photo C. Santiciolli)<\/p><\/div>\n<p>Pour se rendre \u00e0 Troyes, notre train sp\u00e9cial partira de Longueville en empruntant la \u00ab\u00a0ligne 4\u00a0\u00bb, sur une portion de l&rsquo;itin\u00e9raire mythique Paris-Mulhouse, quasiment la seule grande radiale fran\u00e7aise non encore \u00e9lectrifi\u00e9e. Elle est depuis quelques ann\u00e9es devenue le territoire de chasse des photographes ferroviaires, amateurs de beaux d\u00e9cors et de gros di\u00e9sels. Avec ses b\u00e2timents d&rsquo;origine de la compagnie des Chemins de Fer de l&rsquo;Est et leurs installations, l&rsquo;ambiance \u00ab\u00a0\u00e0 l&rsquo;ancienne\u00a0\u00bb de la ligne 4 est garantie!<\/p>\n<p>C&rsquo;est la 141 TB 424, une locomotive qui appartient \u00e0 nos amis de la AAATV de Mulhouse, qui assurera la remorque de ce train. Habituellement bas\u00e9e en Alsace, la 141 TB 424 est en ce moment h\u00e9berg\u00e9e \u00e0 Longueville. Comme notre 141 TB 407, sa soeur a\u00een\u00e9e de quelques mois, est \u00e0 l&rsquo;atelier pour y subir les grands travaux d\u00e9cennaux, c&rsquo;est la 424 qui la remplace pour l&rsquo;occasion.<\/p>\n<p>Ces deux locomotives avaient d\u00e9j\u00e0 eu l&rsquo;occasion de f\u00eater ensemble leur premier centenaire en 2013. Con\u00e7ues pour le service de la banlieue de Paris-Est, elles avaient toutes deux \u00e9t\u00e9 mut\u00e9es en 1962, apr\u00e8s l&rsquo;\u00e9lectrification de cette gare, sur la ligne Paris-Bastille \/ Boissy St L\u00e9ger, jusqu&rsquo;\u00e0 la cr\u00e9ation de la ligne A du RER en 1969. Des 112 machines construites, elles en sont les deux seules survivantes.<\/p>\n<div id=\"attachment_446\" style=\"width: 610px\" class=\"wp-caption alignleft\"><img loading=\"lazy\" decoding=\"async\" aria-describedby=\"caption-attachment-446\" class=\"size-full wp-image-446\" src=\"https:\/\/www.ajecta.fr\/wp-content\/uploads\/2016\/07\/rame-interieur-ajecta-berger-600.jpg\" alt=\"Ambiance ann\u00e9es 1930 \u00e0 l'int\u00e9rieur de la rame (photo Ajecta \/ P. Berger)\" width=\"600\" height=\"400\" srcset=\"https:\/\/www.ajecta.fr\/wp-content\/uploads\/2016\/07\/rame-interieur-ajecta-berger-600.jpg 600w, https:\/\/www.ajecta.fr\/wp-content\/uploads\/2016\/07\/rame-interieur-ajecta-berger-600-300x200.jpg 300w, https:\/\/www.ajecta.fr\/wp-content\/uploads\/2016\/07\/rame-interieur-ajecta-berger-600-225x150.jpg 225w, https:\/\/www.ajecta.fr\/wp-content\/uploads\/2016\/07\/rame-interieur-ajecta-berger-600-150x100.jpg 150w\" sizes=\"auto, (max-width: 600px) 100vw, 600px\" \/><p id=\"caption-attachment-446\" class=\"wp-caption-text\">Ambiance ann\u00e9es 1930 \u00e0 l&rsquo;int\u00e9rieur de la rame (photo Ajecta \/ P. Berger)<\/p><\/div>\n<p>La rame dans laquelle les voyageurs vont prendre place sera constitu\u00e9es de voitures de grandes lignes des ann\u00e9es 1930, \u00e0 laquelle seront ajout\u00e9es une voiture Pullman de 1929 et une voiture Restaurant \u00ab\u00a0Train Bleu\u00a0\u00bb de 1940 qui proposera un service de d\u00e9jeuner et de d\u00eener.<\/p>\n<p>Deux arr\u00eats sont pr\u00e9vus \u00e0 Nogent-sur-Seine et Romilly-sur-Seine, le second permettant \u00e9galement d&rsquo;assurer le ravitaillement en eau de la locomotive.<\/p>\n<p>Une modification des horaires officiels nous\u00a0a \u00e9t\u00e9\u00a0communiqu\u00e9e le 23 ao\u00fbt\u00a0par la SNCF. Elle concerne le voyage retour.<\/p>\n<p><span style=\"color: #ffcc00;\"><strong><em>Voyage aller<\/em><\/strong><\/span><\/p>\n<p>LONGUEVILLE :\u00a011h59 &#8211; NOGENT sur SEINE :\u00a012h24<\/p>\n<p>ROMILLY sur SEINE :\u00a012h55 &#8211; TROYES :\u00a014h21<\/p>\n<p><span style=\"color: #ffcc00;\"><em><strong>Voyage retour<\/strong><\/em><\/span><\/p>\n<p>TROYES: <span style=\"color: #ff0000;\">18h45<\/span> &#8211; ROMILLY sur SEINE : <span style=\"color: #ff0000;\">19h30<\/span> &#8211; NOGENT sur SEINE : <span style=\"color: #ff0000;\">20h36<\/span> &#8211; LONGUEVILLE\u00a0: <span style=\"color: #ff0000;\">21h08<\/span><\/p>\n<p><span style=\"color: #ffcc00;\"><em><strong>Vos places<\/strong><\/em><\/span><\/p>\n<p>Pour prendre place \u00e0 bord de ce train sp\u00e9cial, la r\u00e9servation est obligatoire. Plusieurs formules au choix vous sont propos\u00e9es, toutes vous permettant de voyager dans du mat\u00e9riel historique.<\/p>\n<p>Si vous aimez le grand confort, l\u2019AJECTA met \u00e0 votre disposition un espace \u00e0 la fois luxueux et chaleureux, la Voiture-Pullman n\u00b04155. Cette voiture, certainement l&rsquo;une des plus belles pi\u00e8ces de notre collection, a repr\u00e9sent\u00e9 le summum du luxe et du confort sur rails. <span style=\"color: #ff0000;\">ATTENTION: La voiture-Pullman est compl\u00e8te<\/span>.<\/p>\n<div id=\"attachment_445\" style=\"width: 610px\" class=\"wp-caption alignright\"><img loading=\"lazy\" decoding=\"async\" aria-describedby=\"caption-attachment-445\" class=\"size-full wp-image-445\" src=\"https:\/\/www.ajecta.fr\/wp-content\/uploads\/2016\/07\/pullman-4155-Baldy-600.jpg\" alt=\"La voiture Pullman &quot;C\u00f4te d'Azur&quot; n\u00b04155 (photo P.Baldy)\" width=\"600\" height=\"399\" srcset=\"https:\/\/www.ajecta.fr\/wp-content\/uploads\/2016\/07\/pullman-4155-Baldy-600.jpg 600w, https:\/\/www.ajecta.fr\/wp-content\/uploads\/2016\/07\/pullman-4155-Baldy-600-300x200.jpg 300w, https:\/\/www.ajecta.fr\/wp-content\/uploads\/2016\/07\/pullman-4155-Baldy-600-226x150.jpg 226w, https:\/\/www.ajecta.fr\/wp-content\/uploads\/2016\/07\/pullman-4155-Baldy-600-150x100.jpg 150w\" sizes=\"auto, (max-width: 600px) 100vw, 600px\" \/><p id=\"caption-attachment-445\" class=\"wp-caption-text\">La voiture Pullman \u00ab\u00a0C\u00f4te d&rsquo;Azur\u00a0\u00bb n\u00b04155 (photo P.Baldy)<\/p><\/div>\n<p>Celle-ci est n\u00e9e le 11 juillet 1929 dans les ateliers des entreprises industrielles chatentaises \u00e0 Aytr\u00e9 (Charente). Son am\u00e9nagement int\u00e9rieur est l&rsquo;oeuvre du marqueteur Ren\u00e9 Prou et son \u00e9clairage fait appel aux verreries de Ren\u00e9 Lalique. D&rsquo;abord \u00e9t\u00e9 incorpor\u00e9e au \u00ab\u00a0C\u00f4te d&rsquo;Azur Pullman Express\u00a0\u00bb de 1931 \u00e0 1939, elle a \u00e9t\u00e9 transf\u00e9r\u00e9e \u00e0 Rome en 1952 o\u00f9 elle a assur\u00e9 pendant trois ans du service sur Milan-Naples. Elle compte parmi les derni\u00e8res voitures \u00e0 avoir assur\u00e9 un service Pullman r\u00e9gulier jusqu&rsquo;en 1971 (Sud-Express).<\/p>\n<p>Le voyage en Pullman comprend \u00e9galement les d\u00e9jeuner et d\u00eener, pr\u00e9par\u00e9s dans la voiture-restaurant \u00ab\u00a0Tran-Bleu\u00a0\u00bb. Ces repas, compris dans le billet Pullman, sont servis \u00e0 la place.<\/p>\n<p>En confort sup\u00e9rieur (1\u00e8re classe), \u00e0 6 par compartiment, vous retrouverez l&rsquo;atmosph\u00e8re des trains de grandes lignes des ann\u00e9es 50. Les banquettes, recouvertes de tissu d&rsquo;\u00e9poque, et le sol moquett\u00e9 vous permettront de voyager confortablement. Les compartiments sont r\u00e9partis entre deux voitures, respectivement ex-Compagnie des chemins de fer de l&rsquo;Est de 1932, et ex-Compagnie du PLM de 1911, reconstruite en 1961.<\/p>\n<p>En confort classique (seconde classe), vous voyagerez \u00e9conomiquement et profiterez pleinement de l&rsquo;ambiance \u00ab\u00a0cong\u00e9s pay\u00e9s\u00a0\u00bb des trains \u00e0 vapeur. La voiture, construite en 1932, est originaire de la Compagnie des Chemins de Fer de l&rsquo;EST. Toutes les voitures grandes lignes de notre collection ont \u00e9t\u00e9 pr\u00e9serv\u00e9es au milieu des ann\u00e9es 80, lorsqu&rsquo;ont \u00e9t\u00e9 r\u00e9form\u00e9es les derniers mat\u00e9riels datant d&rsquo;avant la cr\u00e9ation de la SNCF.<\/p>\n<div id=\"attachment_464\" style=\"width: 610px\" class=\"wp-caption alignleft\"><img loading=\"lazy\" decoding=\"async\" aria-describedby=\"caption-attachment-464\" class=\"size-full wp-image-464\" src=\"https:\/\/www.ajecta.fr\/wp-content\/uploads\/2016\/07\/Restau4207-Berger-600.jpg\" alt=\"D\u00e9jeuner \u00e0 bord de la voiture &quot;Train Bleu &quot; 4207 (photo Ajecta \/ P Berger)\" width=\"600\" height=\"452\" srcset=\"https:\/\/www.ajecta.fr\/wp-content\/uploads\/2016\/07\/Restau4207-Berger-600.jpg 600w, https:\/\/www.ajecta.fr\/wp-content\/uploads\/2016\/07\/Restau4207-Berger-600-300x226.jpg 300w, https:\/\/www.ajecta.fr\/wp-content\/uploads\/2016\/07\/Restau4207-Berger-600-199x150.jpg 199w, https:\/\/www.ajecta.fr\/wp-content\/uploads\/2016\/07\/Restau4207-Berger-600-150x113.jpg 150w\" sizes=\"auto, (max-width: 600px) 100vw, 600px\" \/><p id=\"caption-attachment-464\" class=\"wp-caption-text\">D\u00e9jeuner \u00e0 bord de la voiture \u00ab\u00a0Train Bleu \u00a0\u00bb 4207 (photo Ajecta \/ P Berger)<\/p><\/div>\n<p>La voiture-restaurant \u00ab\u00a0Train-Bleu\u00a0\u00bb n\u00b0 4207 assurera un service de d\u00e9jeuner \u00e0 l&rsquo;aller et de d\u00eener au retour. Cette voiture fait partie de la s\u00e9rie 4201 \u00e0 4216 construite en 1940 par la soci\u00e9t\u00e9 des ateliers m\u00e9tallurgiques de Nivelles en Belgique. Pendant la guerre, elle est mise \u00e0 la disposition des autorit\u00e9s allemandes et part en Allemagne avec bien d\u2019autres en vue de former des trains d\u2019\u00e9tat major. D&rsquo;abord d\u00e9clar\u00e9e disparue \u00e0 lib\u00e9ration, elle retrouv\u00e9e en \u00e9t\u00e9 1947 dans la zone d\u2019occupation US, partiellement endommag\u00e9e par un bombardement. Enti\u00e8rement remise en \u00e9tat dans les ateliers wagons-lits de Saint-Denis, elle reprend du service \u00e0 la fin des ann\u00e9es 40, alors que la compagnie des Wagons-Lits s\u2019effor\u00e7ait de remettre en service les trains de luxe de l\u2019avant guerre.<\/p>\n<p>La 4207 est alors affect\u00e9e au c\u00e9l\u00e8bre \u201cTrain Bleu\u201d reliant chaque nuit Paris \u00e0 la c\u00f4te d\u2019azur, jusqu\u2019au service d\u2019\u00e9t\u00e9 1957. Au milieu des ann\u00e9es 60, c\u2019est la p\u00e9riode de d\u00e9clin o\u00f9 les voitures de luxe d\u2019antan se retrouvent sur les relations transversales ou simplement gar\u00e9es en attente d\u2019hypoth\u00e9tiques services. Lorsque la 4207 est r\u00e9form\u00e9e au cours de l\u2019hiver 1976-1977, elle est sauv\u00e9e du chalumeau des ferrailleurs par l&rsquo;AJECTA.<\/p>\n<p>Les repas servis \u00e0 bord, au tarif unique de\u00a040 \u20ac, comprendront: une entr\u00e9e cuisin\u00e9e, un plat garni, un plateau de fromages, dessert, caf\u00e9.<\/p>\n<p>Attention, compte-tenu des horaires de circulation, les services de d\u00e9jeuner et de d\u00eener ne seront accessibles qu&rsquo;aux voyageurs partant de Longueville.<\/p>\n<p><span style=\"color: #ffcc00;\"><strong><em>S&rsquo;inscrire<\/em><\/strong><\/span><\/p>\n<p>La r\u00e9servation de vos places et, le cas \u00e9ch\u00e9ant, de vos repas, doit \u00eatre effectu\u00e9e en utilisant <a href=\"https:\/\/www.ajecta.fr\/wp-content\/uploads\/2016\/04\/Bulletin_Inscription_Troyes2016_2xA4_Final.pdf\" target=\"_blank\">le bulletin d&rsquo;inscription \u00e0 t\u00e9l\u00e9charger<\/a>. Notez qu&rsquo;il n&rsquo;est pas d\u00e9livr\u00e9 d&rsquo;aller simple, ni de billets pour les parcours Longueville-Nogent et Longueville-Romilly.<br \/>\nLe bulletin d&rsquo;inscription est \u00e0 nous faire parvenir par courrier \u00e0 l&rsquo;adresse suivante:<\/p>\n<p style=\"text-align: center;\">AJECTA &#8211; Troyes 2016<br \/>\nRotonde des Locomotives<br \/>\n3 Rue Louis Platriez<br \/>\n77650 LONGUEVILLE<\/p>\n<p>Notez que votre inscription ne sera effective qu&rsquo;\u00e0 r\u00e9ception de votre r\u00e8glement, par ch\u00e8que\u00a0libell\u00e9 \u00e0 l\u2019ordre de l\u2019AJECTA ou par virement sur le compte dont les r\u00e9f\u00e9rences sont indiqu\u00e9es sur le bulletin d&rsquo;inscription. Notez \u00e9galement que les ch\u00e8ques de r\u00e9servation ne sont mis en paiement qu&rsquo;apr\u00e8s la circulation. Ne vous \u00e9tonnez donc pas si votre ch\u00e8que n&rsquo;est pas d\u00e9bit\u00e9 avant le voyage, ceci ne veut pas dire que votre inscription n&rsquo;a pas \u00e9t\u00e9 prise en compte. Pour tous renseignements compl\u00e9mentaires, vous pouvez prendre contact avec l&rsquo;\u00e9quipe organisatrice par courriel \u00e0 l&rsquo;adresse<\/p>\n<p>E-mail : trains@ajecta.org<\/p>\n<p><span style=\"color: #ffcc00;\"><em><strong>Infos pratiques<\/strong><\/em><\/span><\/p>\n<p>Longueville est une petite commune de Seine-et-Marne, situ\u00e9e \u00e0 quelques kilom\u00e8tres de Provins et \u00e0 environ 90 km au sud-est de Paris\u00a0 Vous pouvez vous y rendre par le train de banlieue depuis la gare de Paris-Est (ligne P) ou en voiture. Le train partira de la gare SNCF de Longueville.<\/p>\n<p>La gare SNCF de Longueville est situ\u00e9e en zone 5. Les horaires des principaux trains\u00a0le samedi 27 ao\u00fbt 2016 entre Paris-Est et Longueville sont consultables sur le site Web Transilien<\/p>\n<p>Pour ceux qui viennent en voiture, le village de Longueville poss\u00e8de plusieurs parkings. Vous trouverez <a href=\"https:\/\/www.ajecta.fr\/?page_id=32\">un plan d&rsquo;acc\u00e8s<\/a> sur la page ce site donnant les informations pratiques.<br \/>\n.<\/p>\n<p>&nbsp;<\/p>\n","protected":false},"excerpt":{"rendered":"<p>Notre derni\u00e8re sortie estivale nous conduira \u00e0 Troyes,\u00a0cit\u00e9 historique d&rsquo;importance nationale, non seulement par son pass\u00e9 tr\u00e8s riche, mais surtout parce qu&rsquo;elle poss\u00e8de encore un patrimoine exceptionnel de maisons \u00e0 pans de bois du XVI\u00e8me si\u00e8cle. L&rsquo;homog\u00e9n\u00e9it\u00e9 de cet ensemble a pour origine un grand incendie qui avait ravag\u00e9 un\u2026<\/p>\n<p class=\"continue-reading-button\"> <a class=\"continue-reading-link\" href=\"https:\/\/www.ajecta.fr\/?page_id=421\">Continue reading<i class=\"crycon-right-dir\"><\/i><\/a><\/p>\n","protected":false},"author":2,"featured_media":0,"parent":0,"menu_order":0,"comment_status":"closed","ping_status":"closed","template":"","meta":{"footnotes":""},"class_list":["post-421","page","type-page","status-publish","hentry"],"_links":{"self":[{"href":"https:\/\/www.ajecta.fr\/index.php?rest_route=\/wp\/v2\/pages\/421","targetHints":{"allow":["GET"]}}],"collection":[{"href":"https:\/\/www.ajecta.fr\/index.php?rest_route=\/wp\/v2\/pages"}],"about":[{"href":"https:\/\/www.ajecta.fr\/index.php?rest_route=\/wp\/v2\/types\/page"}],"author":[{"embeddable":true,"href":"https:\/\/www.ajecta.fr\/index.php?rest_route=\/wp\/v2\/users\/2"}],"replies":[{"embeddable":true,"href":"https:\/\/www.ajecta.fr\/index.php?rest_route=%2Fwp%2Fv2%2Fcomments&post=421"}],"version-history":[{"count":0,"href":"https:\/\/www.ajecta.fr\/index.php?rest_route=\/wp\/v2\/pages\/421\/revisions"}],"wp:attachment":[{"href":"https:\/\/www.ajecta.fr\/index.php?rest_route=%2Fwp%2Fv2%2Fmedia&parent=421"}],"curies":[{"name":"wp","href":"https:\/\/api.w.org\/{rel}","templated":true}]}}