{"id":3696,"date":"2020-04-19T12:30:35","date_gmt":"2020-04-19T11:30:35","guid":{"rendered":"https:\/\/www.ajecta.fr\/?page_id=3696"},"modified":"2020-04-19T12:41:45","modified_gmt":"2020-04-19T11:41:45","slug":"archives-2019","status":"publish","type":"page","link":"https:\/\/www.ajecta.fr\/?page_id=3696","title":{"rendered":"Archives 2019"},"content":{"rendered":"\n<p><a href=\"https:\/\/www.ajecta.fr\/wp-content\/uploads\/2020\/04\/AG2018-20191005.pdf\">Rapport de l&rsquo;Assembl\u00e9e G\u00e9n\u00e9rale 2019 Exercice 2018<\/a><\/p>\n\n\n\n<p><a href=\"https:\/\/www.ajecta.fr\/wp-content\/uploads\/2019\/10\/Pr\u00e9sentation-AG2018_v2.pdf\">Faits Marquants 2018<\/a><\/p>\n\n\n\n<p><a href=\"https:\/\/www.ajecta.fr\/wp-content\/uploads\/2019\/09\/BilanCompteResultat.pdf\">Bilan 2018 et Compte de R\u00e9sultat 2018<\/a><\/p>\n\n\n\n<p><a href=\"https:\/\/www.ajecta.fr\/wp-content\/uploads\/2019\/10\/Previsionnel-2019.pdf\">Budget Pr\u00e9visionnel 2019<\/a><\/p>\n","protected":false},"excerpt":{"rendered":"<p>Rapport de l&rsquo;Assembl\u00e9e G\u00e9n\u00e9rale 2019 Exercice 2018 Faits Marquants 2018 Bilan 2018 et Compte de R\u00e9sultat 2018 Budget Pr\u00e9visionnel 2019<\/p>\n<p class=\"continue-reading-button\"> <a class=\"continue-reading-link\" href=\"https:\/\/www.ajecta.fr\/?page_id=3696\">Continue reading<i class=\"crycon-right-dir\"><\/i><\/a><\/p>\n","protected":false},"author":1,"featured_media":0,"parent":0,"menu_order":0,"comment_status":"closed","ping_status":"closed","template":"","meta":{"footnotes":""},"class_list":["post-3696","page","type-page","status-publish","hentry"],"_links":{"self":[{"href":"https:\/\/www.ajecta.fr\/index.php?rest_route=\/wp\/v2\/pages\/3696","targetHints":{"allow":["GET"]}}],"collection":[{"href":"https:\/\/www.ajecta.fr\/index.php?rest_route=\/wp\/v2\/pages"}],"about":[{"href":"https:\/\/www.ajecta.fr\/index.php?rest_route=\/wp\/v2\/types\/page"}],"author":[{"embeddable":true,"href":"https:\/\/www.ajecta.fr\/index.php?rest_route=\/wp\/v2\/users\/1"}],"replies":[{"embeddable":true,"href":"https:\/\/www.ajecta.fr\/index.php?rest_route=%2Fwp%2Fv2%2Fcomments&post=3696"}],"version-history":[{"count":4,"href":"https:\/\/www.ajecta.fr\/index.php?rest_route=\/wp\/v2\/pages\/3696\/revisions"}],"predecessor-version":[{"id":3703,"href":"https:\/\/www.ajecta.fr\/index.php?rest_route=\/wp\/v2\/pages\/3696\/revisions\/3703"}],"wp:attachment":[{"href":"https:\/\/www.ajecta.fr\/index.php?rest_route=%2Fwp%2Fv2%2Fmedia&parent=3696"}],"curies":[{"name":"wp","href":"https:\/\/api.w.org\/{rel}","templated":true}]}}