{"id":3642,"date":"2020-02-28T14:39:18","date_gmt":"2020-02-28T13:39:18","guid":{"rendered":"https:\/\/www.ajecta.fr\/?page_id=3642"},"modified":"2025-01-24T21:37:17","modified_gmt":"2025-01-24T20:37:17","slug":"cotisation-annuelle","status":"publish","type":"page","link":"https:\/\/www.ajecta.fr\/?page_id=3642","title":{"rendered":"COTISATION ANNUELLE"},"content":{"rendered":"\n<h2 class=\"has-text-align-center has-luminous-vivid-amber-color has-text-color wp-block-heading\">D\u00c9J\u00c0 MEMBRE ? <\/h2>\n\n\n\n<h2 class=\"has-text-align-center has-luminous-vivid-amber-color has-text-color wp-block-heading\">PAYEZ VOTRE COTISATION POUR L\u2019ANN\u00c9E EN COURS<\/h2>\n\n\n\n<hr class=\"wp-block-separator has-alpha-channel-opacity is-style-dots\"\/>\n\n\n\n<p>Vous pouvez r\u00e9gler votre cotisation annuelle en esp\u00e8ces, par ch\u00e8que*, par virement ou par carte bancaire.<\/p>\n\n\n\n<ul class=\"wp-block-list\">\n<li>Le r\u00e8glement en <strong>esp\u00e8ces<\/strong> se fait exclusivement sur place, les jours d\u2019ouverture du Mus\u00e9e. N\u2019envoyez pas d\u2019esp\u00e8ces par courrier postal.<\/li>\n\n\n\n<li>Pour un r\u00e8glement par <strong>ch\u00e8que*<\/strong>, en y indiquant nom et n\u00b0 de membre, \u00e0 envoyer \u00e0 l\u2019adresse suivante:<\/li>\n<\/ul>\n\n\n\n<p class=\"has-text-align-center\">AJECTA \u2013 Adh\u00e9sions<\/p>\n\n\n\n<p class=\"has-text-align-center\">D\u00e9p\u00f4t des Locomotives<\/p>\n\n\n\n<p class=\"has-text-align-center\">3 Rue Louis Platriez<\/p>\n\n\n\n<p class=\"has-text-align-center\">77650 LONGUEVILLE<\/p>\n\n\n\n<ul class=\"wp-block-list\">\n<li>Le r\u00e8glement par <strong>carte bancaire<\/strong> peut se faire sur place, les jours d\u2019ouverture du Mus\u00e9e<\/li>\n\n\n\n<li>Pour les <strong>virements<\/strong> Merci de nous contacter, \u00e0 la demande de notre banque, pour des raisons de s\u00e9curit\u00e9 bancaire, nous avons retir\u00e9 les r\u00e9f\u00e9rences bancaires sur toutes nos communications. Si vous souhaitez r\u00e9gler par virement bancaire, merci de demander nos r\u00e9f\u00e9rences par mail \u00e0 <a href=\"mailto: adhesions@ajecta.org\">adhesions (at) ajecta.org<\/a>.<\/li>\n<\/ul>\n\n\n\n<p><\/p>\n\n\n\n<p class=\"has-text-align-left\"><strong>Cette page est r\u00e9serv\u00e9 aux membres qui souhaitent renouveler leur cotisation <mark style=\"background-color:rgba(0, 0, 0, 0)\" class=\"has-inline-color has-vivid-red-color\">pour l&rsquo;ann\u00e9e en cours <\/mark>(heure de Paris).<\/strong><\/p>\n\n\n\n<p class=\"has-text-align-left\">Si vous souhaitez adh\u00e9rer, <a href=\"https:\/\/www.ajecta.fr\/?page_id=2204\">cliquez ici<\/a><\/p>\n\n\n\n<p><\/p>\n","protected":false},"excerpt":{"rendered":"<p>D\u00c9J\u00c0 MEMBRE ? PAYEZ VOTRE COTISATION POUR L\u2019ANN\u00c9E EN COURS Vous pouvez r\u00e9gler votre cotisation annuelle en esp\u00e8ces, par ch\u00e8que*, par virement ou par carte bancaire. AJECTA \u2013 Adh\u00e9sions D\u00e9p\u00f4t des Locomotives 3 Rue Louis Platriez 77650 LONGUEVILLE Cette page est r\u00e9serv\u00e9 aux membres qui souhaitent renouveler leur cotisation pour\u2026<\/p>\n<p class=\"continue-reading-button\"> <a class=\"continue-reading-link\" href=\"https:\/\/www.ajecta.fr\/?page_id=3642\">Continue reading<i class=\"crycon-right-dir\"><\/i><\/a><\/p>\n","protected":false},"author":1,"featured_media":0,"parent":0,"menu_order":0,"comment_status":"closed","ping_status":"closed","template":"","meta":{"footnotes":""},"class_list":["post-3642","page","type-page","status-publish","hentry"],"_links":{"self":[{"href":"https:\/\/www.ajecta.fr\/index.php?rest_route=\/wp\/v2\/pages\/3642","targetHints":{"allow":["GET"]}}],"collection":[{"href":"https:\/\/www.ajecta.fr\/index.php?rest_route=\/wp\/v2\/pages"}],"about":[{"href":"https:\/\/www.ajecta.fr\/index.php?rest_route=\/wp\/v2\/types\/page"}],"author":[{"embeddable":true,"href":"https:\/\/www.ajecta.fr\/index.php?rest_route=\/wp\/v2\/users\/1"}],"replies":[{"embeddable":true,"href":"https:\/\/www.ajecta.fr\/index.php?rest_route=%2Fwp%2Fv2%2Fcomments&post=3642"}],"version-history":[{"count":45,"href":"https:\/\/www.ajecta.fr\/index.php?rest_route=\/wp\/v2\/pages\/3642\/revisions"}],"predecessor-version":[{"id":7008,"href":"https:\/\/www.ajecta.fr\/index.php?rest_route=\/wp\/v2\/pages\/3642\/revisions\/7008"}],"wp:attachment":[{"href":"https:\/\/www.ajecta.fr\/index.php?rest_route=%2Fwp%2Fv2%2Fmedia&parent=3642"}],"curies":[{"name":"wp","href":"https:\/\/api.w.org\/{rel}","templated":true}]}}