{"id":360,"date":"2016-05-24T11:46:33","date_gmt":"2016-05-24T10:46:33","guid":{"rendered":"http:\/\/www.ajecta.fr\/?page_id=360"},"modified":"2025-04-10T21:24:00","modified_gmt":"2025-04-10T20:24:00","slug":"documentations-associative","status":"publish","type":"page","link":"https:\/\/www.ajecta.fr\/?page_id=360","title":{"rendered":"Documentations associatives"},"content":{"rendered":"<h1 style=\"text-align: center;\"><\/h1>\n<p><a href=\"https:\/\/www.ajecta.fr\/wp-content\/uploads\/2024\/12\/STATUTS_V00R08_signe.pdf\" target=\"_blank\" rel=\"noopener\">Statuts de l&rsquo;AJECTA<\/a><\/p>\n<p><a href=\"https:\/\/www.ajecta.fr\/wp-content\/uploads\/2018\/05\/R-B1K25K39E4.pdf\">Publication Journal Officiel<\/a><\/p>\n<p><a href=\"https:\/\/www.ajecta.fr\/wp-content\/uploads\/2024\/04\/E_RI-V5.pdf\" target=\"_blank\" rel=\"noopener\">R\u00e8glement int\u00e9rieur<\/a><\/p>\n<p><a href=\"https:\/\/www.ajecta.fr\/wp-content\/uploads\/2021\/06\/AJECTA-POLITIQUE-DE-CONFIDENTIALIT%C3%89-V01R00-du-25-mai-2018.pdf\" target=\"_blank\" rel=\"noopener noreferrer\">Politique de Confidentialit\u00e9.<\/a><\/p>\n<p><a href=\"https:\/\/www.ajecta.fr\/wp-content\/uploads\/2024\/10\/Conditions-Generales-des-Voyages-et-Animations-AJECTAb.pdf\">Conditions G\u00e9n\u00e9rales des Voyages et Animations AJECTA.<\/a><\/p>\n<p><a href=\"https:\/\/www.ajecta.fr\/wp-content\/uploads\/2017\/06\/R\u00e8glement-Exposants-Manifestations-AJECTA.pdf\">R\u00e8gles particuli\u00e8res applicables aux exposants lors des manifestations AJECTA<\/a><\/p>\n<h4><span style=\"color: #ffff00;\"><a style=\"color: #ffff00;\" href=\"https:\/\/www.ajecta.fr\/?page_id=1854\"><strong>Assembl\u00e9e G\u00e9n\u00e9rale Ordinaire, <\/strong><strong>Exercice 2024 et projets 2025.\u00a0<\/strong><\/a><\/span><\/h4>\n<hr \/>\n<p><a href=\"https:\/\/www.ajecta.fr\/?page_id=3704\">Archives\u00a0 (Rapports AG, Faits marquants, Compte de r\u00e9sultat, Budget pr\u00e9visionnels&#8230;)<\/a><\/p>\n","protected":false},"excerpt":{"rendered":"<p>Statuts de l&rsquo;AJECTA Publication Journal Officiel R\u00e8glement int\u00e9rieur Politique de Confidentialit\u00e9. Conditions G\u00e9n\u00e9rales des Voyages et Animations AJECTA. R\u00e8gles particuli\u00e8res applicables aux exposants lors des manifestations AJECTA Assembl\u00e9e G\u00e9n\u00e9rale Ordinaire, Exercice 2024 et projets 2025.\u00a0 Archives\u00a0 (Rapports AG, Faits marquants, Compte de r\u00e9sultat, Budget pr\u00e9visionnels&#8230;)<\/p>\n<p class=\"continue-reading-button\"> <a class=\"continue-reading-link\" href=\"https:\/\/www.ajecta.fr\/?page_id=360\">Continue reading<i class=\"crycon-right-dir\"><\/i><\/a><\/p>\n","protected":false},"author":1,"featured_media":0,"parent":0,"menu_order":0,"comment_status":"closed","ping_status":"closed","template":"","meta":{"footnotes":""},"class_list":["post-360","page","type-page","status-publish","hentry"],"_links":{"self":[{"href":"https:\/\/www.ajecta.fr\/index.php?rest_route=\/wp\/v2\/pages\/360","targetHints":{"allow":["GET"]}}],"collection":[{"href":"https:\/\/www.ajecta.fr\/index.php?rest_route=\/wp\/v2\/pages"}],"about":[{"href":"https:\/\/www.ajecta.fr\/index.php?rest_route=\/wp\/v2\/types\/page"}],"author":[{"embeddable":true,"href":"https:\/\/www.ajecta.fr\/index.php?rest_route=\/wp\/v2\/users\/1"}],"replies":[{"embeddable":true,"href":"https:\/\/www.ajecta.fr\/index.php?rest_route=%2Fwp%2Fv2%2Fcomments&post=360"}],"version-history":[{"count":76,"href":"https:\/\/www.ajecta.fr\/index.php?rest_route=\/wp\/v2\/pages\/360\/revisions"}],"predecessor-version":[{"id":7139,"href":"https:\/\/www.ajecta.fr\/index.php?rest_route=\/wp\/v2\/pages\/360\/revisions\/7139"}],"wp:attachment":[{"href":"https:\/\/www.ajecta.fr\/index.php?rest_route=%2Fwp%2Fv2%2Fmedia&parent=360"}],"curies":[{"name":"wp","href":"https:\/\/api.w.org\/{rel}","templated":true}]}}