{"id":32,"date":"2016-01-24T14:46:28","date_gmt":"2016-01-24T13:46:28","guid":{"rendered":"http:\/\/www.ajecta.fr\/?page_id=32"},"modified":"2026-01-09T11:06:19","modified_gmt":"2026-01-09T10:06:19","slug":"informations-pratiques","status":"publish","type":"page","link":"https:\/\/www.ajecta.fr\/?page_id=32","title":{"rendered":"Informations pratiques"},"content":{"rendered":"<p style=\"text-align: right;\"><a href=\"https:\/\/www.ajecta.fr\/?page_id=1226\">English Version<\/a><\/p>\n<h1 dir=\"auto\" style=\"text-align: center;\"><span style=\"color: #ccffff;\"><strong>Le Mus\u00e9e vivant du chemin de fer de l&rsquo;AJECTA <\/strong><\/span><\/h1>\n<h1 dir=\"auto\" style=\"text-align: center;\"><span style=\"color: #ccffff;\"><strong>\u00e0 Longueville (Seine&amp;Marne) <\/strong><\/span><\/h1>\n<h1 dir=\"auto\" style=\"text-align: center;\"><span style=\"color: #ccffff;\"><strong>est ouvert de 10h30 \u00e0 17h30<br \/><\/strong><\/span><\/h1>\n<hr \/><hr \/>\n<p>Nouveau cette ann\u00e9e ! L&rsquo;audioguide sur votre smartphone !<\/p>\n<p><a href=\"https:\/\/www.guideius.com\"><img loading=\"lazy\" decoding=\"async\" class=\"alignnone  wp-image-7363\" src=\"https:\/\/www.ajecta.fr\/wp-content\/uploads\/2025\/10\/guideius-300x110.jpg\" alt=\"\" width=\"524\" height=\"192\" srcset=\"https:\/\/www.ajecta.fr\/wp-content\/uploads\/2025\/10\/guideius-300x110.jpg 300w, https:\/\/www.ajecta.fr\/wp-content\/uploads\/2025\/10\/guideius-1024x376.jpg 1024w, https:\/\/www.ajecta.fr\/wp-content\/uploads\/2025\/10\/guideius.jpg 1271w\" sizes=\"auto, (max-width: 524px) 100vw, 524px\" \/><\/a><\/p>\n<p>Pour vous accompagner tout au long de votre visite, nous avons mis en place un audioguide que vous pourrez consulter directement sur votre smartphone !<\/p>\n<p>Comment \u00e7a marche ?<\/p>\n<p>Vous pouvez t\u00e9l\u00e9charger l&rsquo;application Guideius sur site ou depuis chez vous !<\/p>\n<p>Voici le lien (\u00e0 cliquer depuis un iPhone, un iPad ou un terminal Android) :\u00a0<a href=\"https:\/\/www.guideius.com\" target=\"_blank\" rel=\"noopener noreferrer\" data-saferedirecturl=\"https:\/\/www.google.com\/url?q=https:\/\/www.guideius.com\/get-app&amp;source=gmail&amp;ust=1751656967017000&amp;usg=AOvVaw3hH6S8IQYIlXCjkBBpp7fi\">https:\/\/www.guideius.com<\/a><\/p>\n<p>La couverture en r\u00e9seau mobile \u00e9tant par moment r\u00e9duite sur le site du Mus\u00e9e, nous vous conseillons de t\u00e9l\u00e9charger la visite avant votre venue. Pour cela, rien de plus simple ! Il vous suffira de cliquer sur la fiche de notre mus\u00e9e depuis la page d&rsquo;accueil de l&rsquo;application, puis sur le bouton \u00ab\u00a0T\u00e9l\u00e9charger\u00a0\u00bb en bas \u00e0 droite de l&rsquo;\u00e9cran.\u00a0<\/p>\n<p>Le parcours de visite est amen\u00e9 \u00e0 \u00e9voluer et \u00e0 \u00eatre enrichi de nouvelles informations, nouvelles images ou anecdotes alors n&rsquo;h\u00e9sitez pas \u00e0 venir \u00e0 notre rencontre pour d\u00e9couvrir nos collections de locomotives anciennes bichonn\u00e9es par nos b\u00e9n\u00e9voles passionn\u00e9s ! A bient\u00f4t au mus\u00e9e !\u00a0<\/p>\n<hr \/>\n<h4 style=\"text-align: center;\"><strong><span style=\"color: #ffffff;\">Le mus\u00e9e se trouve en France, \u00e0 7kms de Provins (Seine&amp;Marne),<\/span><\/strong><\/h4>\n<h4 style=\"text-align: center;\"><strong><span style=\"color: #ffffff;\">\u00e0 Longueville<\/span><\/strong><strong><span style=\"color: #ffffff;\">, au d\u00e9p\u00f4t des locomotives.<\/span><\/strong><\/h4>\n\n\n<hr class=\"wp-block-separator has-alpha-channel-opacity\"\/>\n\n\n\n<div class=\"wp-block-cover\" style=\"min-height:100vh;aspect-ratio:unset;\"><img loading=\"lazy\" decoding=\"async\" width=\"723\" height=\"723\" class=\"wp-block-cover__image-background wp-image-7497 size-large\" alt=\"\" src=\"https:\/\/www.ajecta.fr\/wp-content\/uploads\/2026\/01\/MuseeVieAutrefois-1-723x723.png\" data-object-fit=\"cover\" srcset=\"https:\/\/www.ajecta.fr\/wp-content\/uploads\/2026\/01\/MuseeVieAutrefois-1.png 723w, https:\/\/www.ajecta.fr\/wp-content\/uploads\/2026\/01\/MuseeVieAutrefois-1-150x150.png 150w, https:\/\/www.ajecta.fr\/wp-content\/uploads\/2026\/01\/MuseeVieAutrefois-1-300x300.png 300w\" sizes=\"auto, (max-width: 723px) 100vw, 723px\" \/><span aria-hidden=\"true\" class=\"wp-block-cover__background has-background-dim\" style=\"background-color:#5f4160\"><\/span><div class=\"wp-block-cover__inner-container is-layout-flow wp-block-cover-is-layout-flow\">\n<p class=\"has-text-align-center has-large-font-size\"><\/p>\n\n\n\n<p class=\"has-text-align-center\"><strong>Si vous avez achet\u00e9 un billet, il y a moins de 6 mois, au Mus\u00e9e de la Vie d&rsquo;Autrefois des Ormes en Voulzie, nous vous proposerons, sur pr\u00e9sentation du billet, un tarif pr\u00e9f\u00e9rentiel. A l&rsquo;inverse l&rsquo;achat d&rsquo;un billet au Mus\u00e9e Vivant du Chemin de Fer de l&rsquo;AJECTA vous permettra de b\u00e9n\u00e9ficier d&rsquo;un tarif r\u00e9duit au Mus\u00e9e de la vie d&rsquo;autrefois, toujours dans la limite des 6 mois. <\/strong><\/p>\n<\/div><\/div>\n\n\n\n<hr class=\"wp-block-separator has-alpha-channel-opacity\"\/>\n\n\n\n<h2 class=\"wp-block-heading has-white-color has-text-color\">Agenda ouvertures du mus\u00e9e de Janvier 2026  \u00e0 Avril 2026<\/h2>\n\n\n<h2 id=\"tablepress-1-name\" class=\"tablepress-table-name tablepress-table-name-id-1\">Agenda<\/h2>\n\n<table id=\"tablepress-1\" class=\"tablepress tablepress-id-1\" aria-labelledby=\"tablepress-1-name\">\n<thead>\n<tr class=\"row-1\">\n\t<td class=\"column-1\"><\/td><th class=\"column-2\">F\u00e9vrier 2026<\/th><th class=\"column-3\">Mars 2026<\/th><th class=\"column-4\">Avril 2026<\/th><th class=\"column-5\">Mai 2026<\/th><td class=\"column-6\"><\/td>\n<\/tr>\n<\/thead>\n<tbody class=\"row-striping row-hover\">\n<tr class=\"row-2\">\n\t<td class=\"column-1\">1<\/td><td class=\"column-2\">Dimanche 10h30 &#8211; 17h30<\/td><td class=\"column-3\">Dimanche 10h30 &#8211; 17h30<\/td><td class=\"column-4\">Mercredi 10h30 &#8211; 17h30<\/td><td class=\"column-5\">Vendredi 10h30 &#8211; 17h30<\/td><td class=\"column-6\">1<\/td>\n<\/tr>\n<tr class=\"row-3\">\n\t<td class=\"column-1\">2<\/td><td class=\"column-2\">Lundi Ferm\u00e9<\/td><td class=\"column-3\">Lundi Ferm\u00e9<\/td><td class=\"column-4\">Jeudi 10h30 &#8211; 17h30<\/td><td class=\"column-5\">Samedi 10h30 &#8211; 17h30<\/td><td class=\"column-6\">2<\/td>\n<\/tr>\n<tr class=\"row-4\">\n\t<td class=\"column-1\">3<\/td><td class=\"column-2\">Mardi Ferm\u00e9<\/td><td class=\"column-3\">Mardi Ferm\u00e9<\/td><td class=\"column-4\">Vendredi 10h30 &#8211; 17h30<\/td><td class=\"column-5\">Dimanche 10h30 &#8211; 17h30<\/td><td class=\"column-6\">3<\/td>\n<\/tr>\n<tr class=\"row-5\">\n\t<td class=\"column-1\">4<\/td><td class=\"column-2\">Mercredi 10h30 &#8211; 17h30<\/td><td class=\"column-3\">Mercredi 10h30 &#8211; 17h30<\/td><td class=\"column-4\">Samedi 10h30 &#8211; 17h30<\/td><td class=\"column-5\">Lundi Ferm\u00e9<\/td><td class=\"column-6\">4<\/td>\n<\/tr>\n<tr class=\"row-6\">\n\t<td class=\"column-1\">5<\/td><td class=\"column-2\">Jeudi 10h30 &#8211; 17h30<\/td><td class=\"column-3\">Jeudi 10h30 &#8211; 17h30<\/td><td class=\"column-4\">Dimanche 10h30 &#8211; 17h30<\/td><td class=\"column-5\">Mardi Ferm\u00e9<\/td><td class=\"column-6\">5<\/td>\n<\/tr>\n<tr class=\"row-7\">\n\t<td class=\"column-1\">6<\/td><td class=\"column-2\">Vendredi 10h30 &#8211; 17h30<\/td><td class=\"column-3\">Vendredi 10h30 &#8211; 17h30<\/td><td class=\"column-4\">Lundi 10h30 &#8211; 17h30<\/td><td class=\"column-5\">Mercredi 10h30 &#8211; 17h30<\/td><td class=\"column-6\">6<\/td>\n<\/tr>\n<tr class=\"row-8\">\n\t<td class=\"column-1\">7<\/td><td class=\"column-2\">Samedi 10h30 &#8211; 17h30<\/td><td class=\"column-3\">Samedi 10h30 &#8211; 17h30<\/td><td class=\"column-4\">Mardi Ferm\u00e9<\/td><td class=\"column-5\">Jeudi 10h30 &#8211; 17h30<\/td><td class=\"column-6\">7<\/td>\n<\/tr>\n<tr class=\"row-9\">\n\t<td class=\"column-1\">8<\/td><td class=\"column-2\">Dimanche 10h30 &#8211; 17h30<\/td><td class=\"column-3\">Dimanche 10h30 &#8211; 17h30<\/td><td class=\"column-4\">Mercredi 10h30 &#8211; 17h30<\/td><td class=\"column-5\">Vendredi 10h30 &#8211; 17h30<\/td><td class=\"column-6\">8<\/td>\n<\/tr>\n<tr class=\"row-10\">\n\t<td class=\"column-1\">9<\/td><td class=\"column-2\">Lundi Ferm\u00e9<\/td><td class=\"column-3\">Lundi Ferm\u00e9<\/td><td class=\"column-4\">Jeudi 10h30 &#8211; 17h30<\/td><td class=\"column-5\">Samedi 10h30 &#8211; 17h30<\/td><td class=\"column-6\">9<\/td>\n<\/tr>\n<tr class=\"row-11\">\n\t<td class=\"column-1\">10<\/td><td class=\"column-2\">Mardi Ferm\u00e9<\/td><td class=\"column-3\">Mardi Ferm\u00e9<\/td><td class=\"column-4\">Vendredi 10h30 &#8211; 17h30<\/td><td class=\"column-5\">Dimanche 10h30 &#8211; 17h30<\/td><td class=\"column-6\">10<\/td>\n<\/tr>\n<tr class=\"row-12\">\n\t<td class=\"column-1\">11<\/td><td class=\"column-2\">Mercredi 10h30 &#8211; 17h30<\/td><td class=\"column-3\">Mercredi 10h30 &#8211; 17h30<\/td><td class=\"column-4\">Samedi 10h30 &#8211; 17h30<\/td><td class=\"column-5\">Lundi Ferm\u00e9<\/td><td class=\"column-6\">11<\/td>\n<\/tr>\n<tr class=\"row-13\">\n\t<td class=\"column-1\">12<\/td><td class=\"column-2\">Jeudi 10h30 &#8211; 17h30<\/td><td class=\"column-3\">Jeudi 10h30 &#8211; 17h30<\/td><td class=\"column-4\">Dimanche 10h30 &#8211; 17h30<\/td><td class=\"column-5\">Mardi Ferm\u00e9<\/td><td class=\"column-6\">12<\/td>\n<\/tr>\n<tr class=\"row-14\">\n\t<td class=\"column-1\">13<\/td><td class=\"column-2\">Vendredi 10h30 &#8211; 17h30<\/td><td class=\"column-3\">Vendredi 10h30 &#8211; 17h30<\/td><td class=\"column-4\">Lundi Ferm\u00e9<\/td><td class=\"column-5\">Mercredi 10h30 &#8211; 17h30<\/td><td class=\"column-6\">13<\/td>\n<\/tr>\n<tr class=\"row-15\">\n\t<td class=\"column-1\">14<\/td><td class=\"column-2\">Samedi 10h30 &#8211; 17h30<\/td><td class=\"column-3\">Samedi 10h30 &#8211; 17h30<\/td><td class=\"column-4\">Mardi Ferm\u00e9<\/td><td class=\"column-5\">Jeudi 10h30 &#8211; 17h30<\/td><td class=\"column-6\">14<\/td>\n<\/tr>\n<tr class=\"row-16\">\n\t<td class=\"column-1\">15<\/td><td class=\"column-2\">Dimanche 10h30 &#8211; 17h30<\/td><td class=\"column-3\">Dimanche 10h30 &#8211; 17h30<\/td><td class=\"column-4\">Mercredi 10h30 &#8211; 17h30<\/td><td class=\"column-5\">Vendredi 10h30 &#8211; 17h30<\/td><td class=\"column-6\">15<\/td>\n<\/tr>\n<tr class=\"row-17\">\n\t<td class=\"column-1\">16<\/td><td class=\"column-2\">Lundi Ferm\u00e9<\/td><td class=\"column-3\">Lundi Ferm\u00e9<\/td><td class=\"column-4\">Jeudi 10h30 &#8211; 17h30<\/td><td class=\"column-5\">Samedi 10h30 &#8211; 17h30<\/td><td class=\"column-6\">16<\/td>\n<\/tr>\n<tr class=\"row-18\">\n\t<td class=\"column-1\">17<\/td><td class=\"column-2\">Mardi Ferm\u00e9<\/td><td class=\"column-3\">Mardi Ferm\u00e9<\/td><td class=\"column-4\">Vendredi 10h30 &#8211; 17h30<\/td><td class=\"column-5\">Dimanche 10h30 &#8211; 17h30<\/td><td class=\"column-6\">17<\/td>\n<\/tr>\n<tr class=\"row-19\">\n\t<td class=\"column-1\">18<\/td><td class=\"column-2\">Mercredi 10h30 &#8211; 17h30<\/td><td class=\"column-3\">Mercredi 10h30 &#8211; 17h30<\/td><td class=\"column-4\">Samedi 10h30 &#8211; 17h30<\/td><td class=\"column-5\">Lundi Ferm\u00e9<\/td><td class=\"column-6\">18<\/td>\n<\/tr>\n<tr class=\"row-20\">\n\t<td class=\"column-1\">19<\/td><td class=\"column-2\">Jeudi 10h30 &#8211; 17h30<\/td><td class=\"column-3\">Jeudi 10h30 &#8211; 17h30<\/td><td class=\"column-4\">Dimanche 10h30 &#8211; 17h30<\/td><td class=\"column-5\">Mardi Ferm\u00e9<\/td><td class=\"column-6\">19<\/td>\n<\/tr>\n<tr class=\"row-21\">\n\t<td class=\"column-1\">20<\/td><td class=\"column-2\">Vendredi 10h30 &#8211; 17h30<\/td><td class=\"column-3\">Vendredi 10h30 &#8211; 17h30<\/td><td class=\"column-4\">Lundi Ferm\u00e9<\/td><td class=\"column-5\">Mercredi 10h30 &#8211; 17h30<\/td><td class=\"column-6\">20<\/td>\n<\/tr>\n<tr class=\"row-22\">\n\t<td class=\"column-1\">21<\/td><td class=\"column-2\">Samedi 10h30 &#8211; 17h30<\/td><td class=\"column-3\">Samedi 10h30 &#8211; 17h30<\/td><td class=\"column-4\">Mardi Ferm\u00e9<\/td><td class=\"column-5\">Jeudi 10h30 &#8211; 17h30<\/td><td class=\"column-6\">21<\/td>\n<\/tr>\n<tr class=\"row-23\">\n\t<td class=\"column-1\">22<\/td><td class=\"column-2\">Dimanche 10h30 &#8211; 17h30<\/td><td class=\"column-3\">Dimanche 10h30 &#8211; 17h30<\/td><td class=\"column-4\">Mercredi 10h30 &#8211; 17h30<\/td><td class=\"column-5\">Vendredi 10h30 &#8211; 17h30<\/td><td class=\"column-6\">22<\/td>\n<\/tr>\n<tr class=\"row-24\">\n\t<td class=\"column-1\">23<\/td><td class=\"column-2\">Lundi Ferm\u00e9<\/td><td class=\"column-3\">Lundi Ferm\u00e9<\/td><td class=\"column-4\">Jeudi 10h30 &#8211; 17h30<\/td><td class=\"column-5\">Samedi 10h30 &#8211; 17h30<\/td><td class=\"column-6\">23<\/td>\n<\/tr>\n<tr class=\"row-25\">\n\t<td class=\"column-1\">24<\/td><td class=\"column-2\">Mardi Ferm\u00e9<\/td><td class=\"column-3\">Mardi Ferm\u00e9<\/td><td class=\"column-4\">Vendredi 10h30 &#8211; 17h30<\/td><td class=\"column-5\">Dimanche 10h30 &#8211; 17h30<\/td><td class=\"column-6\">24<\/td>\n<\/tr>\n<tr class=\"row-26\">\n\t<td class=\"column-1\">25<\/td><td class=\"column-2\">Mercredi 10h30 &#8211; 17h30<\/td><td class=\"column-3\">Mercredi 10h30 &#8211; 17h30<\/td><td class=\"column-4\">Samedi 10h30 &#8211; 17h30<\/td><td class=\"column-5\">Lundi 10h30 &#8211; 17h30<\/td><td class=\"column-6\">25<\/td>\n<\/tr>\n<tr class=\"row-27\">\n\t<td class=\"column-1\">26<\/td><td class=\"column-2\">Jeudi 10h30 &#8211; 17h30<\/td><td class=\"column-3\">Jeudi 10h30 &#8211; 17h30<\/td><td class=\"column-4\">Dimanche 10h30 &#8211; 17h30<\/td><td class=\"column-5\">Mardi Ferm\u00e9<\/td><td class=\"column-6\">26<\/td>\n<\/tr>\n<tr class=\"row-28\">\n\t<td class=\"column-1\">27<\/td><td class=\"column-2\">Vendredi 10h30 &#8211; 17h30<\/td><td class=\"column-3\">Vendredi 10h30 &#8211; 17h30<\/td><td class=\"column-4\">Lundi Ferm\u00e9<\/td><td class=\"column-5\">Mercredi 10h30 &#8211; 17h30<\/td><td class=\"column-6\">27<\/td>\n<\/tr>\n<tr class=\"row-29\">\n\t<td class=\"column-1\">28<\/td><td class=\"column-2\">Samedi 10h30 &#8211; 17h30<\/td><td class=\"column-3\">Samedi 10h30 &#8211; 17h30<\/td><td class=\"column-4\">Mardi Ferm\u00e9<\/td><td class=\"column-5\">Jeudi 10h30 &#8211; 17h30<\/td><td class=\"column-6\">28<\/td>\n<\/tr>\n<tr class=\"row-30\">\n\t<td class=\"column-1\">29<\/td><td class=\"column-2\"><\/td><td class=\"column-3\">Dimanche 10h30 &#8211; 17h30<\/td><td class=\"column-4\">Mercredi 10h30 &#8211; 17h30<\/td><td class=\"column-5\">Vendredi 10h30 &#8211; 17h30<\/td><td class=\"column-6\">29<\/td>\n<\/tr>\n<tr class=\"row-31\">\n\t<td class=\"column-1\">30<\/td><td class=\"column-2\"><\/td><td class=\"column-3\">Lundi Ferm\u00e9<\/td><td class=\"column-4\">Jeudi 10h30 &#8211; 17h30<\/td><td class=\"column-5\">Samedi 10h30 &#8211; 17h30<\/td><td class=\"column-6\">30<\/td>\n<\/tr>\n<tr class=\"row-32\">\n\t<td class=\"column-1\">31<\/td><td class=\"column-2\"><\/td><td class=\"column-3\">Mardi Ferm\u00e9<\/td><td class=\"column-4\"><\/td><td class=\"column-5\">Dimanche 10h30 &#8211; 17h30<\/td><td class=\"column-6\">31<\/td>\n<\/tr>\n<tr class=\"row-33\">\n\t<td class=\"column-1\"><\/td><td class=\"column-2\"><\/td><td class=\"column-3\"><\/td><td class=\"column-4\"><\/td><td class=\"column-5\"><\/td><td class=\"column-6\"><\/td>\n<\/tr>\n<tr class=\"row-34\">\n\t<td class=\"column-1\"><\/td><td class=\"column-2\">F\u00e9vrier 2026<\/td><td class=\"column-3\">Mars 2026<\/td><td class=\"column-4\">Avril 2026<\/td><td class=\"column-5\">Mai 2026<\/td><td class=\"column-6\"><\/td>\n<\/tr>\n<\/tbody>\n<\/table>\n<!-- #tablepress-1 from cache -->\n\n\n<p class=\"has-text-align-center\"><img loading=\"lazy\" decoding=\"async\" width=\"250\" height=\"363\" class=\"wp-image-6973\" style=\"width: 250px;\" src=\"https:\/\/www.ajecta.fr\/wp-content\/uploads\/2025\/01\/20240717_144959.jpg\" alt=\"\" srcset=\"https:\/\/www.ajecta.fr\/wp-content\/uploads\/2025\/01\/20240717_144959.jpg 768w, https:\/\/www.ajecta.fr\/wp-content\/uploads\/2025\/01\/20240717_144959-207x300.jpg 207w, https:\/\/www.ajecta.fr\/wp-content\/uploads\/2025\/01\/20240717_144959-706x1024.jpg 706w\" sizes=\"auto, (max-width: 250px) 100vw, 250px\" \/>  <\/p>\n\n\n\n<p class=\"has-text-align-center\">Chaque mercredi, pour tous les enfants (accompagn\u00e9s d&rsquo;un adulte), obtenez votre dipl\u00f4me sur le r\u00e9seau p\u00e9dagogique de Pascal,<\/p>\n\n\n\n<hr class=\"wp-block-separator has-alpha-channel-opacity\"\/>\n\n\n<p style=\"text-align: right;\"><a href=\"https:\/\/www.ajecta.fr\/?page_id=1226\">English Version<\/a><\/p>\n<h1 dir=\"auto\" style=\"text-align: center;\">\u00a0<\/h1>\n<hr \/>\n<p>Pour venir nous voir, plusieurs choix s&rsquo;offrent \u00e0 vous :<\/p>\n<p><strong>Par le train<\/strong><\/p>\n<p>C&rsquo;est une solution simple depuis Paris, puisque Longueville est \u00e0 une heure de train depuis la gare de Paris-Est. Vous trouverez les horaires sur le <a href=\"\/\/www.transilien.com\/fr\/horaires\">site du Transilien SNCF<\/a>.<\/p>\n<p><strong>En privil\u00e9giant l&rsquo;autoroute<\/strong><\/p>\n<p>On peut s&rsquo;approcher de Longueville par l&rsquo;autoroute A5, sortie n\u00b0 17, Forges. Longueville est \u00e0 26 kilom\u00e8tres du p\u00e9age. A sa sortie, prendre \u00e0 droite et toujours suivre la direction de Provins, d&rsquo;abord par la D210, puis, au premier rond-point, par la D403. On traverse successivement Montigny-Lencoup,\u00a0 Donnemarie-Dontilly (que l&rsquo;on contourne) et Jutigny avant d&rsquo;arriver \u00e0 Longueville au niveau du viaduc.<\/p>\n<p>L&rsquo;itin\u00e9raire \u00e0 partir de la sortie n\u00b018, Marolles, est \u00e9quivalent en temps, mais plus long (30 km). Quand \u00e0 la sortie n\u00b016, elle ne permet pas de gain de temps important par rapport au trajet par la route. A moins que vous ne teniez absolument \u00e0 payer &#8230;.<\/p>\n<p><strong>En privil\u00e9giant la route<\/strong><\/p>\n<p>Tout d\u00e9pend \u00e9videmment d&rsquo;o\u00f9 vous venez&#8230;.\u00a0 mais votre cible sera toujours Provins.<\/p>\n<p>Si vous venez de l&rsquo;Ouest et du Sud, un itin\u00e9raire tr\u00e8s direct est de prendre la francilienne (N104) puis l&rsquo;A5b que l&rsquo;on quitte d\u00e8s la sortie 12 pour prendre la direction de Guignes par la D402\u00a0 pendant 12 km (curieusement num\u00e9rot\u00e9e N19 par endroits !). A Guignes, prendre \u00e0 droite la N19 sur 40 km en direction de Provins. Peu apr\u00e8s la sortie de Maison-Rouge (10 km avant Provins), une jolie variante consiste \u00e0 prendre \u00e0 droite la D49 en direction de La chapelle-St Sulpice et Saint Loup de Naud, tr\u00e8s joli village du pays provinois. On aboutit au pied du viaduc de Longueville.<\/p>\n<p>En venant du Nord ou de l&rsquo;Est, la D231 descend droit sur Provins, soit en la prenant d\u00e8s son origine \u00e0 Lagny, ou en venant de la N4 \u00e0 la hauteur de Vaudoy en Brie.<\/p>\n<div id=\"wpgmza_map\" class=\"wpgmza_map\" data-settings='{\"id\":\"1\",\"map_title\":\"Ajecta\",\"map_width\":\"100\",\"map_height\":\"400\",\"map_start_lat\":\"48.503249\",\"map_start_lng\":\"3.227036\",\"map_start_location\":\"48.503249223757884,3.227035550292947\",\"map_start_zoom\":\"12\",\"default_marker\":\"0\",\"type\":\"3\",\"alignment\":\"1\",\"directions_enabled\":\"1\",\"styling_enabled\":\"0\",\"styling_json\":\"\",\"active\":\"0\",\"kml\":\"\",\"bicycle\":\"0\",\"traffic\":\"0\",\"dbox\":\"1\",\"dbox_width\":\"250\",\"listmarkers\":\"0\",\"listmarkers_advanced\":\"0\",\"filterbycat\":\"0\",\"ugm_enabled\":\"0\",\"ugm_category_enabled\":\"0\",\"fusion\":\"\",\"map_width_type\":\"\\\\%\",\"map_height_type\":\"px\",\"mass_marker_support\":\"1\",\"ugm_access\":\"0\",\"order_markers_by\":\"1\",\"order_markers_choice\":\"2\",\"show_user_location\":\"0\",\"default_to\":\"\",\"other_settings\":{\"store_locator_enabled\":2,\"store_locator_distance\":2,\"store_locator_bounce\":1,\"store_locator_query_string\":\"Code Postal \\\/ Adresse\",\"wpgmza_store_locator_restrict\":\"\",\"map_max_zoom\":\"1\",\"transport_layer\":0,\"wpgmza_theme_data\":\"\"}}' data-map-id='1' Data-maps-engine='' data-shortcode-attributes='{\"id\":\"1\"}' style=\"display:block; overflow:auto; width:100%; height:400px; float:left;\"><\/div>\n<p><strong>Notre adresse<\/strong>\u00a0:<\/p>\n<p>D\u00e9p\u00f4t des Locomotives<br \/>3, rue Louis PLATRIEZ<br \/>77650 LONGUEVILLE<br \/>France<\/p>\n<p><strong>Coordonn\u00e9es GPS<\/strong> :<\/p>\n<p>Longitude : 48.511659 \u00a0Latitude : 3.254761 ou 48\u00b030&rsquo;42.0&Prime;N 3\u00b015&rsquo;17.2&Prime;E<\/p>\n<p><strong>Horaires d\u2019ouverture du mus\u00e9e:<\/strong><\/p>\n<p>10h30 &#8211; 17h30 (derni\u00e8res admissions 16h30)<\/p>\n<p><strong>Les tarifs :<\/strong><\/p>\n<p><strong>Le parcours de visite est libre : <\/strong>5\u20ac par personne (3\u20ac pour les jeunes de 4 \u00e0 12 ans, gratuit pour les enfants de moins de 4 ans).<\/p>\n<p>Sur pr\u00e9sentation d&rsquo;un billet d&rsquo;entr\u00e9e, datant de moins de 6mois, du mus\u00e9e de la Vie d&rsquo;Autrefois le tarif propos\u00e9 sera : Gratuit pour les moins de 12 ans et 3\u20ac pour les + de 12 ans.<\/p>\n<p><strong>Les visites guid\u00e9es<\/strong> sont possibles toute l\u2019ann\u00e9e, y compris en dehors des ouvertures r\u00e9guli\u00e8res, sous r\u00e9serve de prendre rendez vous, au moins deux mois \u00e0 l\u2019avance, afin que nous puissions mobiliser un de nos b\u00e9n\u00e9voles pour vous accueillir. Le tarif est de 9 \u20ac par personne. Laissez-nous un message au 01 64 08 60 62 ou un m\u00e9l \u00e0 l\u2019adresse suivante : <a href=\"mailto:musee@ajecta.org\">musee@ajecta.org<\/a><\/p>\n<p><span style=\"color: #ffcc00;\">R\u00e8glement en esp\u00e8ces, par ch\u00e8ques ou par carte bancaire.<\/span><\/p>\n<p>Un distributeur de billet est disponible au centre ville de Longueville.<\/p>\n<p><span style=\"color: #ffcc00;\"><img loading=\"lazy\" decoding=\"async\" class=\"wp-image-2047 size-medium aligncenter\" src=\"https:\/\/www.ajecta.fr\/wp-content\/uploads\/2018\/05\/CarteBleueAcceptee-300x260.jpg\" alt=\"\" width=\"300\" height=\"260\" srcset=\"https:\/\/www.ajecta.fr\/wp-content\/uploads\/2018\/05\/CarteBleueAcceptee-300x260.jpg 300w, https:\/\/www.ajecta.fr\/wp-content\/uploads\/2018\/05\/CarteBleueAcceptee.jpg 652w\" sizes=\"auto, (max-width: 300px) 100vw, 300px\" \/><\/span><\/p>\n\n\n<hr class=\"wp-block-separator has-alpha-channel-opacity\"\/>\n\n\n\n<p><\/p>\n","protected":false},"excerpt":{"rendered":"<p>English Version Le Mus\u00e9e vivant du chemin de fer de l&rsquo;AJECTA \u00e0 Longueville (Seine&amp;Marne) est ouvert de 10h30 \u00e0 17h30 Nouveau cette ann\u00e9e ! L&rsquo;audioguide sur votre smartphone ! Pour vous accompagner tout au long de votre visite, nous avons mis en place un audioguide que vous pourrez consulter directement\u2026<\/p>\n<p class=\"continue-reading-button\"> <a class=\"continue-reading-link\" href=\"https:\/\/www.ajecta.fr\/?page_id=32\">Continue reading<i class=\"crycon-right-dir\"><\/i><\/a><\/p>\n","protected":false},"author":1,"featured_media":0,"parent":0,"menu_order":0,"comment_status":"closed","ping_status":"closed","template":"","meta":{"footnotes":""},"class_list":["post-32","page","type-page","status-publish","hentry"],"_links":{"self":[{"href":"https:\/\/www.ajecta.fr\/index.php?rest_route=\/wp\/v2\/pages\/32","targetHints":{"allow":["GET"]}}],"collection":[{"href":"https:\/\/www.ajecta.fr\/index.php?rest_route=\/wp\/v2\/pages"}],"about":[{"href":"https:\/\/www.ajecta.fr\/index.php?rest_route=\/wp\/v2\/types\/page"}],"author":[{"embeddable":true,"href":"https:\/\/www.ajecta.fr\/index.php?rest_route=\/wp\/v2\/users\/1"}],"replies":[{"embeddable":true,"href":"https:\/\/www.ajecta.fr\/index.php?rest_route=%2Fwp%2Fv2%2Fcomments&post=32"}],"version-history":[{"count":261,"href":"https:\/\/www.ajecta.fr\/index.php?rest_route=\/wp\/v2\/pages\/32\/revisions"}],"predecessor-version":[{"id":7507,"href":"https:\/\/www.ajecta.fr\/index.php?rest_route=\/wp\/v2\/pages\/32\/revisions\/7507"}],"wp:attachment":[{"href":"https:\/\/www.ajecta.fr\/index.php?rest_route=%2Fwp%2Fv2%2Fmedia&parent=32"}],"curies":[{"name":"wp","href":"https:\/\/api.w.org\/{rel}","templated":true}]}}