{"id":2485,"date":"2018-11-07T12:37:21","date_gmt":"2018-11-07T11:37:21","guid":{"rendered":"https:\/\/www.ajecta.fr\/?page_id=2485"},"modified":"2018-11-07T12:45:12","modified_gmt":"2018-11-07T11:45:12","slug":"27-octobre-2018-train-de-la-citrouille","status":"publish","type":"page","link":"https:\/\/www.ajecta.fr\/?page_id=2485","title":{"rendered":"27 Octobre 2018, train de la Citrouille"},"content":{"rendered":"<p>Photos a\u00e9riennes du train de la Citrouille, entre Longueville et Villiers St Georges, le Samedi 27 Octobre 2018. (Touts droits r\u00e9serv\u00e9s\u00a0 \u00a9Skyschips)<\/p>\n<p><img loading=\"lazy\" decoding=\"async\" class=\"alignnone size-large wp-image-2486\" src=\"https:\/\/www.ajecta.fr\/wp-content\/uploads\/2018\/11\/retour-pro2-Red-1024x767.jpg\" alt=\"\" width=\"1024\" height=\"767\" srcset=\"https:\/\/www.ajecta.fr\/wp-content\/uploads\/2018\/11\/retour-pro2-Red-1024x767.jpg 1024w, https:\/\/www.ajecta.fr\/wp-content\/uploads\/2018\/11\/retour-pro2-Red-300x225.jpg 300w, https:\/\/www.ajecta.fr\/wp-content\/uploads\/2018\/11\/retour-pro2-Red.jpg 1152w\" sizes=\"auto, (max-width: 1024px) 100vw, 1024px\" \/> <img loading=\"lazy\" decoding=\"async\" class=\"alignnone size-large wp-image-2487\" src=\"https:\/\/www.ajecta.fr\/wp-content\/uploads\/2018\/11\/Sortie-Foret-2-Red-1024x767.jpg\" alt=\"\" width=\"1024\" height=\"767\" srcset=\"https:\/\/www.ajecta.fr\/wp-content\/uploads\/2018\/11\/Sortie-Foret-2-Red-1024x767.jpg 1024w, https:\/\/www.ajecta.fr\/wp-content\/uploads\/2018\/11\/Sortie-Foret-2-Red-300x225.jpg 300w, https:\/\/www.ajecta.fr\/wp-content\/uploads\/2018\/11\/Sortie-Foret-2-Red.jpg 1152w\" sizes=\"auto, (max-width: 1024px) 100vw, 1024px\" \/> <img loading=\"lazy\" decoding=\"async\" class=\"alignnone size-large wp-image-2488\" src=\"https:\/\/www.ajecta.fr\/wp-content\/uploads\/2018\/11\/Vers-Provins-2-Red-1024x767.jpg\" alt=\"\" width=\"1024\" height=\"767\" srcset=\"https:\/\/www.ajecta.fr\/wp-content\/uploads\/2018\/11\/Vers-Provins-2-Red-1024x767.jpg 1024w, https:\/\/www.ajecta.fr\/wp-content\/uploads\/2018\/11\/Vers-Provins-2-Red-300x225.jpg 300w, https:\/\/www.ajecta.fr\/wp-content\/uploads\/2018\/11\/Vers-Provins-2-Red.jpg 1152w\" sizes=\"auto, (max-width: 1024px) 100vw, 1024px\" \/> <img loading=\"lazy\" decoding=\"async\" class=\"alignnone size-large wp-image-2489\" src=\"https:\/\/www.ajecta.fr\/wp-content\/uploads\/2018\/11\/c\u00f4t\u00e9-2-Red-1024x767.jpg\" alt=\"\" width=\"1024\" height=\"767\" srcset=\"https:\/\/www.ajecta.fr\/wp-content\/uploads\/2018\/11\/c\u00f4t\u00e9-2-Red-1024x767.jpg 1024w, https:\/\/www.ajecta.fr\/wp-content\/uploads\/2018\/11\/c\u00f4t\u00e9-2-Red-300x225.jpg 300w, https:\/\/www.ajecta.fr\/wp-content\/uploads\/2018\/11\/c\u00f4t\u00e9-2-Red.jpg 1152w\" sizes=\"auto, (max-width: 1024px) 100vw, 1024px\" \/> <img loading=\"lazy\" decoding=\"async\" class=\"alignnone size-large wp-image-2490\" src=\"https:\/\/www.ajecta.fr\/wp-content\/uploads\/2018\/11\/Foret-2-Red-1024x767.jpg\" alt=\"\" width=\"1024\" height=\"767\" srcset=\"https:\/\/www.ajecta.fr\/wp-content\/uploads\/2018\/11\/Foret-2-Red-1024x767.jpg 1024w, https:\/\/www.ajecta.fr\/wp-content\/uploads\/2018\/11\/Foret-2-Red-300x225.jpg 300w, https:\/\/www.ajecta.fr\/wp-content\/uploads\/2018\/11\/Foret-2-Red.jpg 1152w\" sizes=\"auto, (max-width: 1024px) 100vw, 1024px\" \/> <img loading=\"lazy\" decoding=\"async\" class=\"alignnone size-large wp-image-2491\" src=\"https:\/\/www.ajecta.fr\/wp-content\/uploads\/2018\/11\/pont-2-Red-1024x767.jpg\" alt=\"\" width=\"1024\" height=\"767\" srcset=\"https:\/\/www.ajecta.fr\/wp-content\/uploads\/2018\/11\/pont-2-Red-1024x767.jpg 1024w, https:\/\/www.ajecta.fr\/wp-content\/uploads\/2018\/11\/pont-2-Red-300x225.jpg 300w, https:\/\/www.ajecta.fr\/wp-content\/uploads\/2018\/11\/pont-2-Red.jpg 1152w\" sizes=\"auto, (max-width: 1024px) 100vw, 1024px\" \/><\/p>\n","protected":false},"excerpt":{"rendered":"<p>Photos a\u00e9riennes du train de la Citrouille, entre Longueville et Villiers St Georges, le Samedi 27 Octobre 2018. (Touts droits r\u00e9serv\u00e9s\u00a0 \u00a9Skyschips)<\/p>\n<p class=\"continue-reading-button\"> <a class=\"continue-reading-link\" href=\"https:\/\/www.ajecta.fr\/?page_id=2485\">Continue reading<i class=\"crycon-right-dir\"><\/i><\/a><\/p>\n","protected":false},"author":1,"featured_media":0,"parent":0,"menu_order":0,"comment_status":"closed","ping_status":"closed","template":"","meta":{"footnotes":""},"class_list":["post-2485","page","type-page","status-publish","hentry"],"_links":{"self":[{"href":"https:\/\/www.ajecta.fr\/index.php?rest_route=\/wp\/v2\/pages\/2485","targetHints":{"allow":["GET"]}}],"collection":[{"href":"https:\/\/www.ajecta.fr\/index.php?rest_route=\/wp\/v2\/pages"}],"about":[{"href":"https:\/\/www.ajecta.fr\/index.php?rest_route=\/wp\/v2\/types\/page"}],"author":[{"embeddable":true,"href":"https:\/\/www.ajecta.fr\/index.php?rest_route=\/wp\/v2\/users\/1"}],"replies":[{"embeddable":true,"href":"https:\/\/www.ajecta.fr\/index.php?rest_route=%2Fwp%2Fv2%2Fcomments&post=2485"}],"version-history":[{"count":4,"href":"https:\/\/www.ajecta.fr\/index.php?rest_route=\/wp\/v2\/pages\/2485\/revisions"}],"predecessor-version":[{"id":2499,"href":"https:\/\/www.ajecta.fr\/index.php?rest_route=\/wp\/v2\/pages\/2485\/revisions\/2499"}],"wp:attachment":[{"href":"https:\/\/www.ajecta.fr\/index.php?rest_route=%2Fwp%2Fv2%2Fmedia&parent=2485"}],"curies":[{"name":"wp","href":"https:\/\/api.w.org\/{rel}","templated":true}]}}