{"id":2411,"date":"2018-11-06T09:59:07","date_gmt":"2018-11-06T08:59:07","guid":{"rendered":"https:\/\/www.ajecta.fr\/?page_id=2411"},"modified":"2018-11-06T18:32:37","modified_gmt":"2018-11-06T17:32:37","slug":"la-020-cockerill-suzanne","status":"publish","type":"page","link":"https:\/\/www.ajecta.fr\/?page_id=2411","title":{"rendered":"la 020 N\u00b02 bis \u00e0 chaudi\u00e8re verticale Cockerill \u00ab\u00a0Suzanne\u00a0\u00bb"},"content":{"rendered":"<div id=\"attachment_2413\" style=\"width: 1034px\" class=\"wp-caption alignnone\"><img loading=\"lazy\" decoding=\"async\" aria-describedby=\"caption-attachment-2413\" class=\"wp-image-2413 size-large\" src=\"https:\/\/www.ajecta.fr\/wp-content\/uploads\/2018\/11\/2005Oct01Longueville-097-1024x767.jpg\" alt=\"\" width=\"1024\" height=\"767\" srcset=\"https:\/\/www.ajecta.fr\/wp-content\/uploads\/2018\/11\/2005Oct01Longueville-097-1024x767.jpg 1024w, https:\/\/www.ajecta.fr\/wp-content\/uploads\/2018\/11\/2005Oct01Longueville-097-300x225.jpg 300w, https:\/\/www.ajecta.fr\/wp-content\/uploads\/2018\/11\/2005Oct01Longueville-097.jpg 1152w\" sizes=\"auto, (max-width: 1024px) 100vw, 1024px\" \/><p id=\"caption-attachment-2413\" class=\"wp-caption-text\">La 020 Cockerill \u00ab\u00a0Suzanne\u00a0\u00bb sur le pont tournant du d\u00e9p\u00f4t des locomotives de Longueville (Coll AJECTA)<\/p><\/div>\n<p>Cette machine d\u2019usine construite par Cockerill\u00a0en Belgique en 1896 porte le num\u00e9ro\u00a0constructeur 1930. Elle provient de la\u00a0Cimenterie de Dannes \u00e0 Camiers (62) o\u00f9\u00a0elle effectua un service intensif de manoeuvres\u00a0de wagons durant la majeure partie de sa\u00a0carri\u00e8re. Elle fut achet\u00e9e par l\u2019association en 1973 et remise sommairement en \u00e9tat\u00a0d\u00e8s son arriv\u00e9e. Depuis d\u00e9but 90, apr\u00e8s\u00a0d\u00e9montage, cette machine en tr\u00e8s mauvais\u00a0\u00e9tat m\u00e9canique a n\u00e9cessit\u00e9 bon nombre de\u00a0pi\u00e8ces neuves ou r\u00e9-usin\u00e9es, au niveau du\u00a0mouvement, coussinets et bielles, ainsi que\u00a0des travaux sur la chaudi\u00e8re \u00e0 tubes d\u2019eau.\u00a0Remise en \u00e9tat de marche en 2007, elle\u00a0participe aux Journ\u00e9es Vapeur pour\u00a0le plaisir des visiteurs.<\/p>\n<p>Sa plaque de bapt\u00eame,\u00a0Suzanne, provient d&rsquo;une petite 030 T Decauville\u00a0\u00e0 voie de 0.60m, la n\u00b01589 de la sucrerie de\u00a0Toury, d\u00e9molie dans les ann\u00e9es 60<\/p>\n","protected":false},"excerpt":{"rendered":"<p>Cette machine d\u2019usine construite par Cockerill\u00a0en Belgique en 1896 porte le num\u00e9ro\u00a0constructeur 1930. Elle provient de la\u00a0Cimenterie de Dannes \u00e0 Camiers (62) o\u00f9\u00a0elle effectua un service intensif de manoeuvres\u00a0de wagons durant la majeure partie de sa\u00a0carri\u00e8re. Elle fut achet\u00e9e par l\u2019association en 1973 et remise sommairement en \u00e9tat\u00a0d\u00e8s son arriv\u00e9e.\u2026<\/p>\n<p class=\"continue-reading-button\"> <a class=\"continue-reading-link\" href=\"https:\/\/www.ajecta.fr\/?page_id=2411\">Continue reading<i class=\"crycon-right-dir\"><\/i><\/a><\/p>\n","protected":false},"author":1,"featured_media":0,"parent":0,"menu_order":0,"comment_status":"closed","ping_status":"closed","template":"","meta":{"footnotes":""},"class_list":["post-2411","page","type-page","status-publish","hentry"],"_links":{"self":[{"href":"https:\/\/www.ajecta.fr\/index.php?rest_route=\/wp\/v2\/pages\/2411","targetHints":{"allow":["GET"]}}],"collection":[{"href":"https:\/\/www.ajecta.fr\/index.php?rest_route=\/wp\/v2\/pages"}],"about":[{"href":"https:\/\/www.ajecta.fr\/index.php?rest_route=\/wp\/v2\/types\/page"}],"author":[{"embeddable":true,"href":"https:\/\/www.ajecta.fr\/index.php?rest_route=\/wp\/v2\/users\/1"}],"replies":[{"embeddable":true,"href":"https:\/\/www.ajecta.fr\/index.php?rest_route=%2Fwp%2Fv2%2Fcomments&post=2411"}],"version-history":[{"count":6,"href":"https:\/\/www.ajecta.fr\/index.php?rest_route=\/wp\/v2\/pages\/2411\/revisions"}],"predecessor-version":[{"id":2463,"href":"https:\/\/www.ajecta.fr\/index.php?rest_route=\/wp\/v2\/pages\/2411\/revisions\/2463"}],"wp:attachment":[{"href":"https:\/\/www.ajecta.fr\/index.php?rest_route=%2Fwp%2Fv2%2Fmedia&parent=2411"}],"curies":[{"name":"wp","href":"https:\/\/api.w.org\/{rel}","templated":true}]}}