{"id":2362,"date":"2018-11-05T21:34:03","date_gmt":"2018-11-05T20:34:03","guid":{"rendered":"https:\/\/www.ajecta.fr\/?page_id=2362"},"modified":"2018-11-06T13:48:31","modified_gmt":"2018-11-06T12:48:31","slug":"020-corpet-louvet","status":"publish","type":"page","link":"https:\/\/www.ajecta.fr\/?page_id=2362","title":{"rendered":"La 020 T 105 Corpet Louvet"},"content":{"rendered":"<p><span style=\"color: #ffffff;\"><img loading=\"lazy\" decoding=\"async\" class=\"alignnone size-large wp-image-2399\" src=\"https:\/\/www.ajecta.fr\/wp-content\/uploads\/2018\/11\/Ajecta-559-5-879x597.jpg\" alt=\"\" width=\"879\" height=\"597\" srcset=\"https:\/\/www.ajecta.fr\/wp-content\/uploads\/2018\/11\/Ajecta-559-5.jpg 879w, https:\/\/www.ajecta.fr\/wp-content\/uploads\/2018\/11\/Ajecta-559-5-300x204.jpg 300w\" sizes=\"auto, (max-width: 879px) 100vw, 879px\" \/><\/span><\/p>\n<p><span style=\"color: #ffffff;\">Construite en 1918 par Corpet Louvet \u00e0 la\u00a0Courneuve sous le num\u00e9ro 1546, cette petite\u00a0machine d\u2019usine, r\u00e9alis\u00e9e \u00e0 une dizaine\u00a0d\u2019exemplaires environ, servait \u00e0 la man\u0153uvre\u00a0de wagons, aux Tr\u00e9fileries de Fouchambauld\u00a0(58). Acquise par l\u2019association en juin 1975,\u00a0elle f\u00fbt remise en \u00e9tat de marche en 1977.<\/span><br \/>\n<span style=\"color: #ffffff;\">Elle est aujourd\u2019hui en \u00e9tat de pr\u00e9sentation\u00a0statique, car sa chaudi\u00e8re n\u00e9cessite des\u00a0travaux importants, de plus cette machine\u00a0ne poss\u00e8de pas le frein \u00e0 air mais un simple\u00a0frein \u00e0 main qui limite son emploi.<\/span><\/p>\n","protected":false},"excerpt":{"rendered":"<p>Construite en 1918 par Corpet Louvet \u00e0 la\u00a0Courneuve sous le num\u00e9ro 1546, cette petite\u00a0machine d\u2019usine, r\u00e9alis\u00e9e \u00e0 une dizaine\u00a0d\u2019exemplaires environ, servait \u00e0 la man\u0153uvre\u00a0de wagons, aux Tr\u00e9fileries de Fouchambauld\u00a0(58). Acquise par l\u2019association en juin 1975,\u00a0elle f\u00fbt remise en \u00e9tat de marche en 1977. Elle est aujourd\u2019hui en \u00e9tat de pr\u00e9sentation\u00a0statique,\u2026<\/p>\n<p class=\"continue-reading-button\"> <a class=\"continue-reading-link\" href=\"https:\/\/www.ajecta.fr\/?page_id=2362\">Continue reading<i class=\"crycon-right-dir\"><\/i><\/a><\/p>\n","protected":false},"author":1,"featured_media":0,"parent":0,"menu_order":0,"comment_status":"closed","ping_status":"closed","template":"","meta":{"footnotes":""},"class_list":["post-2362","page","type-page","status-publish","hentry"],"_links":{"self":[{"href":"https:\/\/www.ajecta.fr\/index.php?rest_route=\/wp\/v2\/pages\/2362","targetHints":{"allow":["GET"]}}],"collection":[{"href":"https:\/\/www.ajecta.fr\/index.php?rest_route=\/wp\/v2\/pages"}],"about":[{"href":"https:\/\/www.ajecta.fr\/index.php?rest_route=\/wp\/v2\/types\/page"}],"author":[{"embeddable":true,"href":"https:\/\/www.ajecta.fr\/index.php?rest_route=\/wp\/v2\/users\/1"}],"replies":[{"embeddable":true,"href":"https:\/\/www.ajecta.fr\/index.php?rest_route=%2Fwp%2Fv2%2Fcomments&post=2362"}],"version-history":[{"count":7,"href":"https:\/\/www.ajecta.fr\/index.php?rest_route=\/wp\/v2\/pages\/2362\/revisions"}],"predecessor-version":[{"id":2460,"href":"https:\/\/www.ajecta.fr\/index.php?rest_route=\/wp\/v2\/pages\/2362\/revisions\/2460"}],"wp:attachment":[{"href":"https:\/\/www.ajecta.fr\/index.php?rest_route=%2Fwp%2Fv2%2Fmedia&parent=2362"}],"curies":[{"name":"wp","href":"https:\/\/api.w.org\/{rel}","templated":true}]}}