{"id":2210,"date":"2018-09-08T22:00:10","date_gmt":"2018-09-08T21:00:10","guid":{"rendered":"http:\/\/www.ajecta.fr\/?page_id=2210"},"modified":"2022-05-04T12:57:46","modified_gmt":"2022-05-04T11:57:46","slug":"vous-souhaitez-nous-aider-financierement","status":"publish","type":"page","link":"https:\/\/www.ajecta.fr\/?page_id=2210","title":{"rendered":"Vous souhaitez nous aider financi\u00e8rement &#8230;"},"content":{"rendered":"\n<p>Tout d\u2019abord, merci de bien-vouloir prendre connaissance de notre politique de confidentialit\u00e9 disponibles dans la <a href=\"https:\/\/www.ajecta.fr\/?page_id=360\" target=\"_blank\" rel=\"noopener noreferrer\">documentation associative<\/a>.<\/p>\n\n\n\n<p>Ensuite, il est n\u00e9cessaire de compl\u00e9ter le <a href=\"https:\/\/www.ajecta.fr\/wp-content\/uploads\/2022\/05\/AJECTA_DonGeneral.pdf\" target=\"_blank\" rel=\"noreferrer noopener\">formulaire de don g\u00e9n\u00e9ral<\/a> puis de nous le faire parvenir soit par messagerie \u00e9lectronique, soit par voie postale, soit en mains-propres comme indiqu\u00e9 ci-apr\u00e8s.<\/p>\n\n\n\n<p>Toutes les contributions sont les bienvenues, m\u00eame les plus modestes.<\/p>\n\n\n\n<p>L&rsquo;AJECTA est une association d&rsquo;int\u00e9r\u00eat g\u00e9n\u00e9ral dont les actions pr\u00e9sentent un caract\u00e8re \u00e9ducatif et culturel. A ce titre, vos dons vous donnent droit aux avantages fiscaux pr\u00e9vus par l&rsquo;article 200 du Code G\u00e9n\u00e9ral des Imp\u00f4ts (pour les particuliers) et par l&rsquo;article 238 (pour les entreprises).<\/p>\n\n\n\n<p>Les adh\u00e9rents qui contribuent volontairement, au-del\u00e0 de la cotisation de base, par des dons en nature ou en argent peuvent \u00eatre d\u00e9sign\u00e9s \u00ab&nbsp;Membres Bienfaiteurs&nbsp;\u00bb par le Bureau. Au 01\/01\/2018 sont membres bienfaiteurs les adh\u00e9rents qui versent un don de 30\u20ac minimum en sus de leur cotisation annuelle.<\/p>\n\n\n\n<p>Vous pouvez nous adresser vos dons en esp\u00e8ces, par ch\u00e8que*, par virement ou par carte bancaire.<\/p>\n\n\n\n<ul class=\"wp-block-list\"><li>Les dons en <span style=\"color: #ffff00;\"><strong>esp\u00e8ces<\/strong> <\/span>se font exclusivement sur place, les jours d\u2019ouverture du Mus\u00e9e. N\u2019envoyez pas d\u2019esp\u00e8ces par courrier postal.<\/li><li>Les <span style=\"color: #ffff00;\"><strong>ch\u00e8ques* <\/strong><\/span>sont \u00e0 envoyer \u00e0 l\u2019adresse suivante, accompagn\u00e9s du formulaire de don d\u00fbment compl\u00e9t\u00e9 :AJECTA \u2013 Adh\u00e9sionsD\u00e9p\u00f4t des Locomotives3 Rue Louis Platriez77650 LONGUEVILLE<\/li><li>Pour les <span style=\"color: #ffff00;\"><strong>virements<\/strong><\/span> Merci de nous contacter.<\/li><li>Vous pouvez faire votre don par <span style=\"color: #ffff00;\"><strong>carte bancaire<\/strong><\/span> sur place, les jours d\u2019ouverture du Mus\u00e9e ou bien via notre compte paypal, en cliquant sur le bouton suivant:<\/li><\/ul>\n\n\n\n<p>\n<form action=\"https:\/\/www.paypal.com\/cgi-bin\/webscr\" method=\"post\" target=\"_top\">\n<input type=\"hidden\" name=\"cmd\" value=\"_s-xclick\" \/>\n<input type=\"hidden\" name=\"hosted_button_id\" value=\"BR8YDC75Z42GS\" \/>\n<input type=\"image\" src=\"https:\/\/www.paypalobjects.com\/fr_FR\/FR\/i\/btn\/btn_donateCC_LG.gif\" border=\"0\" name=\"submit\" title=\"PayPal - The safer, easier way to pay online!\" alt=\"Donate with PayPal button\" \/>\n<img loading=\"lazy\" decoding=\"async\" alt=\"\" border=\"0\" src=\"https:\/\/www.paypal.com\/fr_FR\/i\/scr\/pixel.gif\" width=\"1\" height=\"1\" \/>\n<\/form>\n<\/p>\n\n\n\n<p class=\"has-text-align-left\"><strong><span style=\"color: #ff0000;\">IMPORTANT:<\/span> <\/strong>Lorsque vous effectuez un don par carte bancaire depuis ce site ou bien par virement, <strong>il est n\u00e9cessaire de l\u2019officialiser <\/strong>. Pour se faire, scannez le formulaire de don d\u00fbment compl\u00e9t\u00e9, puis envoyez-le \u00e0 <a href=\"mailto: contact@ajecta.org\">contact (at) ajecta.org<\/a><\/p>\n\n\n\n<p><em>* Uniquement les ch\u00e8ques tir\u00e9s sur un compte d\u00e9tenu en France.<\/em><\/p>\n","protected":false},"excerpt":{"rendered":"<p>Tout d\u2019abord, merci de bien-vouloir prendre connaissance de notre politique de confidentialit\u00e9 disponibles dans la documentation associative. Ensuite, il est n\u00e9cessaire de compl\u00e9ter le formulaire de don g\u00e9n\u00e9ral puis de nous le faire parvenir soit par messagerie \u00e9lectronique, soit par voie postale, soit en mains-propres comme indiqu\u00e9 ci-apr\u00e8s. Toutes les\u2026<\/p>\n<p class=\"continue-reading-button\"> <a class=\"continue-reading-link\" href=\"https:\/\/www.ajecta.fr\/?page_id=2210\">Continue reading<i class=\"crycon-right-dir\"><\/i><\/a><\/p>\n","protected":false},"author":1,"featured_media":0,"parent":0,"menu_order":0,"comment_status":"closed","ping_status":"closed","template":"","meta":{"footnotes":""},"class_list":["post-2210","page","type-page","status-publish","hentry"],"_links":{"self":[{"href":"https:\/\/www.ajecta.fr\/index.php?rest_route=\/wp\/v2\/pages\/2210","targetHints":{"allow":["GET"]}}],"collection":[{"href":"https:\/\/www.ajecta.fr\/index.php?rest_route=\/wp\/v2\/pages"}],"about":[{"href":"https:\/\/www.ajecta.fr\/index.php?rest_route=\/wp\/v2\/types\/page"}],"author":[{"embeddable":true,"href":"https:\/\/www.ajecta.fr\/index.php?rest_route=\/wp\/v2\/users\/1"}],"replies":[{"embeddable":true,"href":"https:\/\/www.ajecta.fr\/index.php?rest_route=%2Fwp%2Fv2%2Fcomments&post=2210"}],"version-history":[{"count":15,"href":"https:\/\/www.ajecta.fr\/index.php?rest_route=\/wp\/v2\/pages\/2210\/revisions"}],"predecessor-version":[{"id":4932,"href":"https:\/\/www.ajecta.fr\/index.php?rest_route=\/wp\/v2\/pages\/2210\/revisions\/4932"}],"wp:attachment":[{"href":"https:\/\/www.ajecta.fr\/index.php?rest_route=%2Fwp%2Fv2%2Fmedia&parent=2210"}],"curies":[{"name":"wp","href":"https:\/\/api.w.org\/{rel}","templated":true}]}}