{"id":2204,"date":"2018-09-08T12:11:23","date_gmt":"2018-09-08T11:11:23","guid":{"rendered":"http:\/\/www.ajecta.fr\/?page_id=2204"},"modified":"2025-01-24T21:12:56","modified_gmt":"2025-01-24T20:12:56","slug":"vous-souhaitez-adherer","status":"publish","type":"page","link":"https:\/\/www.ajecta.fr\/?page_id=2204","title":{"rendered":"Vous souhaitez adh\u00e9rer &#8230;"},"content":{"rendered":"\n<p>Tout d&rsquo;abord, merci de bien-vouloir prendre connaissance des statuts de notre association et de notre politique de confidentialit\u00e9 disponibles dans la <a href=\"https:\/\/www.ajecta.fr\/?page_id=360\" target=\"_blank\" rel=\"noopener noreferrer\">documentation associative<\/a>.<\/p>\n\n\n\n<p>Ensuite, il est n\u00e9cessaire de compl\u00e9ter et de signer le<a href=\"https:\/\/www.ajecta.fr\/wp-content\/uploads\/2023\/01\/Bulletin-dadhesion_V2023.pdf\" target=\"_blank\" rel=\"noreferrer noopener\"> formulaire d\u2019adh\u00e9sion <\/a>puis de nous le faire parvenir soit par messagerie \u00e9lectronique, soit par voie postale comme indiqu\u00e9 ci-apr\u00e8s.<\/p>\n\n\n\n<p>Vous pouvez r\u00e9gler votre cotisation annuelle en esp\u00e8ces, par ch\u00e8que*, par virement ou par carte bancaire.<\/p>\n\n\n\n<ul class=\"wp-block-list\">\n<li>Le r\u00e8glement en <span style=\"color: #ffff00;\"><strong>esp\u00e8ces<\/strong> <\/span>se fait exclusivement sur place, les jours d\u2019ouverture du Mus\u00e9e. N\u2019envoyez pas d\u2019esp\u00e8ces par courrier postal.<\/li>\n<\/ul>\n\n\n\n<ul class=\"wp-block-list\">\n<li>Pour un r\u00e8glement par <span style=\"color: #ffff00;\"><strong>ch\u00e8que*<\/strong><\/span>, le formulaire d\u2019adh\u00e9sion, d\u00fbment compl\u00e9t\u00e9 et sign\u00e9, ainsi que votre r\u00e8glement sont \u00e0 envoyer \u00e0 l\u2019adresse suivante:<\/li>\n<\/ul>\n\n\n\n<p class=\"has-text-align-center\">AJECTA \u2013 Adh\u00e9sions<\/p>\n\n\n\n<p class=\"has-text-align-center\">D\u00e9p\u00f4t des Locomotives<\/p>\n\n\n\n<p class=\"has-text-align-center\">3 Rue Louis Platriez<\/p>\n\n\n\n<p class=\"has-text-align-center\">77650 LONGUEVILLE<\/p>\n\n\n\n<ul class=\"wp-block-list\">\n<li>Le r\u00e8glement par <strong><span style=\"color: #ffff00;\">carte bancaire<\/span><\/strong> peut se faire sur place, les jours d\u2019ouverture du Mus\u00e9e <\/li>\n\n\n\n<li>Pour les <span style=\"color: #ffff00;\"><strong>virements<\/strong> <\/span>Merci de nous contacter, \u00e0 la demande de notre banque, pour des raisons de s\u00e9curit\u00e9 bancaire, nous avons retir\u00e9 les r\u00e9f\u00e9rences bancaires sur toutes nos communications. Si vous souhaitez r\u00e9gler par virement bancaire, merci de demander nos r\u00e9f\u00e9rences par mail \u00e0 <a href=\"mailto: adhesions@ajecta.org\">adhesions (at) ajecta.org<\/a>.<\/li>\n<\/ul>\n\n\n\n<p class=\"has-text-align-right\"><\/p>\n\n\n\n<p><strong><span style=\"color: #ff0000;\">IMPORTANT:<\/span> <\/strong>Lorsque vous r\u00e9glez par virement, <strong>il est n\u00e9cessaire d\u2019officialiser votre adh\u00e9sion<\/strong>. Pour se faire, scannez le bulletin d\u2019adh\u00e9sion d\u00fbment compl\u00e9t\u00e9 et sign\u00e9, puis envoyez-le \u00e0 <a href=\"mailto: adhesions@ajecta.org\">adhesions (at) ajecta.org<\/a><\/p>\n\n\n\n<p><span style=\"color: #ffff00;\"><em>* Uniquement les ch\u00e8ques tir\u00e9s sur un compte d\u00e9tenu en France.<\/em><\/span><\/p>\n","protected":false},"excerpt":{"rendered":"<p>Tout d&rsquo;abord, merci de bien-vouloir prendre connaissance des statuts de notre association et de notre politique de confidentialit\u00e9 disponibles dans la documentation associative. Ensuite, il est n\u00e9cessaire de compl\u00e9ter et de signer le formulaire d\u2019adh\u00e9sion puis de nous le faire parvenir soit par messagerie \u00e9lectronique, soit par voie postale comme\u2026<\/p>\n<p class=\"continue-reading-button\"> <a class=\"continue-reading-link\" href=\"https:\/\/www.ajecta.fr\/?page_id=2204\">Continue reading<i class=\"crycon-right-dir\"><\/i><\/a><\/p>\n","protected":false},"author":1,"featured_media":0,"parent":0,"menu_order":0,"comment_status":"closed","ping_status":"closed","template":"","meta":{"footnotes":""},"class_list":["post-2204","page","type-page","status-publish","hentry"],"_links":{"self":[{"href":"https:\/\/www.ajecta.fr\/index.php?rest_route=\/wp\/v2\/pages\/2204","targetHints":{"allow":["GET"]}}],"collection":[{"href":"https:\/\/www.ajecta.fr\/index.php?rest_route=\/wp\/v2\/pages"}],"about":[{"href":"https:\/\/www.ajecta.fr\/index.php?rest_route=\/wp\/v2\/types\/page"}],"author":[{"embeddable":true,"href":"https:\/\/www.ajecta.fr\/index.php?rest_route=\/wp\/v2\/users\/1"}],"replies":[{"embeddable":true,"href":"https:\/\/www.ajecta.fr\/index.php?rest_route=%2Fwp%2Fv2%2Fcomments&post=2204"}],"version-history":[{"count":42,"href":"https:\/\/www.ajecta.fr\/index.php?rest_route=\/wp\/v2\/pages\/2204\/revisions"}],"predecessor-version":[{"id":7004,"href":"https:\/\/www.ajecta.fr\/index.php?rest_route=\/wp\/v2\/pages\/2204\/revisions\/7004"}],"wp:attachment":[{"href":"https:\/\/www.ajecta.fr\/index.php?rest_route=%2Fwp%2Fv2%2Fmedia&parent=2204"}],"curies":[{"name":"wp","href":"https:\/\/api.w.org\/{rel}","templated":true}]}}