{"id":17,"date":"2016-01-24T14:22:24","date_gmt":"2016-01-24T13:22:24","guid":{"rendered":"http:\/\/www.ajecta.fr\/?page_id=17"},"modified":"2024-02-27T15:40:53","modified_gmt":"2024-02-27T14:40:53","slug":"contacts-et-renseignements","status":"publish","type":"page","link":"https:\/\/www.ajecta.fr\/?page_id=17","title":{"rendered":"Contacts et Renseignements"},"content":{"rendered":"<h4><span style=\"color: #ff0000;\">Nos coordonn\u00e9es :<\/span><\/h4>\n<p>Adresse postale :<\/p>\n<p>AJECTA<br \/>\nD\u00e9p\u00f4t des locomotives<br \/>\n3, rue Louis PLATRIEZ<br \/>\n77650 LONGUEVILLE<\/p>\n<p>T\u00e9l\u00e9phones :<\/p>\n<p>Office du tourisme de Provins 01 64 60 26 26<\/p>\n<p>D\u00e9p\u00f4t de Longueville: 01 64 08 60 62 (R\u00e9pondeur)<\/p>\n<h6 style=\"text-align: right;\"><span style=\"color: #ccffff;\"><strong>Cr\u00e9dit musiques d&rsquo;attente :\u00a0<\/strong><\/span><\/h6>\n<h6 style=\"text-align: right;\"><span style=\"color: #ccffff;\"><strong>Titre: \u00a0The Epic Hero<\/strong><\/span><br \/>\n<span style=\"color: #ccffff;\"><strong>Auteur: Keys Of Moon<\/strong><\/span><br \/>\n<span style=\"color: #ccffff;\"><strong>Source:\u00a0<a style=\"color: #ccffff;\" href=\"https:\/\/soundcloud.com\/keysofmoon\" target=\"_blank\" rel=\"noopener\" data-saferedirecturl=\"https:\/\/www.google.com\/url?q=https:\/\/soundcloud.com\/keysofmoon&amp;source=gmail&amp;ust=1709114652175000&amp;usg=AOvVaw3nmxPOay0M3DIunBqFPQBk\">https:\/\/soundcloud.com\/<wbr \/>keysofmoon<\/a><\/strong><\/span><br \/>\n<span style=\"color: #ccffff;\"><strong>Licence:\u00a0<\/strong><\/span><a href=\"https:\/\/creativecommons.org\/licenses\/by\/3.0\/deed.fr\" target=\"_blank\" rel=\"noopener\" data-saferedirecturl=\"https:\/\/www.google.com\/url?q=https:\/\/creativecommons.org\/licenses\/by\/3.0\/deed.fr&amp;source=gmail&amp;ust=1709114652175000&amp;usg=AOvVaw2RAKxNCBLUmx4jf0D6pIX5\"><span style=\"color: #ccffff;\"><strong>https:\/\/creativecommons.org\/<wbr \/>licenses\/by\/3.0\/deed.fr<\/strong><\/span>\u00a0<\/a><\/h6>\n<h6 style=\"text-align: right;\"><span style=\"color: #ccffff;\"><strong>T\u00e9l\u00e9chargement:\u00a0<a style=\"color: #ccffff;\" href=\"https:\/\/www.auboutdufil.com\/\" target=\"_blank\" rel=\"noopener\" data-saferedirecturl=\"https:\/\/www.google.com\/url?q=https:\/\/www.auboutdufil.com&amp;source=gmail&amp;ust=1709114652175000&amp;usg=AOvVaw2_u5Tv4hOYbRHffq_NwQMv\">https:\/\/www.auboutdufil.com<\/a><\/strong><\/span><\/h6>\n<p style=\"text-align: left;\">\n<p>Courriers \u00c9lectroniques :<\/p>\n<p><a href=\"mailto:contact@ajecta.org\">contactATajecta.org<\/a>\u00a0(questions d\u2019ordre g\u00e9n\u00e9ral)<\/p>\n<p><a href=\"mailto:musee@ajecta.org\">museeATajecta.org<\/a>\u00a0(prendre un rdv pour une visite)<\/p>\n<p><a href=\"mailto:trains@ajecta.org\">trainsATajecta.org<\/a> (informations et r\u00e9servations : Trains sp\u00e9ciaux, soir\u00e9es \u00e0 th\u00e8me, journ\u00e9es vapeur&#8230;)<\/p>\n<p><a href=\"mailto:membres@ajecta.org\">membresATajecta.org<\/a>\u00a0(en savoir plus sur le fonctionnement de l\u2019association)<\/p>\n<p><a href=\"mailto:webmestre@ajecta.org\">webmestreATajecta.org<\/a> (administrateur du site)<\/p>\n","protected":false},"excerpt":{"rendered":"<p>Nos coordonn\u00e9es : Adresse postale : AJECTA D\u00e9p\u00f4t des locomotives 3, rue Louis PLATRIEZ 77650 LONGUEVILLE T\u00e9l\u00e9phones : Office du tourisme de Provins 01 64 60 26 26 D\u00e9p\u00f4t de Longueville: 01 64 08 60 62 (R\u00e9pondeur) Cr\u00e9dit musiques d&rsquo;attente :\u00a0 Titre: \u00a0The Epic Hero Auteur: Keys Of Moon Source:\u00a0https:\/\/soundcloud.com\/keysofmoon\u2026<\/p>\n<p class=\"continue-reading-button\"> <a class=\"continue-reading-link\" href=\"https:\/\/www.ajecta.fr\/?page_id=17\">Continue reading<i class=\"crycon-right-dir\"><\/i><\/a><\/p>\n","protected":false},"author":1,"featured_media":0,"parent":0,"menu_order":0,"comment_status":"closed","ping_status":"closed","template":"","meta":{"footnotes":""},"class_list":["post-17","page","type-page","status-publish","hentry"],"_links":{"self":[{"href":"https:\/\/www.ajecta.fr\/index.php?rest_route=\/wp\/v2\/pages\/17","targetHints":{"allow":["GET"]}}],"collection":[{"href":"https:\/\/www.ajecta.fr\/index.php?rest_route=\/wp\/v2\/pages"}],"about":[{"href":"https:\/\/www.ajecta.fr\/index.php?rest_route=\/wp\/v2\/types\/page"}],"author":[{"embeddable":true,"href":"https:\/\/www.ajecta.fr\/index.php?rest_route=\/wp\/v2\/users\/1"}],"replies":[{"embeddable":true,"href":"https:\/\/www.ajecta.fr\/index.php?rest_route=%2Fwp%2Fv2%2Fcomments&post=17"}],"version-history":[{"count":16,"href":"https:\/\/www.ajecta.fr\/index.php?rest_route=\/wp\/v2\/pages\/17\/revisions"}],"predecessor-version":[{"id":6499,"href":"https:\/\/www.ajecta.fr\/index.php?rest_route=\/wp\/v2\/pages\/17\/revisions\/6499"}],"wp:attachment":[{"href":"https:\/\/www.ajecta.fr\/index.php?rest_route=%2Fwp%2Fv2%2Fmedia&parent=17"}],"curies":[{"name":"wp","href":"https:\/\/api.w.org\/{rel}","templated":true}]}}