{"id":1123,"date":"2017-05-12T11:44:19","date_gmt":"2017-05-12T10:44:19","guid":{"rendered":"http:\/\/www.ajecta.fr\/?page_id=1123"},"modified":"2021-09-13T13:49:12","modified_gmt":"2021-09-13T12:49:12","slug":"villiersstgeorges","status":"publish","type":"page","link":"https:\/\/www.ajecta.fr\/?page_id=1123","title":{"rendered":"Tournages Cin\u00e9ma ou T\u00e9l\u00e9"},"content":{"rendered":"<div style=\"width: 368px;\" class=\"wp-video\"><!--[if lt IE 9]><script>document.createElement('video');<\/script><![endif]-->\n<video class=\"wp-video-shortcode\" id=\"video-1123-1\" width=\"368\" height=\"656\" preload=\"metadata\" controls=\"controls\"><source type=\"video\/mp4\" src=\"\/\/www.ajecta.fr\/wp-content\/uploads\/2020\/12\/video-1605715942.mp4?_=1\" \/><a href=\"https:\/\/www.ajecta.fr\/wp-content\/uploads\/2020\/12\/video-1605715942.mp4\">\/\/www.ajecta.fr\/wp-content\/uploads\/2020\/12\/video-1605715942.mp4<\/a><\/video><\/div>\n<p><img loading=\"lazy\" decoding=\"async\" class=\"alignleft wp-image-4120 size-medium\" src=\"https:\/\/www.ajecta.fr\/wp-content\/uploads\/2020\/12\/125534686_2442403722735847_5353716938061714392_n-300x225.jpg\" alt=\"\" width=\"300\" height=\"225\" srcset=\"https:\/\/www.ajecta.fr\/wp-content\/uploads\/2020\/12\/125534686_2442403722735847_5353716938061714392_n-300x225.jpg 300w, https:\/\/www.ajecta.fr\/wp-content\/uploads\/2020\/12\/125534686_2442403722735847_5353716938061714392_n-1024x768.jpg 1024w, https:\/\/www.ajecta.fr\/wp-content\/uploads\/2020\/12\/125534686_2442403722735847_5353716938061714392_n.jpg 2016w\" sizes=\"auto, (max-width: 300px) 100vw, 300px\" \/><\/p>\n<p><img loading=\"lazy\" decoding=\"async\" class=\"alignleft wp-image-4117 size-medium\" src=\"https:\/\/www.ajecta.fr\/wp-content\/uploads\/2020\/12\/125946932_2461646567473342_5190150458618304866_n-300x225.jpg\" alt=\"\" width=\"300\" height=\"225\" srcset=\"https:\/\/www.ajecta.fr\/wp-content\/uploads\/2020\/12\/125946932_2461646567473342_5190150458618304866_n-300x225.jpg 300w, https:\/\/www.ajecta.fr\/wp-content\/uploads\/2020\/12\/125946932_2461646567473342_5190150458618304866_n-1024x768.jpg 1024w, https:\/\/www.ajecta.fr\/wp-content\/uploads\/2020\/12\/125946932_2461646567473342_5190150458618304866_n.jpg 2016w\" sizes=\"auto, (max-width: 300px) 100vw, 300px\" \/><img loading=\"lazy\" decoding=\"async\" class=\"alignnone wp-image-4114 size-medium\" src=\"https:\/\/www.ajecta.fr\/wp-content\/uploads\/2020\/12\/125857013_790283568493044_2155614066855945611_n-2-300x225.jpg\" alt=\"\" width=\"300\" height=\"225\" srcset=\"https:\/\/www.ajecta.fr\/wp-content\/uploads\/2020\/12\/125857013_790283568493044_2155614066855945611_n-2-300x225.jpg 300w, https:\/\/www.ajecta.fr\/wp-content\/uploads\/2020\/12\/125857013_790283568493044_2155614066855945611_n-2-1024x768.jpg 1024w\" sizes=\"auto, (max-width: 300px) 100vw, 300px\" \/><\/p>\n<p><img loading=\"lazy\" decoding=\"async\" class=\"wp-image-4113 alignleft\" src=\"https:\/\/www.ajecta.fr\/wp-content\/uploads\/2020\/12\/125836566_656130661727294_3025446839538626537_n.jpg\" alt=\"\" width=\"298\" height=\"399\" srcset=\"https:\/\/www.ajecta.fr\/wp-content\/uploads\/2020\/12\/125836566_656130661727294_3025446839538626537_n.jpg 1504w, https:\/\/www.ajecta.fr\/wp-content\/uploads\/2020\/12\/125836566_656130661727294_3025446839538626537_n-224x300.jpg 224w, https:\/\/www.ajecta.fr\/wp-content\/uploads\/2020\/12\/125836566_656130661727294_3025446839538626537_n-764x1024.jpg 764w\" sizes=\"auto, (max-width: 298px) 100vw, 298px\" \/><img loading=\"lazy\" decoding=\"async\" class=\"alignleft wp-image-4115 size-medium\" src=\"https:\/\/www.ajecta.fr\/wp-content\/uploads\/2020\/12\/125867637_864371534399750_2547193462130354148_n-2-300x200.jpg\" alt=\"\" width=\"300\" height=\"200\" srcset=\"https:\/\/www.ajecta.fr\/wp-content\/uploads\/2020\/12\/125867637_864371534399750_2547193462130354148_n-2-300x200.jpg 300w, https:\/\/www.ajecta.fr\/wp-content\/uploads\/2020\/12\/125867637_864371534399750_2547193462130354148_n-2-1024x683.jpg 1024w\" sizes=\"auto, (max-width: 300px) 100vw, 300px\" \/><img loading=\"lazy\" decoding=\"async\" class=\"alignleft wp-image-4112 size-medium\" src=\"https:\/\/www.ajecta.fr\/wp-content\/uploads\/2020\/12\/125821652_3471023019652712_5972422629803253859_n-300x225.jpg\" alt=\"\" width=\"300\" height=\"225\" srcset=\"https:\/\/www.ajecta.fr\/wp-content\/uploads\/2020\/12\/125821652_3471023019652712_5972422629803253859_n-300x225.jpg 300w, https:\/\/www.ajecta.fr\/wp-content\/uploads\/2020\/12\/125821652_3471023019652712_5972422629803253859_n-1024x768.jpg 1024w, https:\/\/www.ajecta.fr\/wp-content\/uploads\/2020\/12\/125821652_3471023019652712_5972422629803253859_n.jpg 2016w\" sizes=\"auto, (max-width: 300px) 100vw, 300px\" \/><\/p>\n<p><img loading=\"lazy\" decoding=\"async\" class=\"alignnone wp-image-4116 size-medium\" src=\"https:\/\/www.ajecta.fr\/wp-content\/uploads\/2020\/12\/125936750_2875223156046836_7040712594226568093_n-2-300x225.jpg\" alt=\"\" width=\"300\" height=\"225\" srcset=\"https:\/\/www.ajecta.fr\/wp-content\/uploads\/2020\/12\/125936750_2875223156046836_7040712594226568093_n-2-300x225.jpg 300w, https:\/\/www.ajecta.fr\/wp-content\/uploads\/2020\/12\/125936750_2875223156046836_7040712594226568093_n-2-1024x768.jpg 1024w\" sizes=\"auto, (max-width: 300px) 100vw, 300px\" \/><\/p>\n<p>La gare de Villiers St Georges (77560, Seine&amp;Marne), ferm\u00e9e\u00a0au service voyageur, desservi par une voie unique \u00e0 trafic restreint depuis Provins, permet de reconstituer un d\u00e9cor ferroviaire sans les contraintes inh\u00e9rentes aux gares du r\u00e9seau ferr\u00e9 tout en permettant la mise en disposition de mat\u00e9riels ferroviaire et des \u00e9volutions en fonctions des besoins&#8230; Ligne raccord\u00e9e au r\u00e9seau ferr\u00e9 fran\u00e7ais.<\/p>\n<hr \/>\n<p>La Rotonde des locomotives de Longueville (77650, Seine&amp;Marne), avec son b\u00e2timent, son pont tournant, ses faisceau de voies et ses nombreux \u00a0mat\u00e9riels historiques (wagons, fourgons, voitures voyageurs, locomotives vapeur&#8230;) est un support id\u00e9al pour tout type de tournage ou shooting.<\/p>\n<p><img loading=\"lazy\" decoding=\"async\" class=\"alignnone wp-image-1243 size-medium\" src=\"https:\/\/www.ajecta.fr\/wp-content\/uploads\/2017\/05\/Red_2017_Juil_18_CollierRouge_image4-300x169.jpg\" alt=\"\" width=\"300\" height=\"169\" srcset=\"https:\/\/www.ajecta.fr\/wp-content\/uploads\/2017\/05\/Red_2017_Juil_18_CollierRouge_image4-300x169.jpg 300w, https:\/\/www.ajecta.fr\/wp-content\/uploads\/2017\/05\/Red_2017_Juil_18_CollierRouge_image4-1024x576.jpg 1024w, https:\/\/www.ajecta.fr\/wp-content\/uploads\/2017\/05\/Red_2017_Juil_18_CollierRouge_image4.jpg 1372w\" sizes=\"auto, (max-width: 300px) 100vw, 300px\" \/><\/p>\n<p><img loading=\"lazy\" decoding=\"async\" class=\"alignnone wp-image-1244 size-medium\" src=\"https:\/\/www.ajecta.fr\/wp-content\/uploads\/2017\/05\/Red_2017_Juil_18_CollierRouge_image1-300x169.jpg\" alt=\"\" width=\"300\" height=\"169\" srcset=\"https:\/\/www.ajecta.fr\/wp-content\/uploads\/2017\/05\/Red_2017_Juil_18_CollierRouge_image1-300x169.jpg 300w, https:\/\/www.ajecta.fr\/wp-content\/uploads\/2017\/05\/Red_2017_Juil_18_CollierRouge_image1-1024x576.jpg 1024w, https:\/\/www.ajecta.fr\/wp-content\/uploads\/2017\/05\/Red_2017_Juil_18_CollierRouge_image1.jpg 1372w\" sizes=\"auto, (max-width: 300px) 100vw, 300px\" \/><\/p>\n<p><img loading=\"lazy\" decoding=\"async\" class=\"alignnone wp-image-1245 size-medium\" src=\"https:\/\/www.ajecta.fr\/wp-content\/uploads\/2017\/05\/Red_2017_Juil_18_CollierRouge_image3-e1500452192343-300x175.jpg\" alt=\"\" width=\"300\" height=\"175\" srcset=\"https:\/\/www.ajecta.fr\/wp-content\/uploads\/2017\/05\/Red_2017_Juil_18_CollierRouge_image3-e1500452192343-300x175.jpg 300w, https:\/\/www.ajecta.fr\/wp-content\/uploads\/2017\/05\/Red_2017_Juil_18_CollierRouge_image3-e1500452192343-1024x596.jpg 1024w, https:\/\/www.ajecta.fr\/wp-content\/uploads\/2017\/05\/Red_2017_Juil_18_CollierRouge_image3-e1500452192343-768x447.jpg 768w, https:\/\/www.ajecta.fr\/wp-content\/uploads\/2017\/05\/Red_2017_Juil_18_CollierRouge_image3-e1500452192343-150x87.jpg 150w, https:\/\/www.ajecta.fr\/wp-content\/uploads\/2017\/05\/Red_2017_Juil_18_CollierRouge_image3-e1500452192343.jpg 1303w\" sizes=\"auto, (max-width: 300px) 100vw, 300px\" \/> <img loading=\"lazy\" decoding=\"async\" class=\"alignnone wp-image-1246 size-medium\" src=\"https:\/\/www.ajecta.fr\/wp-content\/uploads\/2017\/05\/Red_2017_Juil_18_CollierRouge_image2b-e1500452317701-300x175.jpg\" alt=\"\" width=\"300\" height=\"175\" srcset=\"https:\/\/www.ajecta.fr\/wp-content\/uploads\/2017\/05\/Red_2017_Juil_18_CollierRouge_image2b-e1500452317701-300x175.jpg 300w, https:\/\/www.ajecta.fr\/wp-content\/uploads\/2017\/05\/Red_2017_Juil_18_CollierRouge_image2b-e1500452317701-1024x596.jpg 1024w, https:\/\/www.ajecta.fr\/wp-content\/uploads\/2017\/05\/Red_2017_Juil_18_CollierRouge_image2b-e1500452317701-768x447.jpg 768w, https:\/\/www.ajecta.fr\/wp-content\/uploads\/2017\/05\/Red_2017_Juil_18_CollierRouge_image2b-e1500452317701-150x87.jpg 150w, https:\/\/www.ajecta.fr\/wp-content\/uploads\/2017\/05\/Red_2017_Juil_18_CollierRouge_image2b-e1500452317701.jpg 1233w\" sizes=\"auto, (max-width: 300px) 100vw, 300px\" \/><\/p>\n<hr \/>\n<p>Il est possible de d\u00e9localiser nos machines vapeurs et\/ou nos voitures historiques dans des gares SNCF pour des tournages in situ.<\/p>\n<p><img loading=\"lazy\" decoding=\"async\" class=\"alignnone wp-image-1150\" src=\"https:\/\/www.ajecta.fr\/wp-content\/uploads\/2017\/05\/IMGP1262-1024x768.jpg\" alt=\"\" width=\"610\" height=\"457\" srcset=\"https:\/\/www.ajecta.fr\/wp-content\/uploads\/2017\/05\/IMGP1262-1024x768.jpg 1024w, https:\/\/www.ajecta.fr\/wp-content\/uploads\/2017\/05\/IMGP1262-300x225.jpg 300w, https:\/\/www.ajecta.fr\/wp-content\/uploads\/2017\/05\/IMGP1262.jpg 2048w\" sizes=\"auto, (max-width: 610px) 100vw, 610px\" \/><\/p>\n<h3><strong><span style=\"color: #ff0000;\">Nos principales contributions:<\/span><\/strong><\/h3>\n<p>.<\/p>\n<p>2021 <em>Achile : S&rsquo;en aller<\/em> : Clip officiel : <a href=\"https:\/\/youtu.be\/Gx5cATvfs9Y\">https:\/\/youtu.be\/Gx5cATvfs9Y<\/a><\/p>\n<p>2020 <i>Couleurs de l\u2019incendie<\/i>\u00a0de Clovis Cornillac avec Clovis Cornillac, Fanny Ardant,\u00a0Beno\u00eet Poelvoorde,\u00a0L\u00e9a Drucker et Olivier Gourmet.<\/p>\n<p>2018 <em>Le COLLIER ROUGE<\/em> de Jeain BECKER avec Fran\u00e7ois CLUZET, Nicolas DUVAUCHELLE et Sophie VERBEECK<\/p>\n<p>2013\u00a0<em>RESISTANCE<\/em> Mini s\u00e9rie TV de Dan Franck.<\/p>\n<p>2010 <em>TARO<\/em>\u00a0T\u00e9l\u00e9film pour NHK<\/p>\n<p>2010\u00a0<em>ADELE BLANC-SEC<\/em>\u00a0de Luc Besson avec Louise Bourgoin, Gilles Lellouche<\/p>\n<p>2008 <em>D\u2019UN PAS MESURE<\/em> de Pierre-Henry SALFATI<\/p>\n<p>2008 <i>L&rsquo;ABOLITION<\/i>\u00a0de Jean-Daniel Verhaeghe avec Charles Berling<\/p>\n<p>2008 <em>PARIS<\/em> 1919 de Paul COWAN<\/p>\n<p>2007 <em>LES FEMMES DE L\u2019OMBRE<\/em> de JP SALOME<\/p>\n<p>2007 Clip video \u00a0TOKIO HOTEL, 1000 Meere.\u00a0<a href=\"\/\/youtu.be\/TnUJ1vU0npI\">\/\/youtu.be\/TnUJ1vU0npI<\/a><\/p>\n<p>2007 <em>VOICI VENIR L\u2019ORAGE<\/em> de Nina CAMPANEZ<\/p>\n<p>2005 <em>LE GRAND CHARLES<\/em> de B. STORA<\/p>\n<p>2005 <em>LE CRI<\/em> de H. BASLE<\/p>\n<p>2004 <em>ALLONS PETITS ENFANTS<\/em> de Th ; BINISTI<\/p>\n<p>2004 <em>ARSENE LUPIN<\/em> de JP SALOME<\/p>\n<p>2003 <em>LA CHAMBRE DES OFFICIERS<\/em> de F. DUPEYRON<\/p>\n<p>2003 <em>UN LONG DIMANCHE DE FIANCAILLES<\/em> de J.P. JEUNET<\/p>\n<p>2002\u00a0<em>Alain SOUCHON &#8211; La vie ne vaut rien :\u00a0<a href=\"\/\/youtu.be\/dArB8G_Y1kM\">\/\/youtu.be\/dArB8G_Y1kM<\/a><\/em><\/p>\n<p>2002 <em>JEAN MOULIN<\/em> de Y. BOISSET<\/p>\n<p>2002 <em>LE MONO<\/em> de F. DUPEYRON<\/p>\n<p>2002 QUAI N\u00b01 \u2013 \u00e9pisode # 13 de P. GRIMBLAT et D. COHEN<\/p>\n<p>2002 <em>MONSIEUR BATIGNOLE<\/em> de G. JUGNOT<\/p>\n<p>2000 <em>LA BICYCLETTE BLEUE<\/em> de Th. BINISTI<\/p>\n<p>1991 <em>MAYRIG<\/em> de H. VERNEUIL<\/p>\n<p>1988 <em>MANGECLOUS<\/em> de M. MIZRAHI<\/p>\n<p>1987 <em>AU REVOIR LES ENFANTS<\/em> de L. MALLE<\/p>\n<p>1986 <em>UN METIER DE SEIGNEUR<\/em> de E. MOLINARO<\/p>\n<p>1985 <em>FORT SAGANNE<\/em> de A. CORNAU<\/p>\n<p>1984 <em>IL ETAIT UNE FOIS EN AMERIQUE<\/em> de S. LEONE<\/p>\n<p>1983 <em>EDITH ET MARCEL<\/em> de C. LELOUCH<\/p>\n<p>1977 BANLIEUE SUD EST, T\u00e9l\u00e9film de Gilles GRANGER.<\/p>\n<p>1975\u00a0<em>BONS BAISERS DE HONG KONG<\/em>\u00a0de Y. CHIFFRE<\/p>\n<p>1975 <em>LA COURSE A L\u2019ECHALOTTE<\/em> de C. ZIDI<\/p>\n<p>1975 <em>LES ROSES DE\u00a0MANARA, SFP pour TF1, R\u00e9alisation de Jean KERCHBRON avec\u00a0Jean-Claude DROUOT et\u00a0Jean-Roger CAUSSIMON.<\/em><\/p>\n<p>1974 <em>LES VIOLONS DU BAL<\/em> de M. DRACH<\/p>\n","protected":false},"excerpt":{"rendered":"<p>La gare de Villiers St Georges (77560, Seine&amp;Marne), ferm\u00e9e\u00a0au service voyageur, desservi par une voie unique \u00e0 trafic restreint depuis Provins, permet de reconstituer un d\u00e9cor ferroviaire sans les contraintes inh\u00e9rentes aux gares du r\u00e9seau ferr\u00e9 tout en permettant la mise en disposition de mat\u00e9riels ferroviaire et des \u00e9volutions en\u2026<\/p>\n<p class=\"continue-reading-button\"> <a class=\"continue-reading-link\" href=\"https:\/\/www.ajecta.fr\/?page_id=1123\">Continue reading<i class=\"crycon-right-dir\"><\/i><\/a><\/p>\n","protected":false},"author":1,"featured_media":0,"parent":0,"menu_order":0,"comment_status":"closed","ping_status":"closed","template":"","meta":{"footnotes":""},"class_list":["post-1123","page","type-page","status-publish","hentry"],"_links":{"self":[{"href":"https:\/\/www.ajecta.fr\/index.php?rest_route=\/wp\/v2\/pages\/1123","targetHints":{"allow":["GET"]}}],"collection":[{"href":"https:\/\/www.ajecta.fr\/index.php?rest_route=\/wp\/v2\/pages"}],"about":[{"href":"https:\/\/www.ajecta.fr\/index.php?rest_route=\/wp\/v2\/types\/page"}],"author":[{"embeddable":true,"href":"https:\/\/www.ajecta.fr\/index.php?rest_route=\/wp\/v2\/users\/1"}],"replies":[{"embeddable":true,"href":"https:\/\/www.ajecta.fr\/index.php?rest_route=%2Fwp%2Fv2%2Fcomments&post=1123"}],"version-history":[{"count":54,"href":"https:\/\/www.ajecta.fr\/index.php?rest_route=\/wp\/v2\/pages\/1123\/revisions"}],"predecessor-version":[{"id":4580,"href":"https:\/\/www.ajecta.fr\/index.php?rest_route=\/wp\/v2\/pages\/1123\/revisions\/4580"}],"wp:attachment":[{"href":"https:\/\/www.ajecta.fr\/index.php?rest_route=%2Fwp%2Fv2%2Fmedia&parent=1123"}],"curies":[{"name":"wp","href":"https:\/\/api.w.org\/{rel}","templated":true}]}}