{"id":1080,"date":"2017-05-11T13:48:03","date_gmt":"2017-05-11T12:48:03","guid":{"rendered":"http:\/\/www.ajecta.fr\/?page_id=1080"},"modified":"2017-05-12T08:57:07","modified_gmt":"2017-05-12T07:57:07","slug":"prestations-repas","status":"publish","type":"page","link":"https:\/\/www.ajecta.fr\/?page_id=1080","title":{"rendered":"Prestations Repas"},"content":{"rendered":"<p>Nous pouvons vous proposer deux cadres uniques pour des prestations D\u00eener ou D\u00e9jeuner :<\/p>\n<p>Soit la Voiture Restaurant 42 places (avec cuisine int\u00e9gr\u00e9e)<\/p>\n<p><img loading=\"lazy\" decoding=\"async\" class=\"wp-image-1084 alignnone\" src=\"https:\/\/www.ajecta.fr\/wp-content\/uploads\/2017\/05\/PE0107_VR.jpg\" alt=\"\" width=\"578\" height=\"132\" srcset=\"https:\/\/www.ajecta.fr\/wp-content\/uploads\/2017\/05\/PE0107_VR.jpg 517w, https:\/\/www.ajecta.fr\/wp-content\/uploads\/2017\/05\/PE0107_VR-300x68.jpg 300w\" sizes=\"auto, (max-width: 578px) 100vw, 578px\" \/><\/p>\n<p><img loading=\"lazy\" decoding=\"async\" class=\"alignnone wp-image-880 size-medium\" src=\"https:\/\/www.ajecta.fr\/wp-content\/uploads\/2017\/02\/DSC_0044-300x184.jpg\" alt=\"\" width=\"300\" height=\"184\" srcset=\"https:\/\/www.ajecta.fr\/wp-content\/uploads\/2017\/02\/DSC_0044-300x184.jpg 300w, https:\/\/www.ajecta.fr\/wp-content\/uploads\/2017\/02\/DSC_0044-1024x627.jpg 1024w, https:\/\/www.ajecta.fr\/wp-content\/uploads\/2017\/02\/DSC_0044.jpg 1123w\" sizes=\"auto, (max-width: 300px) 100vw, 300px\" \/> <img loading=\"lazy\" decoding=\"async\" class=\"alignnone wp-image-1078 \" src=\"https:\/\/www.ajecta.fr\/wp-content\/uploads\/2017\/05\/IMG_1395-300x200.jpg\" alt=\"\" width=\"278\" height=\"185\" srcset=\"https:\/\/www.ajecta.fr\/wp-content\/uploads\/2017\/05\/IMG_1395-300x200.jpg 300w, https:\/\/www.ajecta.fr\/wp-content\/uploads\/2017\/05\/IMG_1395-1024x683.jpg 1024w, https:\/\/www.ajecta.fr\/wp-content\/uploads\/2017\/05\/IMG_1395.jpg 1152w\" sizes=\"auto, (max-width: 278px) 100vw, 278px\" \/> <img loading=\"lazy\" decoding=\"async\" class=\"alignnone wp-image-1079 size-medium\" src=\"https:\/\/www.ajecta.fr\/wp-content\/uploads\/2017\/05\/IMG_1392-200x300.jpg\" alt=\"\" width=\"200\" height=\"300\" srcset=\"https:\/\/www.ajecta.fr\/wp-content\/uploads\/2017\/05\/IMG_1392-200x300.jpg 200w, https:\/\/www.ajecta.fr\/wp-content\/uploads\/2017\/05\/IMG_1392-683x1024.jpg 683w, https:\/\/www.ajecta.fr\/wp-content\/uploads\/2017\/05\/IMG_1392.jpg 768w\" sizes=\"auto, (max-width: 200px) 100vw, 200px\" \/><\/p>\n<p>La voiture restaurant peut, aussi, \u00eatre mise en configuration buffet.<\/p>\n<p>Soit en voiture Pullman (28 places) :<\/p>\n<p><img loading=\"lazy\" decoding=\"async\" class=\"alignnone wp-image-1086\" src=\"https:\/\/www.ajecta.fr\/wp-content\/uploads\/2017\/05\/PE017-525x131.jpg\" alt=\"\" width=\"601\" height=\"150\" srcset=\"https:\/\/www.ajecta.fr\/wp-content\/uploads\/2017\/05\/PE017.jpg 525w, https:\/\/www.ajecta.fr\/wp-content\/uploads\/2017\/05\/PE017-300x75.jpg 300w\" sizes=\"auto, (max-width: 601px) 100vw, 601px\" \/><\/p>\n<p><img loading=\"lazy\" decoding=\"async\" class=\"alignnone wp-image-878 size-medium\" src=\"https:\/\/www.ajecta.fr\/wp-content\/uploads\/2017\/02\/DSC_0007-300x183.jpg\" alt=\"\" width=\"300\" height=\"183\" srcset=\"https:\/\/www.ajecta.fr\/wp-content\/uploads\/2017\/02\/DSC_0007-300x183.jpg 300w, https:\/\/www.ajecta.fr\/wp-content\/uploads\/2017\/02\/DSC_0007-1024x625.jpg 1024w, https:\/\/www.ajecta.fr\/wp-content\/uploads\/2017\/02\/DSC_0007.jpg 1126w\" sizes=\"auto, (max-width: 300px) 100vw, 300px\" \/> <img loading=\"lazy\" decoding=\"async\" class=\"alignnone wp-image-884 size-medium\" src=\"https:\/\/www.ajecta.fr\/wp-content\/uploads\/2017\/02\/DSC_0079-300x183.jpg\" alt=\"\" width=\"300\" height=\"183\" srcset=\"https:\/\/www.ajecta.fr\/wp-content\/uploads\/2017\/02\/DSC_0079-300x183.jpg 300w, https:\/\/www.ajecta.fr\/wp-content\/uploads\/2017\/02\/DSC_0079-1024x625.jpg 1024w, https:\/\/www.ajecta.fr\/wp-content\/uploads\/2017\/02\/DSC_0079.jpg 1129w\" sizes=\"auto, (max-width: 300px) 100vw, 300px\" \/> <img loading=\"lazy\" decoding=\"async\" class=\"alignnone wp-image-886 size-medium\" src=\"https:\/\/www.ajecta.fr\/wp-content\/uploads\/2017\/02\/IMG_1415-200x300.jpg\" alt=\"\" width=\"200\" height=\"300\" srcset=\"https:\/\/www.ajecta.fr\/wp-content\/uploads\/2017\/02\/IMG_1415-200x300.jpg 200w, https:\/\/www.ajecta.fr\/wp-content\/uploads\/2017\/02\/IMG_1415-683x1024.jpg 683w, https:\/\/www.ajecta.fr\/wp-content\/uploads\/2017\/02\/IMG_1415.jpg 768w\" sizes=\"auto, (max-width: 200px) 100vw, 200px\" \/><\/p>\n<p>Mise \u00e0 disposition, avec ou sans traiteur, fonction des disponibilit\u00e9s des voitures.<\/p>\n","protected":false},"excerpt":{"rendered":"<p>Nous pouvons vous proposer deux cadres uniques pour des prestations D\u00eener ou D\u00e9jeuner : Soit la Voiture Restaurant 42 places (avec cuisine int\u00e9gr\u00e9e) La voiture restaurant peut, aussi, \u00eatre mise en configuration buffet. Soit en voiture Pullman (28 places) : Mise \u00e0 disposition, avec ou sans traiteur, fonction des disponibilit\u00e9s\u2026<\/p>\n<p class=\"continue-reading-button\"> <a class=\"continue-reading-link\" href=\"https:\/\/www.ajecta.fr\/?page_id=1080\">Continue reading<i class=\"crycon-right-dir\"><\/i><\/a><\/p>\n","protected":false},"author":1,"featured_media":0,"parent":0,"menu_order":0,"comment_status":"closed","ping_status":"closed","template":"","meta":{"footnotes":""},"class_list":["post-1080","page","type-page","status-publish","hentry"],"_links":{"self":[{"href":"https:\/\/www.ajecta.fr\/index.php?rest_route=\/wp\/v2\/pages\/1080","targetHints":{"allow":["GET"]}}],"collection":[{"href":"https:\/\/www.ajecta.fr\/index.php?rest_route=\/wp\/v2\/pages"}],"about":[{"href":"https:\/\/www.ajecta.fr\/index.php?rest_route=\/wp\/v2\/types\/page"}],"author":[{"embeddable":true,"href":"https:\/\/www.ajecta.fr\/index.php?rest_route=\/wp\/v2\/users\/1"}],"replies":[{"embeddable":true,"href":"https:\/\/www.ajecta.fr\/index.php?rest_route=%2Fwp%2Fv2%2Fcomments&post=1080"}],"version-history":[{"count":27,"href":"https:\/\/www.ajecta.fr\/index.php?rest_route=\/wp\/v2\/pages\/1080\/revisions"}],"predecessor-version":[{"id":6401,"href":"https:\/\/www.ajecta.fr\/index.php?rest_route=\/wp\/v2\/pages\/1080\/revisions\/6401"}],"wp:attachment":[{"href":"https:\/\/www.ajecta.fr\/index.php?rest_route=%2Fwp%2Fv2%2Fmedia&parent=1080"}],"curies":[{"name":"wp","href":"https:\/\/api.w.org\/{rel}","templated":true}]}}