{"id":1071,"date":"2017-05-11T12:51:53","date_gmt":"2017-05-11T11:51:53","guid":{"rendered":"http:\/\/www.ajecta.fr\/?page_id=1071"},"modified":"2019-09-04T12:06:42","modified_gmt":"2019-09-04T11:06:42","slug":"seminaires","status":"publish","type":"page","link":"https:\/\/www.ajecta.fr\/?page_id=1071","title":{"rendered":"S\u00e9minaires"},"content":{"rendered":"<div id=\"wrapper\" class=\"hfeed\">\n<div id=\"main\" class=\"main\">\n<div id=\"forbottom\">\n<section id=\"container\" class=\"one-column\">\n<div id=\"content\">\n<div id=\"post-990\" class=\"post-990 page type-page status-publish hentry\">\n<div class=\"entry-content\">\n<p>S\u00e9minaires, sous la rotonde au sein du mus\u00e9e en p\u00e9riode estivale<\/p>\n<p>ou\u00a0dans nos voitures historiques (nombre de places limit\u00e9es) en p\u00e9riode hivernale.<\/p>\n<p><img loading=\"lazy\" decoding=\"async\" class=\"alignnone size-large wp-image-1045\" src=\"https:\/\/www.ajecta.fr\/wp-content\/uploads\/2017\/05\/DSC_1671-Copie-1024x681.jpg\" alt=\"\" width=\"1024\" height=\"681\" srcset=\"https:\/\/www.ajecta.fr\/wp-content\/uploads\/2017\/05\/DSC_1671-Copie-1024x681.jpg 1024w, https:\/\/www.ajecta.fr\/wp-content\/uploads\/2017\/05\/DSC_1671-Copie-300x199.jpg 300w, https:\/\/www.ajecta.fr\/wp-content\/uploads\/2017\/05\/DSC_1671-Copie.jpg 1173w\" sizes=\"auto, (max-width: 1024px) 100vw, 1024px\" \/><\/p>\n<p>ou, aussi, plus classique, dans notre salle de formation\/r\u00e9union.<\/p>\n<p><img loading=\"lazy\" decoding=\"async\" class=\"alignnone size-large wp-image-3329\" src=\"https:\/\/www.ajecta.fr\/wp-content\/uploads\/2019\/09\/image1-1024x683.jpeg\" alt=\"\" width=\"1024\" height=\"683\" srcset=\"https:\/\/www.ajecta.fr\/wp-content\/uploads\/2019\/09\/image1-1024x683.jpeg 1024w, https:\/\/www.ajecta.fr\/wp-content\/uploads\/2019\/09\/image1-300x200.jpeg 300w, https:\/\/www.ajecta.fr\/wp-content\/uploads\/2019\/09\/image1.jpeg 1152w\" sizes=\"auto, (max-width: 1024px) 100vw, 1024px\" \/><\/p>\n<\/div>\n<\/div>\n<\/div>\n<\/section>\n<\/div>\n<\/div>\n<\/div>\n","protected":false},"excerpt":{"rendered":"<p>S\u00e9minaires, sous la rotonde au sein du mus\u00e9e en p\u00e9riode estivale ou\u00a0dans nos voitures historiques (nombre de places limit\u00e9es) en p\u00e9riode hivernale. ou, aussi, plus classique, dans notre salle de formation\/r\u00e9union.<\/p>\n<p class=\"continue-reading-button\"> <a class=\"continue-reading-link\" href=\"https:\/\/www.ajecta.fr\/?page_id=1071\">Continue reading<i class=\"crycon-right-dir\"><\/i><\/a><\/p>\n","protected":false},"author":1,"featured_media":0,"parent":0,"menu_order":0,"comment_status":"closed","ping_status":"closed","template":"","meta":{"footnotes":""},"class_list":["post-1071","page","type-page","status-publish","hentry"],"_links":{"self":[{"href":"https:\/\/www.ajecta.fr\/index.php?rest_route=\/wp\/v2\/pages\/1071","targetHints":{"allow":["GET"]}}],"collection":[{"href":"https:\/\/www.ajecta.fr\/index.php?rest_route=\/wp\/v2\/pages"}],"about":[{"href":"https:\/\/www.ajecta.fr\/index.php?rest_route=\/wp\/v2\/types\/page"}],"author":[{"embeddable":true,"href":"https:\/\/www.ajecta.fr\/index.php?rest_route=\/wp\/v2\/users\/1"}],"replies":[{"embeddable":true,"href":"https:\/\/www.ajecta.fr\/index.php?rest_route=%2Fwp%2Fv2%2Fcomments&post=1071"}],"version-history":[{"count":2,"href":"https:\/\/www.ajecta.fr\/index.php?rest_route=\/wp\/v2\/pages\/1071\/revisions"}],"predecessor-version":[{"id":3330,"href":"https:\/\/www.ajecta.fr\/index.php?rest_route=\/wp\/v2\/pages\/1071\/revisions\/3330"}],"wp:attachment":[{"href":"https:\/\/www.ajecta.fr\/index.php?rest_route=%2Fwp%2Fv2%2Fmedia&parent=1071"}],"curies":[{"name":"wp","href":"https:\/\/api.w.org\/{rel}","templated":true}]}}